{"id":1524,"date":"2014-07-16T15:30:48","date_gmt":"2014-07-08T15:25:56","guid":{"rendered":"http:\/\/optimainsurancegroup.crmtest.be\/assurmifid-2\/"},"modified":"2015-06-10T10:36:57","modified_gmt":"2015-06-10T09:36:57","slug":"assurmifid","status":"publish","type":"page","link":"https:\/\/optimuminsurancegroup.be\/fr\/assurmifid\/","title":{"rendered":"AssurMiFID"},"content":{"rendered":"<p>Notre bureau est tenu de respecter la \u201cAssurMiFID-conduite\u201d et vous fait part dans ce cadre des informations suivantes:<\/p>\n<h2>1. Produits et services offerts<\/h2>\n<h3>1.1 Informations sur le concept de l\u2019interm\u00e9diation en assurance<\/h3>\n<p>\u201cNotre bureau offre des services d\u2019interm\u00e9diation en assurances. Ces services consistent \u00e0 fournir des conseils sur des contrats d\u2019assurances, \u00e0 pr\u00e9senter ou \u00e0 proposer des contrats d\u2019assurances ou \u00e0 r\u00e9aliser d\u2019autres travaux pr\u00e9paratoires \u00e0 leur conclusion ou \u00e0 les conclure, ou \u00e0 contribuer \u00e0 leur gestion et \u00e0 leur ex\u00e9cution. Notre bureau exerce ses activit\u00e9s dans les branches suivantes\u201d.<\/p>\n<h3>1.2. Nombre de branches et des titres<\/h3>\n<p>1: Accidents;<\/p>\n<p>2: Maladie;<\/p>\n<p>3: Corps de v\u00e9hicules terrestres, autres que ferroviaires;<\/p>\n<p>5: Corps de v\u00e9hicules a\u00e9riens;<\/p>\n<p>6: Corps de navires et bateaux;<\/p>\n<p>7: Marchandises transport\u00e9es, y compris les marchandises, bagages et tous autres biens;<\/p>\n<p>8: Incendie et \u00e9l\u00e9ments naturels;<\/p>\n<p>9: Autres dommages aux biens;<\/p>\n<p>10: R.C. Moteur;<\/p>\n<p>11: R.C. v\u00e9hicules a\u00e9riens;<\/p>\n<p>12: R.C. navires et bateaux;<\/p>\n<p>13: R.C. g\u00e9n\u00e9rale;<\/p>\n<p>14: Cr\u00e9dit;<\/p>\n<p>15: Caution;<\/p>\n<p>16: Diverses pertes p\u00e9nuciaires;<\/p>\n<p>17: Aide judiciaire;<\/p>\n<p>18: Assistance;<\/p>\n<p>21: Assurance-vie \u2013 pas li\u00e9es \u00e0 des fonds d\u2019investissement, \u00e0 l\u2019exception de l\u2019assurance dot et de l\u2019assurance de naissance;<\/p>\n<p>22: Des assurances dot et des assurances de naissance, pas li\u00e9es \u00e0 des fonds d\u2019investissement;<\/p>\n<p>23: Des assurances-vie, des assurances dot et des assurances de naissance li\u00e9es \u00e0 des fonds d\u2019investissement;<\/p>\n<p>26: Activit\u00e9s de capitalisation;<\/p>\n<p>27: Gestion des fonds de retraite collectifs.<\/p>\n<p>28: Les op\u00e9rations telles que vis\u00e9es par le Code fran\u00e7ais des assurances au livre IV, titre 4, chapitre Ier.<\/p>\n<p>29: Les op\u00e9rations d\u00e9pendant de la dur\u00e9e de la vie humaine, d\u00e9finies ou pr\u00e9vues par la l\u00e9gislation des assurances sociales, lorsqu&rsquo;elles sont pratiqu\u00e9es ou g\u00e9r\u00e9es en conformit\u00e9 avec la l\u00e9gislation d&rsquo;un Etat membre par des entreprises d&rsquo;assurances et \u00e0 leur propre risque.<\/p>\n<h3>1.3 CONDITIONS GENERALES<\/h3>\n<p><a href=\"http:\/\/materneverzekeringsgroep.be\/fr\/documentcenter\/\">Voir rubrique documents<\/a><\/p>\n<h2>2 POLITIQUE EN MATIERE DE CONFLITS D\u2019INTER\u00caTS<\/h2>\n<h3>2.1. CADRE GENERAL<\/h3>\n<p>Notre bureau a comme priorit\u00e9 premi\u00e8re la volont\u00e9 d\u2019agir d&rsquo;une mani\u00e8re honn\u00eate, \u00e9quitable et professionnelle qui sert au mieux les int\u00e9r\u00eats de ses clients. Dans ce cadre et conform\u00e9ment \u00e0 la l\u00e9gislation, notre bureau a pris des mesures ad\u00e9quates destin\u00e9es \u00e0 identifier, pr\u00e9venir et g\u00e9rer les conflits d\u2019int\u00e9r\u00eats pouvant intervenir dans le cadre de ses activit\u00e9s. Tenant compte de ce qui pr\u00e9c\u00e8de et des caract\u00e9ristiques de nos activit\u00e9s, notre bureau a \u00e9labor\u00e9 une politique de gestion en mati\u00e8re de conflits d\u2019int\u00e9r\u00eats dont le pr\u00e9sent document est un r\u00e9sum\u00e9. Sur demande, vous pouvez obtenir un compl\u00e9ment d\u2019information qui vous sera fourni sur un support durable.<\/p>\n<h3>2.2. IDENTIFICATION DES CAS DE CONFLITS D\u2019INTER\u00caTS POTENTIELS<\/h3>\n<p>Des conflits d\u2019int\u00e9r\u00eats peuvent intervenir entre :<\/p>\n<ul>\n<li>notre bureau (en ce compris toute personne qui lui est li\u00e9e comme par exemple notamment les administrateurs, les g\u00e9rants, les personnes qui exercent un contr\u00f4le sur l\u2019entreprise, les salari\u00e9s impliqu\u00e9s dans la prestation de services d\u2019interm\u00e9diation en assurances et les sous-agents \u2013 ci-apr\u00e8s \u201cles personnes li\u00e9es) et les clients,<\/li>\n<li>les clients entre eux.<\/li>\n<\/ul>\n<ul>\n<li>Situation dans laquelle un gain financier peut \u00eatre r\u00e9alis\u00e9 ou une perte financi\u00e8re \u00e9vit\u00e9e aux d\u00e9pens du client,<\/li>\n<li>Notre bureau a un int\u00e9r\u00eat dans le r\u00e9sultat d\u2019un service d\u2019interm\u00e9diation en assurances ou d\u2019une transaction r\u00e9alis\u00e9e qui est diff\u00e9rent de l\u2019int\u00e9r\u00eat du client,<\/li>\n<li>Notre bureau est incit\u00e9, pour des raisons financi\u00e8res ou autres, \u00e0 privil\u00e9gier les int\u00e9r\u00eats d\u2019un autre client ou groupe de clients par rapport \u00e0 ceux du client concern\u00e9,<\/li>\n<li>Notre bureau a la m\u00eame activit\u00e9 professionnelle que le client,<\/li>\n<li>Notre bureau re\u00e7oit d\u2019une personne autre que le client un avantage en relation avec le service d\u2019interm\u00e9diation en assurances fourni au client, sous la forme d\u2019argent, de biens ou de services, autre que la commission ou les frais normalement pratiqu\u00e9s pour ce service.<\/li>\n<\/ul>\n<h3>2.3. POLITIQUE DE GESTION EN MATIERE DE CONFLITS D\u2019INTER\u00caTS<\/h3>\n<p>Notre bureau a mis en place toute une s\u00e9rie de mesures afin de g\u00e9rer les conflits d\u2019int\u00e9r\u00eats qui pourraient se poser. Ces mesures sont notamment les suivantes :<\/p>\n<ul>\n<li>le respect par le personnel et toute autre personne li\u00e9e au bureau d\u2019une note d\u2019instruction interne reprenant les principes et les mesures \u00e0 respecter dans le cadre de la gestion des conflits d\u2019int\u00e9r\u00eats,<\/li>\n<li>une politique adapt\u00e9e en mati\u00e8re de r\u00e9mun\u00e9ration du personnel et de toute autre personne li\u00e9e au bureau,<\/li>\n<li>une politique en mati\u00e8re de cadeaux ou autres avantages,<\/li>\n<li>des mesures organisationnelles qui garantissent le caract\u00e8re confidentiel des donn\u00e9es communiqu\u00e9es par les clients,<\/li>\n<li>des mesures organisationnelles en mati\u00e8re de gestion s\u00e9par\u00e9e lorsque cela s\u2019av\u00e8re n\u00e9cessaire,<\/li>\n<li>une politique en mati\u00e8re de conseil d\u2019arbitrage,<\/li>\n<li>une politique suivant laquelle si un conflit d\u2019int\u00e9r\u00eat sp\u00e9cifique ne peut \u00eatre r\u00e9solu, notre bureau se r\u00e9serve le droit de refuser la demande du client concern\u00e9 et ce, dans le seul but de prot\u00e9ger ses int\u00e9r\u00eats.<\/li>\n<\/ul>\n<h3>2.4. INFORMATION AU CLIENT<\/h3>\n<p>Lorsque les dispositions organisationnelles ou administratives prises par notre bureau pour g\u00e9rer les conflits d\u2019int\u00e9r\u00eats ne suffisent pas \u00e0 garantir, avec une certitude raisonnable, que le risque de porter atteinte aux int\u00e9r\u00eats du client sera \u00e9vit\u00e9, notre bureau informera ceux-ci par \u00e9crit ou sur tout autre support durable, avant d\u2019agir en leur nom, de la nature g\u00e9n\u00e9rale et\/ou de la source de ces conflits d\u2019int\u00e9r\u00eats. Le choix final du suivi r\u00e9serv\u00e9 \u00e0 la situation qui est \u00e0 la base du conflit d\u2019int\u00e9r\u00eat concern\u00e9 appartient au client. Si un conflit d\u2019int\u00e9r\u00eat sp\u00e9cifique ne peut \u00eatre r\u00e9solu, notre bureau se r\u00e9serve le droit de refuser la demande du client concern\u00e9 et ce, dans le seul but de prot\u00e9ger ses int\u00e9r\u00eats.<\/p>\n<h2>3. Compensation<\/h2>\n<p>Pour les services d\u2019interm\u00e9diation en assurances prest\u00e9s, notre bureau est r\u00e9mun\u00e9r\u00e9 sous la forme de commissions. Notre bureau peut en outre percevoir une r\u00e9mun\u00e9ration li\u00e9e au portefeuille d\u2019assurances aupr\u00e8s d\u2019une entreprise d\u2019assurances d\u00e9termin\u00e9e ou aux t\u00e2ches effectu\u00e9es pour son compte par notre bureau. Notre bureau est inscrit dans la cat\u00e9gorie des courtiers d\u2019assurances dans le registre des interm\u00e9diaires d\u2019assurances tenu par la FSMA dont le si\u00e8ge est situ\u00e9 Rue du Congr\u00e8s 12-14 \u00e0 1000 Bruxelles et qui consultable sur le site\u00a0<a href=\"http:\/\/www.fsma.be\/\">www.fsma.be<\/a>. Notre bureau fait de son mieux pour vous satisfaire. En cas de probl\u00e8me ou de question, nous nous tenons \u00e0 votre disposition. Si vous avez une plainte concernant notre prestation de service que nous n\u2019avons pas pu r\u00e9gler ensemble, vous pouvez contacter le Service Ombudsman Assurances dont le si\u00e8ge est situ\u00e9 Square de Mee\u00fbs 35 \u00e0 1000 Bruxelles &#8211; T\u00e9l. 02\/547.58.71 &#8211; Fax. 02\/547.59.75 &#8211;\u00a0<a href=\"mailto:as@ombudsman.as\">info@ombudsman.as<\/a>\u00a0&#8211;\u00a0<a href=\"http:\/\/www.ombudsman.as\/\" target=\"_blank\">www.ombudsman.as<\/a>.<\/p>\n<p><em>* Loi du 30 Juillet 2013 au renforcement de la protection des consommateurs de produits et services financiers ainsi que les pouvoirs de la FSMA et diverses dispositions financi\u00e8res et l&rsquo;arr\u00eat\u00e9 royal du 21 F\u00e9vrier, 2014 concernant les modalit\u00e9s d&rsquo;application des articles 27 \u00e0 28 bis de la loi du 2 Ao\u00fbt 2002 relative \u00e0 la surveillance du secteur financier et aux services financiers dans l&rsquo;assurance et le d\u00e9cret royal du 21 F\u00e9vrier, 2014 relatif au code de conduite \u00e9tabli par la loi et les r\u00e8glements sur la gestion des conflits d&rsquo;int\u00e9r\u00eats concernant le secteur<\/em> de l&rsquo;assurance.<\/p>\n","protected":false},"excerpt":{"rendered":"<p>Notre bureau est tenu de respecter la \u201cAssurMiFID-conduite\u201d et vous fait part dans ce cadre des informations suivantes: 1. Produits et services offerts 1.1 Informations sur le concept de l\u2019interm\u00e9diation en assurance \u201cNotre bureau offre des services d\u2019interm\u00e9diation en assurances. Ces services consistent \u00e0 fournir des conseils sur des contrats d\u2019assurances, \u00e0 pr\u00e9senter ou \u00e0 [&hellip;]<\/p>\n","protected":false},"author":1,"featured_media":0,"parent":0,"menu_order":0,"comment_status":"closed","ping_status":"closed","template":"","meta":{"footnotes":""},"class_list":["post-1524","page","type-page","status-publish","hentry"],"yoast_head":"<!-- This site is optimized with the Yoast SEO plugin v21.8 - https:\/\/yoast.com\/wordpress\/plugins\/seo\/ -->\n<title>AssurMiFID - Optimum insurance group<\/title>\n<meta name=\"description\" content=\"Optimum Insurance biedt verzekeringen en financi\u00eble producten op maat aan voor particulieren en professionelen.\" \/>\n<meta name=\"robots\" content=\"index, follow, max-snippet:-1, max-image-preview:large, max-video-preview:-1\" \/>\n<link rel=\"canonical\" href=\"https:\/\/optimuminsurancegroup.be\/fr\/assurmifid\/\" \/>\n<meta property=\"og:locale\" content=\"fr_FR\" \/>\n<meta property=\"og:type\" content=\"article\" \/>\n<meta property=\"og:title\" content=\"AssurMiFID - Optimum insurance group\" \/>\n<meta property=\"og:description\" content=\"Optimum Insurance biedt verzekeringen en financi\u00eble producten op maat aan voor particulieren en professionelen.\" \/>\n<meta property=\"og:url\" content=\"https:\/\/optimuminsurancegroup.be\/fr\/assurmifid\/\" \/>\n<meta property=\"og:site_name\" content=\"Optimum insurance group\" \/>\n<meta property=\"article:modified_time\" content=\"2015-06-10T09:36:57+00:00\" \/>\n<meta name=\"twitter:label1\" content=\"Est. reading time\" \/>\n\t<meta name=\"twitter:data1\" content=\"6 minutes\" \/>\n<script type=\"application\/ld+json\" class=\"yoast-schema-graph\">{\"@context\":\"https:\/\/schema.org\",\"@graph\":[{\"@type\":\"WebPage\",\"@id\":\"https:\/\/optimuminsurancegroup.be\/fr\/assurmifid\/\",\"url\":\"https:\/\/optimuminsurancegroup.be\/fr\/assurmifid\/\",\"name\":\"AssurMiFID - Optimum insurance group\",\"isPartOf\":{\"@id\":\"https:\/\/optimuminsurancegroup.be\/nl\/#website\"},\"datePublished\":\"2014-07-08T15:25:56+00:00\",\"dateModified\":\"2015-06-10T09:36:57+00:00\",\"description\":\"Optimum Insurance biedt verzekeringen en financi\u00eble producten op maat aan voor particulieren en professionelen.\",\"breadcrumb\":{\"@id\":\"https:\/\/optimuminsurancegroup.be\/fr\/assurmifid\/#breadcrumb\"},\"inLanguage\":\"fr-FR\",\"potentialAction\":[{\"@type\":\"ReadAction\",\"target\":[\"https:\/\/optimuminsurancegroup.be\/fr\/assurmifid\/\"]}]},{\"@type\":\"BreadcrumbList\",\"@id\":\"https:\/\/optimuminsurancegroup.be\/fr\/assurmifid\/#breadcrumb\",\"itemListElement\":[{\"@type\":\"ListItem\",\"position\":1,\"name\":\"Home\",\"item\":\"https:\/\/optimuminsurancegroup.be\/fr\/\"},{\"@type\":\"ListItem\",\"position\":2,\"name\":\"AssurMiFID\"}]},{\"@type\":\"WebSite\",\"@id\":\"https:\/\/optimuminsurancegroup.be\/nl\/#website\",\"url\":\"https:\/\/optimuminsurancegroup.be\/nl\/\",\"name\":\"Optimum insurance group\",\"description\":\"Toutes les assurances \u00e0 un prix correct!\",\"potentialAction\":[{\"@type\":\"SearchAction\",\"target\":{\"@type\":\"EntryPoint\",\"urlTemplate\":\"https:\/\/optimuminsurancegroup.be\/nl\/?s={search_term_string}\"},\"query-input\":\"required name=search_term_string\"}],\"inLanguage\":\"fr-FR\"}]}<\/script>\n<!-- \/ Yoast SEO plugin. -->","yoast_head_json":{"title":"AssurMiFID - Optimum insurance group","description":"Optimum Insurance biedt verzekeringen en financi\u00eble producten op maat aan voor particulieren en professionelen.","robots":{"index":"index","follow":"follow","max-snippet":"max-snippet:-1","max-image-preview":"max-image-preview:large","max-video-preview":"max-video-preview:-1"},"canonical":"https:\/\/optimuminsurancegroup.be\/fr\/assurmifid\/","og_locale":"fr_FR","og_type":"article","og_title":"AssurMiFID - Optimum insurance group","og_description":"Optimum Insurance biedt verzekeringen en financi\u00eble producten op maat aan voor particulieren en professionelen.","og_url":"https:\/\/optimuminsurancegroup.be\/fr\/assurmifid\/","og_site_name":"Optimum insurance group","article_modified_time":"2015-06-10T09:36:57+00:00","twitter_misc":{"Est. reading time":"6 minutes"},"schema":{"@context":"https:\/\/schema.org","@graph":[{"@type":"WebPage","@id":"https:\/\/optimuminsurancegroup.be\/fr\/assurmifid\/","url":"https:\/\/optimuminsurancegroup.be\/fr\/assurmifid\/","name":"AssurMiFID - Optimum insurance group","isPartOf":{"@id":"https:\/\/optimuminsurancegroup.be\/nl\/#website"},"datePublished":"2014-07-08T15:25:56+00:00","dateModified":"2015-06-10T09:36:57+00:00","description":"Optimum Insurance biedt verzekeringen en financi\u00eble producten op maat aan voor particulieren en professionelen.","breadcrumb":{"@id":"https:\/\/optimuminsurancegroup.be\/fr\/assurmifid\/#breadcrumb"},"inLanguage":"fr-FR","potentialAction":[{"@type":"ReadAction","target":["https:\/\/optimuminsurancegroup.be\/fr\/assurmifid\/"]}]},{"@type":"BreadcrumbList","@id":"https:\/\/optimuminsurancegroup.be\/fr\/assurmifid\/#breadcrumb","itemListElement":[{"@type":"ListItem","position":1,"name":"Home","item":"https:\/\/optimuminsurancegroup.be\/fr\/"},{"@type":"ListItem","position":2,"name":"AssurMiFID"}]},{"@type":"WebSite","@id":"https:\/\/optimuminsurancegroup.be\/nl\/#website","url":"https:\/\/optimuminsurancegroup.be\/nl\/","name":"Optimum insurance group","description":"Toutes les assurances \u00e0 un prix correct!","potentialAction":[{"@type":"SearchAction","target":{"@type":"EntryPoint","urlTemplate":"https:\/\/optimuminsurancegroup.be\/nl\/?s={search_term_string}"},"query-input":"required name=search_term_string"}],"inLanguage":"fr-FR"}]}},"_links":{"self":[{"href":"https:\/\/optimuminsurancegroup.be\/fr\/wp-json\/wp\/v2\/pages\/1524","targetHints":{"allow":["GET"]}}],"collection":[{"href":"https:\/\/optimuminsurancegroup.be\/fr\/wp-json\/wp\/v2\/pages"}],"about":[{"href":"https:\/\/optimuminsurancegroup.be\/fr\/wp-json\/wp\/v2\/types\/page"}],"author":[{"embeddable":true,"href":"https:\/\/optimuminsurancegroup.be\/fr\/wp-json\/wp\/v2\/users\/1"}],"replies":[{"embeddable":true,"href":"https:\/\/optimuminsurancegroup.be\/fr\/wp-json\/wp\/v2\/comments?post=1524"}],"version-history":[{"count":3,"href":"https:\/\/optimuminsurancegroup.be\/fr\/wp-json\/wp\/v2\/pages\/1524\/revisions"}],"predecessor-version":[{"id":1708,"href":"https:\/\/optimuminsurancegroup.be\/fr\/wp-json\/wp\/v2\/pages\/1524\/revisions\/1708"}],"wp:attachment":[{"href":"https:\/\/optimuminsurancegroup.be\/fr\/wp-json\/wp\/v2\/media?parent=1524"}],"curies":[{"name":"wp","href":"https:\/\/api.w.org\/{rel}","templated":true}]}}