{"id":1549,"date":"2014-07-16T15:30:47","date_gmt":"2014-07-15T11:10:12","guid":{"rendered":"http:\/\/optimainsurancegroup.crmtest.be\/ondernemingen\/arbeidsongeval\/"},"modified":"2015-04-28T09:31:41","modified_gmt":"2015-04-28T08:31:41","slug":"arbeidsongeval","status":"publish","type":"page","link":"https:\/\/optimuminsurancegroup.be\/fr\/ondernemingen\/arbeidsongeval\/","title":{"rendered":"Accident du travail"},"content":{"rendered":"<p>En vertu de la loi du 10 Avril 1971, en tant qu&#8217;employeur, vous devez prendre un assurance d&rsquo;Aaccidents pour tous vos employ\u00e9s au travail ou sur le chemin du travail.<\/p>\n<p>Un accident du travail est d\u00e9fini comme un \u00e9v\u00e9nement soudain d&rsquo;une cause ext\u00e9rieure (de travail) causant des l\u00e9sions corporelles pendant et par l&rsquo;exercice du travail ou sur le chemin du travail.<\/p>\n<p>La prime est d\u00e9termin\u00e9 en fonction de la masse salariale annuelle qui paie et qui est r\u00e9mun\u00e9r\u00e9 en cas d&rsquo;invalidit\u00e9, l&rsquo;hospitalisation et les soins m\u00e9dicaux, invalidit\u00e9 et d\u00e9c\u00e8s.<\/p>\n","protected":false},"excerpt":{"rendered":"<p>En vertu de la loi du 10 Avril 1971, en tant qu&#8217;employeur, vous devez prendre un assurance d&rsquo;Aaccidents pour tous vos employ\u00e9s au travail ou sur le chemin du travail. Un accident du travail est d\u00e9fini comme un \u00e9v\u00e9nement soudain d&rsquo;une cause ext\u00e9rieure (de travail) causant des l\u00e9sions corporelles pendant et par l&rsquo;exercice du travail [&hellip;]<\/p>\n","protected":false},"author":1,"featured_media":0,"parent":1547,"menu_order":0,"comment_status":"closed","ping_status":"closed","template":"page-producten.php","meta":{"footnotes":""},"class_list":["post-1549","page","type-page","status-publish","hentry"],"yoast_head":"<!-- This site is optimized with the Yoast SEO plugin v21.8 - https:\/\/yoast.com\/wordpress\/plugins\/seo\/ -->\n<title>Accident du travail - Optimum insurance group<\/title>\n<meta name=\"description\" content=\"Optimum Insurance biedt verzekeringen en financi\u00eble producten op maat aan voor particulieren en professionelen.\" \/>\n<meta name=\"robots\" content=\"index, follow, max-snippet:-1, max-image-preview:large, max-video-preview:-1\" \/>\n<link rel=\"canonical\" href=\"https:\/\/optimuminsurancegroup.be\/fr\/ondernemingen\/arbeidsongeval\/\" \/>\n<meta property=\"og:locale\" content=\"fr_FR\" \/>\n<meta property=\"og:type\" content=\"article\" \/>\n<meta property=\"og:title\" content=\"Accident du travail - Optimum insurance group\" \/>\n<meta property=\"og:description\" content=\"Optimum Insurance biedt verzekeringen en financi\u00eble producten op maat aan voor particulieren en professionelen.\" \/>\n<meta property=\"og:url\" content=\"https:\/\/optimuminsurancegroup.be\/fr\/ondernemingen\/arbeidsongeval\/\" \/>\n<meta property=\"og:site_name\" content=\"Optimum insurance group\" \/>\n<meta property=\"article:modified_time\" content=\"2015-04-28T08:31:41+00:00\" \/>\n<script type=\"application\/ld+json\" class=\"yoast-schema-graph\">{\"@context\":\"https:\/\/schema.org\",\"@graph\":[{\"@type\":\"WebPage\",\"@id\":\"https:\/\/optimuminsurancegroup.be\/fr\/ondernemingen\/arbeidsongeval\/\",\"url\":\"https:\/\/optimuminsurancegroup.be\/fr\/ondernemingen\/arbeidsongeval\/\",\"name\":\"Accident du travail - Optimum insurance group\",\"isPartOf\":{\"@id\":\"https:\/\/optimuminsurancegroup.be\/nl\/#website\"},\"datePublished\":\"2014-07-15T11:10:12+00:00\",\"dateModified\":\"2015-04-28T08:31:41+00:00\",\"description\":\"Optimum Insurance biedt verzekeringen en financi\u00eble producten op maat aan voor particulieren en professionelen.\",\"breadcrumb\":{\"@id\":\"https:\/\/optimuminsurancegroup.be\/fr\/ondernemingen\/arbeidsongeval\/#breadcrumb\"},\"inLanguage\":\"fr-FR\",\"potentialAction\":[{\"@type\":\"ReadAction\",\"target\":[\"https:\/\/optimuminsurancegroup.be\/fr\/ondernemingen\/arbeidsongeval\/\"]}]},{\"@type\":\"BreadcrumbList\",\"@id\":\"https:\/\/optimuminsurancegroup.be\/fr\/ondernemingen\/arbeidsongeval\/#breadcrumb\",\"itemListElement\":[{\"@type\":\"ListItem\",\"position\":1,\"name\":\"Home\",\"item\":\"https:\/\/optimuminsurancegroup.be\/fr\/\"},{\"@type\":\"ListItem\",\"position\":2,\"name\":\"Entreprises\",\"item\":\"https:\/\/optimuminsurancegroup.be\/fr\/ondernemingen\/\"},{\"@type\":\"ListItem\",\"position\":3,\"name\":\"Accident du travail\"}]},{\"@type\":\"WebSite\",\"@id\":\"https:\/\/optimuminsurancegroup.be\/nl\/#website\",\"url\":\"https:\/\/optimuminsurancegroup.be\/nl\/\",\"name\":\"Optimum insurance group\",\"description\":\"Toutes les assurances \u00e0 un prix correct!\",\"potentialAction\":[{\"@type\":\"SearchAction\",\"target\":{\"@type\":\"EntryPoint\",\"urlTemplate\":\"https:\/\/optimuminsurancegroup.be\/nl\/?s={search_term_string}\"},\"query-input\":\"required name=search_term_string\"}],\"inLanguage\":\"fr-FR\"}]}<\/script>\n<!-- \/ Yoast SEO plugin. -->","yoast_head_json":{"title":"Accident du travail - Optimum insurance group","description":"Optimum Insurance biedt verzekeringen en financi\u00eble producten op maat aan voor particulieren en professionelen.","robots":{"index":"index","follow":"follow","max-snippet":"max-snippet:-1","max-image-preview":"max-image-preview:large","max-video-preview":"max-video-preview:-1"},"canonical":"https:\/\/optimuminsurancegroup.be\/fr\/ondernemingen\/arbeidsongeval\/","og_locale":"fr_FR","og_type":"article","og_title":"Accident du travail - Optimum insurance group","og_description":"Optimum Insurance biedt verzekeringen en financi\u00eble producten op maat aan voor particulieren en professionelen.","og_url":"https:\/\/optimuminsurancegroup.be\/fr\/ondernemingen\/arbeidsongeval\/","og_site_name":"Optimum insurance group","article_modified_time":"2015-04-28T08:31:41+00:00","schema":{"@context":"https:\/\/schema.org","@graph":[{"@type":"WebPage","@id":"https:\/\/optimuminsurancegroup.be\/fr\/ondernemingen\/arbeidsongeval\/","url":"https:\/\/optimuminsurancegroup.be\/fr\/ondernemingen\/arbeidsongeval\/","name":"Accident du travail - Optimum insurance group","isPartOf":{"@id":"https:\/\/optimuminsurancegroup.be\/nl\/#website"},"datePublished":"2014-07-15T11:10:12+00:00","dateModified":"2015-04-28T08:31:41+00:00","description":"Optimum Insurance biedt verzekeringen en financi\u00eble producten op maat aan voor particulieren en professionelen.","breadcrumb":{"@id":"https:\/\/optimuminsurancegroup.be\/fr\/ondernemingen\/arbeidsongeval\/#breadcrumb"},"inLanguage":"fr-FR","potentialAction":[{"@type":"ReadAction","target":["https:\/\/optimuminsurancegroup.be\/fr\/ondernemingen\/arbeidsongeval\/"]}]},{"@type":"BreadcrumbList","@id":"https:\/\/optimuminsurancegroup.be\/fr\/ondernemingen\/arbeidsongeval\/#breadcrumb","itemListElement":[{"@type":"ListItem","position":1,"name":"Home","item":"https:\/\/optimuminsurancegroup.be\/fr\/"},{"@type":"ListItem","position":2,"name":"Entreprises","item":"https:\/\/optimuminsurancegroup.be\/fr\/ondernemingen\/"},{"@type":"ListItem","position":3,"name":"Accident du travail"}]},{"@type":"WebSite","@id":"https:\/\/optimuminsurancegroup.be\/nl\/#website","url":"https:\/\/optimuminsurancegroup.be\/nl\/","name":"Optimum insurance group","description":"Toutes les assurances \u00e0 un prix correct!","potentialAction":[{"@type":"SearchAction","target":{"@type":"EntryPoint","urlTemplate":"https:\/\/optimuminsurancegroup.be\/nl\/?s={search_term_string}"},"query-input":"required name=search_term_string"}],"inLanguage":"fr-FR"}]}},"_links":{"self":[{"href":"https:\/\/optimuminsurancegroup.be\/fr\/wp-json\/wp\/v2\/pages\/1549","targetHints":{"allow":["GET"]}}],"collection":[{"href":"https:\/\/optimuminsurancegroup.be\/fr\/wp-json\/wp\/v2\/pages"}],"about":[{"href":"https:\/\/optimuminsurancegroup.be\/fr\/wp-json\/wp\/v2\/types\/page"}],"author":[{"embeddable":true,"href":"https:\/\/optimuminsurancegroup.be\/fr\/wp-json\/wp\/v2\/users\/1"}],"replies":[{"embeddable":true,"href":"https:\/\/optimuminsurancegroup.be\/fr\/wp-json\/wp\/v2\/comments?post=1549"}],"version-history":[{"count":2,"href":"https:\/\/optimuminsurancegroup.be\/fr\/wp-json\/wp\/v2\/pages\/1549\/revisions"}],"predecessor-version":[{"id":1551,"href":"https:\/\/optimuminsurancegroup.be\/fr\/wp-json\/wp\/v2\/pages\/1549\/revisions\/1551"}],"up":[{"embeddable":true,"href":"https:\/\/optimuminsurancegroup.be\/fr\/wp-json\/wp\/v2\/pages\/1547"}],"wp:attachment":[{"href":"https:\/\/optimuminsurancegroup.be\/fr\/wp-json\/wp\/v2\/media?parent=1549"}],"curies":[{"name":"wp","href":"https:\/\/api.w.org\/{rel}","templated":true}]}}