{"id":1555,"date":"2014-07-16T15:30:47","date_gmt":"2014-07-15T11:10:46","guid":{"rendered":"http:\/\/optimainsurancegroup.crmtest.be\/ondernemingen\/burgerlijke-aansprakelijkheid\/"},"modified":"2015-04-28T09:26:49","modified_gmt":"2015-04-28T08:26:49","slug":"burgerlijke-aansprakelijkheid","status":"publish","type":"page","link":"https:\/\/optimuminsurancegroup.be\/fr\/ondernemingen\/burgerlijke-aansprakelijkheid\/","title":{"rendered":"Responsabilit\u00e9 civile"},"content":{"rendered":"<p>Cette police\u00a0couvre la responsabilit\u00e9 extra &#8211; contractuelle de votre entreprise, les gestionnaires, les dirigeants et les employ\u00e9s au cours de l&rsquo;activit\u00e9. Lorsqu&rsquo;une intervention de la police\u00a0familiale dans la sph\u00e8re priv\u00e9e, par cons\u00e9quent, une op\u00e9ration d&rsquo;assurance de responsabilit\u00e9 dans la sph\u00e8re professionnelle. Les exemples abondent:<\/p>\n<ul>\n<li>Une mauvaise connexion dans la bo\u00eete \u00e0 fusibles cr\u00e9e un incendie<\/li>\n<li>Pendant le travail sur le drain, le plombier rompt la\u00a0WC<\/li>\n<li>Un boucher donne de\u00a0la viande pourri \u00e0 un client qui en fait encourt une intoxication alimentaire.<\/li>\n<\/ul>\n<p>Dans ce type de contrat peut \u00eatre souscrit quatre garanties:<\/p>\n<ul>\n<li>La garantie de RC exploitation\u00a0couvre les dommages contractuels suppl\u00e9mentaires \u00e0 des tiers dans l&rsquo;exercice de la profession.<br \/>\nPar exemple: pendant les travaux de fa\u00e7ade, l&rsquo;interpr\u00e8te sera endommager la porte<\/li>\n<li>BA apr\u00e8s livraison \/ garantie produits, s&rsquo;applique aux dommages apr\u00e8s l&rsquo;accouchement ou apr\u00e8s l&rsquo;ex\u00e9cution des activit\u00e9s.<br \/>\nPar exemple: une roue expire apr\u00e8s le remplacement des pneus dans le centre du pneu<\/li>\n<li>La caution \u00ab\u00a0de biens confi\u00e9s\u00a0\u00bb se produit lorsque vous a caus\u00e9 des dommages \u00e0 des biens qui font partie de votre activit\u00e9.<br \/>\nPar exemple: lors de la restauration d&rsquo;un PC, le technicien tomber un ordinateur<\/li>\n<li>Votre juridique repr\u00e9sente votre d\u00e9fense lorsque vous nuire par des tiers. Il en est de la d\u00e9fense p\u00e9nale au titre de cette garantie.<\/li>\n<\/ul>\n","protected":false},"excerpt":{"rendered":"<p>Cette police\u00a0couvre la responsabilit\u00e9 extra &#8211; contractuelle de votre entreprise, les gestionnaires, les dirigeants et les employ\u00e9s au cours de l&rsquo;activit\u00e9. Lorsqu&rsquo;une intervention de la police\u00a0familiale dans la sph\u00e8re priv\u00e9e, par cons\u00e9quent, une op\u00e9ration d&rsquo;assurance de responsabilit\u00e9 dans la sph\u00e8re professionnelle. Les exemples abondent: Une mauvaise connexion dans la bo\u00eete \u00e0 fusibles cr\u00e9e un incendie [&hellip;]<\/p>\n","protected":false},"author":1,"featured_media":0,"parent":1547,"menu_order":0,"comment_status":"closed","ping_status":"closed","template":"page-producten.php","meta":{"footnotes":""},"class_list":["post-1555","page","type-page","status-publish","hentry"],"yoast_head":"<!-- This site is optimized with the Yoast SEO plugin v21.8 - https:\/\/yoast.com\/wordpress\/plugins\/seo\/ -->\n<title>Responsabilit\u00e9 civile - Optimum insurance group<\/title>\n<meta name=\"description\" content=\"Optimum Insurance biedt verzekeringen en financi\u00eble producten op maat aan voor particulieren en professionelen.\" \/>\n<meta name=\"robots\" content=\"index, follow, max-snippet:-1, max-image-preview:large, max-video-preview:-1\" \/>\n<link rel=\"canonical\" href=\"https:\/\/optimuminsurancegroup.be\/fr\/ondernemingen\/burgerlijke-aansprakelijkheid\/\" \/>\n<meta property=\"og:locale\" content=\"fr_FR\" \/>\n<meta property=\"og:type\" content=\"article\" \/>\n<meta property=\"og:title\" content=\"Responsabilit\u00e9 civile - Optimum insurance group\" \/>\n<meta property=\"og:description\" content=\"Optimum Insurance biedt verzekeringen en financi\u00eble producten op maat aan voor particulieren en professionelen.\" \/>\n<meta property=\"og:url\" content=\"https:\/\/optimuminsurancegroup.be\/fr\/ondernemingen\/burgerlijke-aansprakelijkheid\/\" \/>\n<meta property=\"og:site_name\" content=\"Optimum insurance group\" \/>\n<meta property=\"article:modified_time\" content=\"2015-04-28T08:26:49+00:00\" \/>\n<meta name=\"twitter:label1\" content=\"Est. reading time\" \/>\n\t<meta name=\"twitter:data1\" content=\"1 minute\" \/>\n<script type=\"application\/ld+json\" class=\"yoast-schema-graph\">{\"@context\":\"https:\/\/schema.org\",\"@graph\":[{\"@type\":\"WebPage\",\"@id\":\"https:\/\/optimuminsurancegroup.be\/fr\/ondernemingen\/burgerlijke-aansprakelijkheid\/\",\"url\":\"https:\/\/optimuminsurancegroup.be\/fr\/ondernemingen\/burgerlijke-aansprakelijkheid\/\",\"name\":\"Responsabilit\u00e9 civile - Optimum insurance group\",\"isPartOf\":{\"@id\":\"https:\/\/optimuminsurancegroup.be\/nl\/#website\"},\"datePublished\":\"2014-07-15T11:10:46+00:00\",\"dateModified\":\"2015-04-28T08:26:49+00:00\",\"description\":\"Optimum Insurance biedt verzekeringen en financi\u00eble producten op maat aan voor particulieren en professionelen.\",\"breadcrumb\":{\"@id\":\"https:\/\/optimuminsurancegroup.be\/fr\/ondernemingen\/burgerlijke-aansprakelijkheid\/#breadcrumb\"},\"inLanguage\":\"fr-FR\",\"potentialAction\":[{\"@type\":\"ReadAction\",\"target\":[\"https:\/\/optimuminsurancegroup.be\/fr\/ondernemingen\/burgerlijke-aansprakelijkheid\/\"]}]},{\"@type\":\"BreadcrumbList\",\"@id\":\"https:\/\/optimuminsurancegroup.be\/fr\/ondernemingen\/burgerlijke-aansprakelijkheid\/#breadcrumb\",\"itemListElement\":[{\"@type\":\"ListItem\",\"position\":1,\"name\":\"Home\",\"item\":\"https:\/\/optimuminsurancegroup.be\/fr\/\"},{\"@type\":\"ListItem\",\"position\":2,\"name\":\"Entreprises\",\"item\":\"https:\/\/optimuminsurancegroup.be\/fr\/ondernemingen\/\"},{\"@type\":\"ListItem\",\"position\":3,\"name\":\"Responsabilit\u00e9 civile\"}]},{\"@type\":\"WebSite\",\"@id\":\"https:\/\/optimuminsurancegroup.be\/nl\/#website\",\"url\":\"https:\/\/optimuminsurancegroup.be\/nl\/\",\"name\":\"Optimum insurance group\",\"description\":\"Toutes les assurances \u00e0 un prix correct!\",\"potentialAction\":[{\"@type\":\"SearchAction\",\"target\":{\"@type\":\"EntryPoint\",\"urlTemplate\":\"https:\/\/optimuminsurancegroup.be\/nl\/?s={search_term_string}\"},\"query-input\":\"required name=search_term_string\"}],\"inLanguage\":\"fr-FR\"}]}<\/script>\n<!-- \/ Yoast SEO plugin. -->","yoast_head_json":{"title":"Responsabilit\u00e9 civile - Optimum insurance group","description":"Optimum Insurance biedt verzekeringen en financi\u00eble producten op maat aan voor particulieren en professionelen.","robots":{"index":"index","follow":"follow","max-snippet":"max-snippet:-1","max-image-preview":"max-image-preview:large","max-video-preview":"max-video-preview:-1"},"canonical":"https:\/\/optimuminsurancegroup.be\/fr\/ondernemingen\/burgerlijke-aansprakelijkheid\/","og_locale":"fr_FR","og_type":"article","og_title":"Responsabilit\u00e9 civile - Optimum insurance group","og_description":"Optimum Insurance biedt verzekeringen en financi\u00eble producten op maat aan voor particulieren en professionelen.","og_url":"https:\/\/optimuminsurancegroup.be\/fr\/ondernemingen\/burgerlijke-aansprakelijkheid\/","og_site_name":"Optimum insurance group","article_modified_time":"2015-04-28T08:26:49+00:00","twitter_misc":{"Est. reading time":"1 minute"},"schema":{"@context":"https:\/\/schema.org","@graph":[{"@type":"WebPage","@id":"https:\/\/optimuminsurancegroup.be\/fr\/ondernemingen\/burgerlijke-aansprakelijkheid\/","url":"https:\/\/optimuminsurancegroup.be\/fr\/ondernemingen\/burgerlijke-aansprakelijkheid\/","name":"Responsabilit\u00e9 civile - Optimum insurance group","isPartOf":{"@id":"https:\/\/optimuminsurancegroup.be\/nl\/#website"},"datePublished":"2014-07-15T11:10:46+00:00","dateModified":"2015-04-28T08:26:49+00:00","description":"Optimum Insurance biedt verzekeringen en financi\u00eble producten op maat aan voor particulieren en professionelen.","breadcrumb":{"@id":"https:\/\/optimuminsurancegroup.be\/fr\/ondernemingen\/burgerlijke-aansprakelijkheid\/#breadcrumb"},"inLanguage":"fr-FR","potentialAction":[{"@type":"ReadAction","target":["https:\/\/optimuminsurancegroup.be\/fr\/ondernemingen\/burgerlijke-aansprakelijkheid\/"]}]},{"@type":"BreadcrumbList","@id":"https:\/\/optimuminsurancegroup.be\/fr\/ondernemingen\/burgerlijke-aansprakelijkheid\/#breadcrumb","itemListElement":[{"@type":"ListItem","position":1,"name":"Home","item":"https:\/\/optimuminsurancegroup.be\/fr\/"},{"@type":"ListItem","position":2,"name":"Entreprises","item":"https:\/\/optimuminsurancegroup.be\/fr\/ondernemingen\/"},{"@type":"ListItem","position":3,"name":"Responsabilit\u00e9 civile"}]},{"@type":"WebSite","@id":"https:\/\/optimuminsurancegroup.be\/nl\/#website","url":"https:\/\/optimuminsurancegroup.be\/nl\/","name":"Optimum insurance group","description":"Toutes les assurances \u00e0 un prix correct!","potentialAction":[{"@type":"SearchAction","target":{"@type":"EntryPoint","urlTemplate":"https:\/\/optimuminsurancegroup.be\/nl\/?s={search_term_string}"},"query-input":"required name=search_term_string"}],"inLanguage":"fr-FR"}]}},"_links":{"self":[{"href":"https:\/\/optimuminsurancegroup.be\/fr\/wp-json\/wp\/v2\/pages\/1555","targetHints":{"allow":["GET"]}}],"collection":[{"href":"https:\/\/optimuminsurancegroup.be\/fr\/wp-json\/wp\/v2\/pages"}],"about":[{"href":"https:\/\/optimuminsurancegroup.be\/fr\/wp-json\/wp\/v2\/types\/page"}],"author":[{"embeddable":true,"href":"https:\/\/optimuminsurancegroup.be\/fr\/wp-json\/wp\/v2\/users\/1"}],"replies":[{"embeddable":true,"href":"https:\/\/optimuminsurancegroup.be\/fr\/wp-json\/wp\/v2\/comments?post=1555"}],"version-history":[{"count":2,"href":"https:\/\/optimuminsurancegroup.be\/fr\/wp-json\/wp\/v2\/pages\/1555\/revisions"}],"predecessor-version":[{"id":1557,"href":"https:\/\/optimuminsurancegroup.be\/fr\/wp-json\/wp\/v2\/pages\/1555\/revisions\/1557"}],"up":[{"embeddable":true,"href":"https:\/\/optimuminsurancegroup.be\/fr\/wp-json\/wp\/v2\/pages\/1547"}],"wp:attachment":[{"href":"https:\/\/optimuminsurancegroup.be\/fr\/wp-json\/wp\/v2\/media?parent=1555"}],"curies":[{"name":"wp","href":"https:\/\/api.w.org\/{rel}","templated":true}]}}