{"id":1561,"date":"2014-07-16T15:30:47","date_gmt":"2014-07-15T11:09:43","guid":{"rendered":"http:\/\/optimainsurancegroup.crmtest.be\/ondernemingen\/groepsverzekering\/"},"modified":"2015-04-28T09:25:34","modified_gmt":"2015-04-28T08:25:34","slug":"groepsverzekering","status":"publish","type":"page","link":"https:\/\/optimuminsurancegroup.be\/fr\/ondernemingen\/groepsverzekering\/","title":{"rendered":"Assurance de groupe"},"content":{"rendered":"<p>L&rsquo;assurance de groupe fournit l&#8217;employeur et (une partie de) votre personnel une pension compl\u00e9mentaire.<\/p>\n<p>Ce est un outil id\u00e9al et extr\u00eamement populaire, plut\u00f4t que de consentir \u00e0 une augmentation de salaire r\u00e9gulier, d&rsquo;accorder un avantage financier suppl\u00e9mentaire \u00e0 vos employ\u00e9s.<\/p>\n<p>Il vous emm\u00e8ne aussi en tant qu&#8217;employeur beaucoup moins. Il est le meilleur moyen d&rsquo;obtenir \u00e0 temps, sur une mani\u00e8re respectueuse de l&rsquo;imp\u00f4t, l&rsquo;argent de votre entreprise!<\/p>\n","protected":false},"excerpt":{"rendered":"<p>L&rsquo;assurance de groupe fournit l&#8217;employeur et (une partie de) votre personnel une pension compl\u00e9mentaire. Ce est un outil id\u00e9al et extr\u00eamement populaire, plut\u00f4t que de consentir \u00e0 une augmentation de salaire r\u00e9gulier, d&rsquo;accorder un avantage financier suppl\u00e9mentaire \u00e0 vos employ\u00e9s. Il vous emm\u00e8ne aussi en tant qu&#8217;employeur beaucoup moins. Il est le meilleur moyen d&rsquo;obtenir [&hellip;]<\/p>\n","protected":false},"author":1,"featured_media":0,"parent":1547,"menu_order":0,"comment_status":"closed","ping_status":"closed","template":"page-producten.php","meta":{"footnotes":""},"class_list":["post-1561","page","type-page","status-publish","hentry"],"yoast_head":"<!-- This site is optimized with the Yoast SEO plugin v21.8 - https:\/\/yoast.com\/wordpress\/plugins\/seo\/ -->\n<title>Assurance de groupe - Optimum insurance group<\/title>\n<meta name=\"description\" content=\"Optimum Insurance biedt verzekeringen en financi\u00eble producten op maat aan voor particulieren en professionelen.\" \/>\n<meta name=\"robots\" content=\"index, follow, max-snippet:-1, max-image-preview:large, max-video-preview:-1\" \/>\n<link rel=\"canonical\" href=\"https:\/\/optimuminsurancegroup.be\/fr\/ondernemingen\/groepsverzekering\/\" \/>\n<meta property=\"og:locale\" content=\"fr_FR\" \/>\n<meta property=\"og:type\" content=\"article\" \/>\n<meta property=\"og:title\" content=\"Assurance de groupe - Optimum insurance group\" \/>\n<meta property=\"og:description\" content=\"Optimum Insurance biedt verzekeringen en financi\u00eble producten op maat aan voor particulieren en professionelen.\" \/>\n<meta property=\"og:url\" content=\"https:\/\/optimuminsurancegroup.be\/fr\/ondernemingen\/groepsverzekering\/\" \/>\n<meta property=\"og:site_name\" content=\"Optimum insurance group\" \/>\n<meta property=\"article:modified_time\" content=\"2015-04-28T08:25:34+00:00\" \/>\n<script type=\"application\/ld+json\" class=\"yoast-schema-graph\">{\"@context\":\"https:\/\/schema.org\",\"@graph\":[{\"@type\":\"WebPage\",\"@id\":\"https:\/\/optimuminsurancegroup.be\/fr\/ondernemingen\/groepsverzekering\/\",\"url\":\"https:\/\/optimuminsurancegroup.be\/fr\/ondernemingen\/groepsverzekering\/\",\"name\":\"Assurance de groupe - Optimum insurance group\",\"isPartOf\":{\"@id\":\"https:\/\/optimuminsurancegroup.be\/nl\/#website\"},\"datePublished\":\"2014-07-15T11:09:43+00:00\",\"dateModified\":\"2015-04-28T08:25:34+00:00\",\"description\":\"Optimum Insurance biedt verzekeringen en financi\u00eble producten op maat aan voor particulieren en professionelen.\",\"breadcrumb\":{\"@id\":\"https:\/\/optimuminsurancegroup.be\/fr\/ondernemingen\/groepsverzekering\/#breadcrumb\"},\"inLanguage\":\"fr-FR\",\"potentialAction\":[{\"@type\":\"ReadAction\",\"target\":[\"https:\/\/optimuminsurancegroup.be\/fr\/ondernemingen\/groepsverzekering\/\"]}]},{\"@type\":\"BreadcrumbList\",\"@id\":\"https:\/\/optimuminsurancegroup.be\/fr\/ondernemingen\/groepsverzekering\/#breadcrumb\",\"itemListElement\":[{\"@type\":\"ListItem\",\"position\":1,\"name\":\"Home\",\"item\":\"https:\/\/optimuminsurancegroup.be\/fr\/\"},{\"@type\":\"ListItem\",\"position\":2,\"name\":\"Entreprises\",\"item\":\"https:\/\/optimuminsurancegroup.be\/fr\/ondernemingen\/\"},{\"@type\":\"ListItem\",\"position\":3,\"name\":\"Assurance de groupe\"}]},{\"@type\":\"WebSite\",\"@id\":\"https:\/\/optimuminsurancegroup.be\/nl\/#website\",\"url\":\"https:\/\/optimuminsurancegroup.be\/nl\/\",\"name\":\"Optimum insurance group\",\"description\":\"Toutes les assurances \u00e0 un prix correct!\",\"potentialAction\":[{\"@type\":\"SearchAction\",\"target\":{\"@type\":\"EntryPoint\",\"urlTemplate\":\"https:\/\/optimuminsurancegroup.be\/nl\/?s={search_term_string}\"},\"query-input\":\"required name=search_term_string\"}],\"inLanguage\":\"fr-FR\"}]}<\/script>\n<!-- \/ Yoast SEO plugin. -->","yoast_head_json":{"title":"Assurance de groupe - Optimum insurance group","description":"Optimum Insurance biedt verzekeringen en financi\u00eble producten op maat aan voor particulieren en professionelen.","robots":{"index":"index","follow":"follow","max-snippet":"max-snippet:-1","max-image-preview":"max-image-preview:large","max-video-preview":"max-video-preview:-1"},"canonical":"https:\/\/optimuminsurancegroup.be\/fr\/ondernemingen\/groepsverzekering\/","og_locale":"fr_FR","og_type":"article","og_title":"Assurance de groupe - Optimum insurance group","og_description":"Optimum Insurance biedt verzekeringen en financi\u00eble producten op maat aan voor particulieren en professionelen.","og_url":"https:\/\/optimuminsurancegroup.be\/fr\/ondernemingen\/groepsverzekering\/","og_site_name":"Optimum insurance group","article_modified_time":"2015-04-28T08:25:34+00:00","schema":{"@context":"https:\/\/schema.org","@graph":[{"@type":"WebPage","@id":"https:\/\/optimuminsurancegroup.be\/fr\/ondernemingen\/groepsverzekering\/","url":"https:\/\/optimuminsurancegroup.be\/fr\/ondernemingen\/groepsverzekering\/","name":"Assurance de groupe - Optimum insurance group","isPartOf":{"@id":"https:\/\/optimuminsurancegroup.be\/nl\/#website"},"datePublished":"2014-07-15T11:09:43+00:00","dateModified":"2015-04-28T08:25:34+00:00","description":"Optimum Insurance biedt verzekeringen en financi\u00eble producten op maat aan voor particulieren en professionelen.","breadcrumb":{"@id":"https:\/\/optimuminsurancegroup.be\/fr\/ondernemingen\/groepsverzekering\/#breadcrumb"},"inLanguage":"fr-FR","potentialAction":[{"@type":"ReadAction","target":["https:\/\/optimuminsurancegroup.be\/fr\/ondernemingen\/groepsverzekering\/"]}]},{"@type":"BreadcrumbList","@id":"https:\/\/optimuminsurancegroup.be\/fr\/ondernemingen\/groepsverzekering\/#breadcrumb","itemListElement":[{"@type":"ListItem","position":1,"name":"Home","item":"https:\/\/optimuminsurancegroup.be\/fr\/"},{"@type":"ListItem","position":2,"name":"Entreprises","item":"https:\/\/optimuminsurancegroup.be\/fr\/ondernemingen\/"},{"@type":"ListItem","position":3,"name":"Assurance de groupe"}]},{"@type":"WebSite","@id":"https:\/\/optimuminsurancegroup.be\/nl\/#website","url":"https:\/\/optimuminsurancegroup.be\/nl\/","name":"Optimum insurance group","description":"Toutes les assurances \u00e0 un prix correct!","potentialAction":[{"@type":"SearchAction","target":{"@type":"EntryPoint","urlTemplate":"https:\/\/optimuminsurancegroup.be\/nl\/?s={search_term_string}"},"query-input":"required name=search_term_string"}],"inLanguage":"fr-FR"}]}},"_links":{"self":[{"href":"https:\/\/optimuminsurancegroup.be\/fr\/wp-json\/wp\/v2\/pages\/1561","targetHints":{"allow":["GET"]}}],"collection":[{"href":"https:\/\/optimuminsurancegroup.be\/fr\/wp-json\/wp\/v2\/pages"}],"about":[{"href":"https:\/\/optimuminsurancegroup.be\/fr\/wp-json\/wp\/v2\/types\/page"}],"author":[{"embeddable":true,"href":"https:\/\/optimuminsurancegroup.be\/fr\/wp-json\/wp\/v2\/users\/1"}],"replies":[{"embeddable":true,"href":"https:\/\/optimuminsurancegroup.be\/fr\/wp-json\/wp\/v2\/comments?post=1561"}],"version-history":[{"count":2,"href":"https:\/\/optimuminsurancegroup.be\/fr\/wp-json\/wp\/v2\/pages\/1561\/revisions"}],"predecessor-version":[{"id":1563,"href":"https:\/\/optimuminsurancegroup.be\/fr\/wp-json\/wp\/v2\/pages\/1561\/revisions\/1563"}],"up":[{"embeddable":true,"href":"https:\/\/optimuminsurancegroup.be\/fr\/wp-json\/wp\/v2\/pages\/1547"}],"wp:attachment":[{"href":"https:\/\/optimuminsurancegroup.be\/fr\/wp-json\/wp\/v2\/media?parent=1561"}],"curies":[{"name":"wp","href":"https:\/\/api.w.org\/{rel}","templated":true}]}}