{"id":1567,"date":"2014-07-16T15:30:47","date_gmt":"2014-07-15T11:09:15","guid":{"rendered":"http:\/\/optimainsurancegroup.crmtest.be\/ondernemingen\/uw-bedrijf\/"},"modified":"2015-04-28T09:24:52","modified_gmt":"2015-04-28T08:24:52","slug":"uw-bedrijf","status":"publish","type":"page","link":"https:\/\/optimuminsurancegroup.be\/fr\/ondernemingen\/uw-bedrijf\/","title":{"rendered":"Votre entreprise"},"content":{"rendered":"<p>Prendre des risques est inh\u00e9rente \u00e0 l&rsquo;entrepreneuriat.<\/p>\n<p>Hors des risques inutiles et injustifi\u00e9es encore plus &#8230;<\/p>\n<p>Chez votre courtier, vous pouvez choisir parmi une gamme d&rsquo;assurance sp\u00e9cialis\u00e9e pour la protection compl\u00e8te de votre entreprise. Nous prot\u00e9geons de mani\u00e8re optimale votre personnel, b\u00e2timents, \u00e9quipements et vous-m\u00eame avant les \u00e9v\u00e9nements impr\u00e9vus peuvent se av\u00e9rer mauvais pour votre entreprise.<\/p>\n<p>Souvent, il ya des tarifs tr\u00e8s \u00e9conomiques. \u00a0<a title=\"Contact\" href=\"http:\/\/optimainsurancegroup.crmtest.be\/contact\/?lang=fr\">Contactez-nous pour plus d&rsquo;infos!<\/a><\/p>\n","protected":false},"excerpt":{"rendered":"<p>Prendre des risques est inh\u00e9rente \u00e0 l&rsquo;entrepreneuriat. Hors des risques inutiles et injustifi\u00e9es encore plus &#8230; Chez votre courtier, vous pouvez choisir parmi une gamme d&rsquo;assurance sp\u00e9cialis\u00e9e pour la protection compl\u00e8te de votre entreprise. Nous prot\u00e9geons de mani\u00e8re optimale votre personnel, b\u00e2timents, \u00e9quipements et vous-m\u00eame avant les \u00e9v\u00e9nements impr\u00e9vus peuvent se av\u00e9rer mauvais pour votre [&hellip;]<\/p>\n","protected":false},"author":1,"featured_media":0,"parent":1547,"menu_order":0,"comment_status":"closed","ping_status":"closed","template":"page-producten.php","meta":{"footnotes":""},"class_list":["post-1567","page","type-page","status-publish","hentry"],"yoast_head":"<!-- This site is optimized with the Yoast SEO plugin v21.8 - https:\/\/yoast.com\/wordpress\/plugins\/seo\/ -->\n<title>Votre entreprise - Optimum insurance group<\/title>\n<meta name=\"description\" content=\"Optimum Insurance biedt verzekeringen en financi\u00eble producten op maat aan voor particulieren en professionelen.\" \/>\n<meta name=\"robots\" content=\"index, follow, max-snippet:-1, max-image-preview:large, max-video-preview:-1\" \/>\n<link rel=\"canonical\" href=\"https:\/\/optimuminsurancegroup.be\/fr\/ondernemingen\/uw-bedrijf\/\" \/>\n<meta property=\"og:locale\" content=\"fr_FR\" \/>\n<meta property=\"og:type\" content=\"article\" \/>\n<meta property=\"og:title\" content=\"Votre entreprise - Optimum insurance group\" \/>\n<meta property=\"og:description\" content=\"Optimum Insurance biedt verzekeringen en financi\u00eble producten op maat aan voor particulieren en professionelen.\" \/>\n<meta property=\"og:url\" content=\"https:\/\/optimuminsurancegroup.be\/fr\/ondernemingen\/uw-bedrijf\/\" \/>\n<meta property=\"og:site_name\" content=\"Optimum insurance group\" \/>\n<meta property=\"article:modified_time\" content=\"2015-04-28T08:24:52+00:00\" \/>\n<script type=\"application\/ld+json\" class=\"yoast-schema-graph\">{\"@context\":\"https:\/\/schema.org\",\"@graph\":[{\"@type\":\"WebPage\",\"@id\":\"https:\/\/optimuminsurancegroup.be\/fr\/ondernemingen\/uw-bedrijf\/\",\"url\":\"https:\/\/optimuminsurancegroup.be\/fr\/ondernemingen\/uw-bedrijf\/\",\"name\":\"Votre entreprise - Optimum insurance group\",\"isPartOf\":{\"@id\":\"https:\/\/optimuminsurancegroup.be\/nl\/#website\"},\"datePublished\":\"2014-07-15T11:09:15+00:00\",\"dateModified\":\"2015-04-28T08:24:52+00:00\",\"description\":\"Optimum Insurance biedt verzekeringen en financi\u00eble producten op maat aan voor particulieren en professionelen.\",\"breadcrumb\":{\"@id\":\"https:\/\/optimuminsurancegroup.be\/fr\/ondernemingen\/uw-bedrijf\/#breadcrumb\"},\"inLanguage\":\"fr-FR\",\"potentialAction\":[{\"@type\":\"ReadAction\",\"target\":[\"https:\/\/optimuminsurancegroup.be\/fr\/ondernemingen\/uw-bedrijf\/\"]}]},{\"@type\":\"BreadcrumbList\",\"@id\":\"https:\/\/optimuminsurancegroup.be\/fr\/ondernemingen\/uw-bedrijf\/#breadcrumb\",\"itemListElement\":[{\"@type\":\"ListItem\",\"position\":1,\"name\":\"Home\",\"item\":\"https:\/\/optimuminsurancegroup.be\/fr\/\"},{\"@type\":\"ListItem\",\"position\":2,\"name\":\"Entreprises\",\"item\":\"https:\/\/optimuminsurancegroup.be\/fr\/ondernemingen\/\"},{\"@type\":\"ListItem\",\"position\":3,\"name\":\"Votre entreprise\"}]},{\"@type\":\"WebSite\",\"@id\":\"https:\/\/optimuminsurancegroup.be\/nl\/#website\",\"url\":\"https:\/\/optimuminsurancegroup.be\/nl\/\",\"name\":\"Optimum insurance group\",\"description\":\"Toutes les assurances \u00e0 un prix correct!\",\"potentialAction\":[{\"@type\":\"SearchAction\",\"target\":{\"@type\":\"EntryPoint\",\"urlTemplate\":\"https:\/\/optimuminsurancegroup.be\/nl\/?s={search_term_string}\"},\"query-input\":\"required name=search_term_string\"}],\"inLanguage\":\"fr-FR\"}]}<\/script>\n<!-- \/ Yoast SEO plugin. -->","yoast_head_json":{"title":"Votre entreprise - Optimum insurance group","description":"Optimum Insurance biedt verzekeringen en financi\u00eble producten op maat aan voor particulieren en professionelen.","robots":{"index":"index","follow":"follow","max-snippet":"max-snippet:-1","max-image-preview":"max-image-preview:large","max-video-preview":"max-video-preview:-1"},"canonical":"https:\/\/optimuminsurancegroup.be\/fr\/ondernemingen\/uw-bedrijf\/","og_locale":"fr_FR","og_type":"article","og_title":"Votre entreprise - Optimum insurance group","og_description":"Optimum Insurance biedt verzekeringen en financi\u00eble producten op maat aan voor particulieren en professionelen.","og_url":"https:\/\/optimuminsurancegroup.be\/fr\/ondernemingen\/uw-bedrijf\/","og_site_name":"Optimum insurance group","article_modified_time":"2015-04-28T08:24:52+00:00","schema":{"@context":"https:\/\/schema.org","@graph":[{"@type":"WebPage","@id":"https:\/\/optimuminsurancegroup.be\/fr\/ondernemingen\/uw-bedrijf\/","url":"https:\/\/optimuminsurancegroup.be\/fr\/ondernemingen\/uw-bedrijf\/","name":"Votre entreprise - Optimum insurance group","isPartOf":{"@id":"https:\/\/optimuminsurancegroup.be\/nl\/#website"},"datePublished":"2014-07-15T11:09:15+00:00","dateModified":"2015-04-28T08:24:52+00:00","description":"Optimum Insurance biedt verzekeringen en financi\u00eble producten op maat aan voor particulieren en professionelen.","breadcrumb":{"@id":"https:\/\/optimuminsurancegroup.be\/fr\/ondernemingen\/uw-bedrijf\/#breadcrumb"},"inLanguage":"fr-FR","potentialAction":[{"@type":"ReadAction","target":["https:\/\/optimuminsurancegroup.be\/fr\/ondernemingen\/uw-bedrijf\/"]}]},{"@type":"BreadcrumbList","@id":"https:\/\/optimuminsurancegroup.be\/fr\/ondernemingen\/uw-bedrijf\/#breadcrumb","itemListElement":[{"@type":"ListItem","position":1,"name":"Home","item":"https:\/\/optimuminsurancegroup.be\/fr\/"},{"@type":"ListItem","position":2,"name":"Entreprises","item":"https:\/\/optimuminsurancegroup.be\/fr\/ondernemingen\/"},{"@type":"ListItem","position":3,"name":"Votre entreprise"}]},{"@type":"WebSite","@id":"https:\/\/optimuminsurancegroup.be\/nl\/#website","url":"https:\/\/optimuminsurancegroup.be\/nl\/","name":"Optimum insurance group","description":"Toutes les assurances \u00e0 un prix correct!","potentialAction":[{"@type":"SearchAction","target":{"@type":"EntryPoint","urlTemplate":"https:\/\/optimuminsurancegroup.be\/nl\/?s={search_term_string}"},"query-input":"required name=search_term_string"}],"inLanguage":"fr-FR"}]}},"_links":{"self":[{"href":"https:\/\/optimuminsurancegroup.be\/fr\/wp-json\/wp\/v2\/pages\/1567","targetHints":{"allow":["GET"]}}],"collection":[{"href":"https:\/\/optimuminsurancegroup.be\/fr\/wp-json\/wp\/v2\/pages"}],"about":[{"href":"https:\/\/optimuminsurancegroup.be\/fr\/wp-json\/wp\/v2\/types\/page"}],"author":[{"embeddable":true,"href":"https:\/\/optimuminsurancegroup.be\/fr\/wp-json\/wp\/v2\/users\/1"}],"replies":[{"embeddable":true,"href":"https:\/\/optimuminsurancegroup.be\/fr\/wp-json\/wp\/v2\/comments?post=1567"}],"version-history":[{"count":2,"href":"https:\/\/optimuminsurancegroup.be\/fr\/wp-json\/wp\/v2\/pages\/1567\/revisions"}],"predecessor-version":[{"id":1569,"href":"https:\/\/optimuminsurancegroup.be\/fr\/wp-json\/wp\/v2\/pages\/1567\/revisions\/1569"}],"up":[{"embeddable":true,"href":"https:\/\/optimuminsurancegroup.be\/fr\/wp-json\/wp\/v2\/pages\/1547"}],"wp:attachment":[{"href":"https:\/\/optimuminsurancegroup.be\/fr\/wp-json\/wp\/v2\/media?parent=1567"}],"curies":[{"name":"wp","href":"https:\/\/api.w.org\/{rel}","templated":true}]}}