{"id":1570,"date":"2014-07-16T15:30:46","date_gmt":"2014-07-15T11:12:05","guid":{"rendered":"http:\/\/optimainsurancegroup.crmtest.be\/ondernemingen\/vapz\/"},"modified":"2015-04-28T09:29:00","modified_gmt":"2015-04-28T08:29:00","slug":"vapz","status":"publish","type":"page","link":"https:\/\/optimuminsurancegroup.be\/fr\/ondernemingen\/vapz\/","title":{"rendered":"Pension compl\u00e9mentaire"},"content":{"rendered":"<p>Qu&rsquo;un ind\u00e9pendant ne doit pas attendre de haute retraite, vous pouvez savait d\u00e9j\u00e0.<\/p>\n<p>Mais cela ne signifie pas que vous devez sacrifier le niveau de vie apr\u00e8s votre carri\u00e8re.<\/p>\n<p>La police\u00a0\u00ab\u00a0Pension compl\u00e9mentaire\u00a0\u00bb\u00a0pr\u00e9voit la possibilit\u00e9 de construire une pension suppl\u00e9mentaire d&rsquo;une mani\u00e8re fiscalement efficace aux c\u00f4t\u00e9s de la pension l\u00e9gale et enti\u00e8rement adapt\u00e9 \u00e0 vos besoins.<\/p>\n<p>Vous d\u00e9cidez, apr\u00e8s tout, combien vous \u00e9conomisez. Ou si vous souhaitez augmenter ou diminuer la prime, ou m\u00eame ins\u00e9rer une pause entre les paiements.<\/p>\n<p>En plus de l&rsquo;avantage fiscal, il ya aussi l&rsquo;avantage de cotisations sociales,\u00a0\u00a0et cette forme d&rsquo;\u00e9pargne \u00e9crite sur le corps des travailleurs ind\u00e9pendants dans l&#8217;emploi principal, conjoints aidants, &#8230;<\/p>\n","protected":false},"excerpt":{"rendered":"<p>Qu&rsquo;un ind\u00e9pendant ne doit pas attendre de haute retraite, vous pouvez savait d\u00e9j\u00e0. Mais cela ne signifie pas que vous devez sacrifier le niveau de vie apr\u00e8s votre carri\u00e8re. La police\u00a0\u00ab\u00a0Pension compl\u00e9mentaire\u00a0\u00bb\u00a0pr\u00e9voit la possibilit\u00e9 de construire une pension suppl\u00e9mentaire d&rsquo;une mani\u00e8re fiscalement efficace aux c\u00f4t\u00e9s de la pension l\u00e9gale et enti\u00e8rement adapt\u00e9 \u00e0 vos besoins. [&hellip;]<\/p>\n","protected":false},"author":1,"featured_media":0,"parent":1547,"menu_order":0,"comment_status":"closed","ping_status":"closed","template":"page-producten.php","meta":{"footnotes":""},"class_list":["post-1570","page","type-page","status-publish","hentry"],"yoast_head":"<!-- This site is optimized with the Yoast SEO plugin v21.8 - https:\/\/yoast.com\/wordpress\/plugins\/seo\/ -->\n<title>Pension compl\u00e9mentaire - Optimum insurance group<\/title>\n<meta name=\"description\" content=\"Optimum Insurance biedt verzekeringen en financi\u00eble producten op maat aan voor particulieren en professionelen.\" \/>\n<meta name=\"robots\" content=\"index, follow, max-snippet:-1, max-image-preview:large, max-video-preview:-1\" \/>\n<link rel=\"canonical\" href=\"https:\/\/optimuminsurancegroup.be\/fr\/ondernemingen\/vapz\/\" \/>\n<meta property=\"og:locale\" content=\"fr_FR\" \/>\n<meta property=\"og:type\" content=\"article\" \/>\n<meta property=\"og:title\" content=\"Pension compl\u00e9mentaire - Optimum insurance group\" \/>\n<meta property=\"og:description\" content=\"Optimum Insurance biedt verzekeringen en financi\u00eble producten op maat aan voor particulieren en professionelen.\" \/>\n<meta property=\"og:url\" content=\"https:\/\/optimuminsurancegroup.be\/fr\/ondernemingen\/vapz\/\" \/>\n<meta property=\"og:site_name\" content=\"Optimum insurance group\" \/>\n<meta property=\"article:modified_time\" content=\"2015-04-28T08:29:00+00:00\" \/>\n<meta name=\"twitter:label1\" content=\"Est. reading time\" \/>\n\t<meta name=\"twitter:data1\" content=\"1 minute\" \/>\n<script type=\"application\/ld+json\" class=\"yoast-schema-graph\">{\"@context\":\"https:\/\/schema.org\",\"@graph\":[{\"@type\":\"WebPage\",\"@id\":\"https:\/\/optimuminsurancegroup.be\/fr\/ondernemingen\/vapz\/\",\"url\":\"https:\/\/optimuminsurancegroup.be\/fr\/ondernemingen\/vapz\/\",\"name\":\"Pension compl\u00e9mentaire - Optimum insurance group\",\"isPartOf\":{\"@id\":\"https:\/\/optimuminsurancegroup.be\/nl\/#website\"},\"datePublished\":\"2014-07-15T11:12:05+00:00\",\"dateModified\":\"2015-04-28T08:29:00+00:00\",\"description\":\"Optimum Insurance biedt verzekeringen en financi\u00eble producten op maat aan voor particulieren en professionelen.\",\"breadcrumb\":{\"@id\":\"https:\/\/optimuminsurancegroup.be\/fr\/ondernemingen\/vapz\/#breadcrumb\"},\"inLanguage\":\"fr-FR\",\"potentialAction\":[{\"@type\":\"ReadAction\",\"target\":[\"https:\/\/optimuminsurancegroup.be\/fr\/ondernemingen\/vapz\/\"]}]},{\"@type\":\"BreadcrumbList\",\"@id\":\"https:\/\/optimuminsurancegroup.be\/fr\/ondernemingen\/vapz\/#breadcrumb\",\"itemListElement\":[{\"@type\":\"ListItem\",\"position\":1,\"name\":\"Home\",\"item\":\"https:\/\/optimuminsurancegroup.be\/fr\/\"},{\"@type\":\"ListItem\",\"position\":2,\"name\":\"Entreprises\",\"item\":\"https:\/\/optimuminsurancegroup.be\/fr\/ondernemingen\/\"},{\"@type\":\"ListItem\",\"position\":3,\"name\":\"Pension compl\u00e9mentaire\"}]},{\"@type\":\"WebSite\",\"@id\":\"https:\/\/optimuminsurancegroup.be\/nl\/#website\",\"url\":\"https:\/\/optimuminsurancegroup.be\/nl\/\",\"name\":\"Optimum insurance group\",\"description\":\"Toutes les assurances \u00e0 un prix correct!\",\"potentialAction\":[{\"@type\":\"SearchAction\",\"target\":{\"@type\":\"EntryPoint\",\"urlTemplate\":\"https:\/\/optimuminsurancegroup.be\/nl\/?s={search_term_string}\"},\"query-input\":\"required name=search_term_string\"}],\"inLanguage\":\"fr-FR\"}]}<\/script>\n<!-- \/ Yoast SEO plugin. -->","yoast_head_json":{"title":"Pension compl\u00e9mentaire - Optimum insurance group","description":"Optimum Insurance biedt verzekeringen en financi\u00eble producten op maat aan voor particulieren en professionelen.","robots":{"index":"index","follow":"follow","max-snippet":"max-snippet:-1","max-image-preview":"max-image-preview:large","max-video-preview":"max-video-preview:-1"},"canonical":"https:\/\/optimuminsurancegroup.be\/fr\/ondernemingen\/vapz\/","og_locale":"fr_FR","og_type":"article","og_title":"Pension compl\u00e9mentaire - Optimum insurance group","og_description":"Optimum Insurance biedt verzekeringen en financi\u00eble producten op maat aan voor particulieren en professionelen.","og_url":"https:\/\/optimuminsurancegroup.be\/fr\/ondernemingen\/vapz\/","og_site_name":"Optimum insurance group","article_modified_time":"2015-04-28T08:29:00+00:00","twitter_misc":{"Est. reading time":"1 minute"},"schema":{"@context":"https:\/\/schema.org","@graph":[{"@type":"WebPage","@id":"https:\/\/optimuminsurancegroup.be\/fr\/ondernemingen\/vapz\/","url":"https:\/\/optimuminsurancegroup.be\/fr\/ondernemingen\/vapz\/","name":"Pension compl\u00e9mentaire - Optimum insurance group","isPartOf":{"@id":"https:\/\/optimuminsurancegroup.be\/nl\/#website"},"datePublished":"2014-07-15T11:12:05+00:00","dateModified":"2015-04-28T08:29:00+00:00","description":"Optimum Insurance biedt verzekeringen en financi\u00eble producten op maat aan voor particulieren en professionelen.","breadcrumb":{"@id":"https:\/\/optimuminsurancegroup.be\/fr\/ondernemingen\/vapz\/#breadcrumb"},"inLanguage":"fr-FR","potentialAction":[{"@type":"ReadAction","target":["https:\/\/optimuminsurancegroup.be\/fr\/ondernemingen\/vapz\/"]}]},{"@type":"BreadcrumbList","@id":"https:\/\/optimuminsurancegroup.be\/fr\/ondernemingen\/vapz\/#breadcrumb","itemListElement":[{"@type":"ListItem","position":1,"name":"Home","item":"https:\/\/optimuminsurancegroup.be\/fr\/"},{"@type":"ListItem","position":2,"name":"Entreprises","item":"https:\/\/optimuminsurancegroup.be\/fr\/ondernemingen\/"},{"@type":"ListItem","position":3,"name":"Pension compl\u00e9mentaire"}]},{"@type":"WebSite","@id":"https:\/\/optimuminsurancegroup.be\/nl\/#website","url":"https:\/\/optimuminsurancegroup.be\/nl\/","name":"Optimum insurance group","description":"Toutes les assurances \u00e0 un prix correct!","potentialAction":[{"@type":"SearchAction","target":{"@type":"EntryPoint","urlTemplate":"https:\/\/optimuminsurancegroup.be\/nl\/?s={search_term_string}"},"query-input":"required name=search_term_string"}],"inLanguage":"fr-FR"}]}},"_links":{"self":[{"href":"https:\/\/optimuminsurancegroup.be\/fr\/wp-json\/wp\/v2\/pages\/1570","targetHints":{"allow":["GET"]}}],"collection":[{"href":"https:\/\/optimuminsurancegroup.be\/fr\/wp-json\/wp\/v2\/pages"}],"about":[{"href":"https:\/\/optimuminsurancegroup.be\/fr\/wp-json\/wp\/v2\/types\/page"}],"author":[{"embeddable":true,"href":"https:\/\/optimuminsurancegroup.be\/fr\/wp-json\/wp\/v2\/users\/1"}],"replies":[{"embeddable":true,"href":"https:\/\/optimuminsurancegroup.be\/fr\/wp-json\/wp\/v2\/comments?post=1570"}],"version-history":[{"count":2,"href":"https:\/\/optimuminsurancegroup.be\/fr\/wp-json\/wp\/v2\/pages\/1570\/revisions"}],"predecessor-version":[{"id":1572,"href":"https:\/\/optimuminsurancegroup.be\/fr\/wp-json\/wp\/v2\/pages\/1570\/revisions\/1572"}],"up":[{"embeddable":true,"href":"https:\/\/optimuminsurancegroup.be\/fr\/wp-json\/wp\/v2\/pages\/1547"}],"wp:attachment":[{"href":"https:\/\/optimuminsurancegroup.be\/fr\/wp-json\/wp\/v2\/media?parent=1570"}],"curies":[{"name":"wp","href":"https:\/\/api.w.org\/{rel}","templated":true}]}}