{"id":1576,"date":"2014-07-16T15:30:46","date_gmt":"2014-07-08T15:05:22","guid":{"rendered":"http:\/\/optimainsurancegroup.crmtest.be\/ons-2\/"},"modified":"2015-06-05T10:19:41","modified_gmt":"2015-06-05T09:19:41","slug":"qui-sommes-nous","status":"publish","type":"page","link":"https:\/\/optimuminsurancegroup.be\/fr\/qui-sommes-nous\/","title":{"rendered":"Qui sommes-nous"},"content":{"rendered":"<p>Optima Insurance Group a plus de 35 ann\u00e9es d\u2019exp\u00e9rience, le bureau de courtage a \u00e9t\u00e9 cr\u00e9\u00e9 par Jean Arnolis. Il a commenc\u00e9 dans la branche \u00ab\u00a0Assurances-vie\u00a0\u00bb, mais il s\u2019est vite rendu compte que les clients voulaient aussi prot\u00e9ger leurs biens mat\u00e9riels, leurs responsabilit\u00e9s \u00a0et d\u2019autres risques. Entretemps nous sommes reconnus comme sp\u00e9cialiste et notre approche efficace et professionnelle sont fort appr\u00e9ci\u00e9es par nos clients.<\/p>\n<p>L\u2019assurance est une mati\u00e8re complexe et sans une connaissance solide, il est impossible d\u2019\u00eatre bien assur\u00e9 et de trouver la bonne solution \u00e0 vos besoins. Nous sommes votre partenaire pour prot\u00e9ger votre personne, vos proches et vos biens. Malheureusement la protection ne s\u2019arr\u00eate pas l\u00e0, il faut aussi \u00eatre conscient que vous pouvez causer des dommages personnels ou mat\u00e9riels aux tiers et ceci peut avoir des cons\u00e9quences financi\u00e8res importantes. Vous \u00eates particulier, ind\u00e9pendant ou g\u00e9rant d\u2019entreprise? Il ne faut pas se tracasser pour une gestion correcte de vos risques , demandez nous conseil. <\/p>\n<p>Etant courtier ind\u00e9pendant nous ne sommes pas li\u00e9s \u00e0 une seule compagnie d\u2019assurances ce qui nous permet de choisir librement le produit et la couverture la plus ad\u00e9quate pour vos besoins tenant compte de diff\u00e9rents facteurs. Nous travaillons uniquement avec des partenaires reconnus.<\/p>\n<p>Nos clients ne sont pas des num\u00e9ros, un contact personnel est notre objectif principal.<\/p>\n<p>Pour vous garantir un service optimal notre priorit\u00e9 est d\u2019\u00e9couter attentivement vos besoins.\u00a0Apr\u00e8s une analyse approfondie du march\u00e9 nous vous proposons la meilleure solution adapt\u00e9e \u00e0 vos besoins sp\u00e9cifiques avec discr\u00e9tion.<\/p>\n<p>En cas de sinistre, nous sommes l\u00e0 pour vous aider et pour faire preuve de notre valeur ajout\u00e9e. Notre disponibilit\u00e9 jouera certainement un r\u00f4le important. Comme courtier ind\u00e9pendant nous d\u00e9fendons les int\u00e9r\u00eats de nos clients. Vous pouvez compter sur une expertise correcte, un r\u00e8glement rapide et un suivi efficace au niveau administratif de votre dossier.<\/p>\n<p>Voulez-vous vous assurer et prot\u00e9ger vos proches ou avez-vous des autres demandes ?<\/p>\n<p>N\u2019h\u00e9sitez pas \u00e0 nous contacter.<\/p>\n<p>Tel : + 32 2 568 08 68\u00a0\u00a0\u00a0\u00a0\u00a0\u00a0\u00a0\u00a0\u00a0\u00a0\u00a0\u00a0\u00a0\u00a0\u00a0\u00a0 Fax : + 32 2 568 08 69<\/p>\n<p><a title=\"Contact\" href=\"\/fr\/contact\/\">Poser une question<\/a><br \/>\n<a title=\"Een vrijblijvende offerte aanvragen\" href=\"\/fr\/offre\/\">Demande d\u2019offre<\/a><br \/>\n<a title=\"Contact\" href=\"\/fr\/contact\/\">Signaler un changement<\/a> (adresse, voiture, situation familiale ,\u2026)<br \/>\n<a title=\"Schade online aangeven\" href=\"\/fr\/sinistres\/indiquer-sinistres-en-ligne\/\">D\u00e9clarer un sinistre<\/a><\/p>\n<p>&nbsp;<\/p>\n<div style=\"font-size:smaller;\">\n<span style=\"text-decoration: underline;\">Les courtiers d&rsquo;assurance sont assujettis \u00e0 des nouvelles r\u00e8gles de comportement<\/span><\/p>\n<p>Avec cette nouvelle loi (Assurmifid) le consommateur est mieux prot\u00e9g\u00e9 et le FSMA (service de contr\u00f4le des banques et des assurances) veillera \u00e0 ce que le courtier d&rsquo;assurance s&rsquo;investisse de fa\u00e7on loyale, honn\u00eate et professionnelle dans l&rsquo;int\u00e9r\u00eat du client.\u00a0 L&rsquo;information que le courtier d&rsquo;assurance procure \u00e0 son client doit \u00eatre correcte, claire et ne peut pas \u00eatre trompeuse.<\/p>\n<p>De plus, le courtier d&rsquo;assurance a un devoir d\u2019information et doit identifier des conflits d&rsquo;int\u00e9r\u00eat potentiels.<\/p>\n<p>Optima Insurance Group suit ces principes et ces r\u00e8gles de jeux depuis des d\u00e9cennies mais la nouvelle loi nous impose de formaliser certaines choses.<\/p>\n<p>Dans ce contexte, notre site internet a \u00e9t\u00e9 enrichi avec l&rsquo;information sur Assurmifid: <a href=\"http:\/\/www.fsma.be\/\">www.fsma.be<\/a>.<br \/>\nSuite \u00e0 cette nouvelle l\u00e9gislation, Optima Insurance Group doit disposer dor\u00e9navant d&rsquo;une fiche d&rsquo;information, sign\u00e9e par le preneur d&rsquo;assurance.<\/p>\n<p>Cette fiche contient entre autres vos renseignements d&rsquo;adresse, vos donn\u00e9es de contact et celles concernant votre statut social, votre \u00e9tat-civil, etc.<\/p><\/div>\n","protected":false},"excerpt":{"rendered":"<p>Optima Insurance Group a plus de 35 ann\u00e9es d\u2019exp\u00e9rience, le bureau de courtage a \u00e9t\u00e9 cr\u00e9\u00e9 par Jean Arnolis. Il a commenc\u00e9 dans la branche \u00ab\u00a0Assurances-vie\u00a0\u00bb, mais il s\u2019est vite rendu compte que les clients voulaient aussi prot\u00e9ger leurs biens mat\u00e9riels, leurs responsabilit\u00e9s \u00a0et d\u2019autres risques. Entretemps nous sommes reconnus comme sp\u00e9cialiste et notre approche [&hellip;]<\/p>\n","protected":false},"author":1,"featured_media":0,"parent":0,"menu_order":0,"comment_status":"closed","ping_status":"closed","template":"page-overons.php","meta":{"footnotes":""},"class_list":["post-1576","page","type-page","status-publish","hentry"],"yoast_head":"<!-- This site is optimized with the Yoast SEO plugin v21.8 - https:\/\/yoast.com\/wordpress\/plugins\/seo\/ -->\n<title>Qui sommes-nous  - Optimum insurance group<\/title>\n<meta name=\"description\" content=\"Optimum Insurance biedt verzekeringen en financi\u00eble producten op maat aan voor particulieren en professionelen.\" \/>\n<meta name=\"robots\" content=\"index, follow, max-snippet:-1, max-image-preview:large, max-video-preview:-1\" \/>\n<link rel=\"canonical\" href=\"https:\/\/optimuminsurancegroup.be\/fr\/qui-sommes-nous\/\" \/>\n<meta property=\"og:locale\" content=\"fr_FR\" \/>\n<meta property=\"og:type\" content=\"article\" \/>\n<meta property=\"og:title\" content=\"Qui sommes-nous  - Optimum insurance group\" \/>\n<meta property=\"og:description\" content=\"Optimum Insurance biedt verzekeringen en financi\u00eble producten op maat aan voor particulieren en professionelen.\" \/>\n<meta property=\"og:url\" content=\"https:\/\/optimuminsurancegroup.be\/fr\/qui-sommes-nous\/\" \/>\n<meta property=\"og:site_name\" content=\"Optimum insurance group\" \/>\n<meta property=\"article:modified_time\" content=\"2015-06-05T09:19:41+00:00\" \/>\n<meta name=\"twitter:label1\" content=\"Est. reading time\" \/>\n\t<meta name=\"twitter:data1\" content=\"3 minutes\" \/>\n<script type=\"application\/ld+json\" class=\"yoast-schema-graph\">{\"@context\":\"https:\/\/schema.org\",\"@graph\":[{\"@type\":\"WebPage\",\"@id\":\"https:\/\/optimuminsurancegroup.be\/fr\/qui-sommes-nous\/\",\"url\":\"https:\/\/optimuminsurancegroup.be\/fr\/qui-sommes-nous\/\",\"name\":\"Qui sommes-nous - Optimum insurance group\",\"isPartOf\":{\"@id\":\"https:\/\/optimuminsurancegroup.be\/nl\/#website\"},\"datePublished\":\"2014-07-08T15:05:22+00:00\",\"dateModified\":\"2015-06-05T09:19:41+00:00\",\"description\":\"Optimum Insurance biedt verzekeringen en financi\u00eble producten op maat aan voor particulieren en professionelen.\",\"breadcrumb\":{\"@id\":\"https:\/\/optimuminsurancegroup.be\/fr\/qui-sommes-nous\/#breadcrumb\"},\"inLanguage\":\"fr-FR\",\"potentialAction\":[{\"@type\":\"ReadAction\",\"target\":[\"https:\/\/optimuminsurancegroup.be\/fr\/qui-sommes-nous\/\"]}]},{\"@type\":\"BreadcrumbList\",\"@id\":\"https:\/\/optimuminsurancegroup.be\/fr\/qui-sommes-nous\/#breadcrumb\",\"itemListElement\":[{\"@type\":\"ListItem\",\"position\":1,\"name\":\"Home\",\"item\":\"https:\/\/optimuminsurancegroup.be\/fr\/\"},{\"@type\":\"ListItem\",\"position\":2,\"name\":\"Qui sommes-nous\"}]},{\"@type\":\"WebSite\",\"@id\":\"https:\/\/optimuminsurancegroup.be\/nl\/#website\",\"url\":\"https:\/\/optimuminsurancegroup.be\/nl\/\",\"name\":\"Optimum insurance group\",\"description\":\"Toutes les assurances \u00e0 un prix correct!\",\"potentialAction\":[{\"@type\":\"SearchAction\",\"target\":{\"@type\":\"EntryPoint\",\"urlTemplate\":\"https:\/\/optimuminsurancegroup.be\/nl\/?s={search_term_string}\"},\"query-input\":\"required name=search_term_string\"}],\"inLanguage\":\"fr-FR\"}]}<\/script>\n<!-- \/ Yoast SEO plugin. -->","yoast_head_json":{"title":"Qui sommes-nous  - Optimum insurance group","description":"Optimum Insurance biedt verzekeringen en financi\u00eble producten op maat aan voor particulieren en professionelen.","robots":{"index":"index","follow":"follow","max-snippet":"max-snippet:-1","max-image-preview":"max-image-preview:large","max-video-preview":"max-video-preview:-1"},"canonical":"https:\/\/optimuminsurancegroup.be\/fr\/qui-sommes-nous\/","og_locale":"fr_FR","og_type":"article","og_title":"Qui sommes-nous  - Optimum insurance group","og_description":"Optimum Insurance biedt verzekeringen en financi\u00eble producten op maat aan voor particulieren en professionelen.","og_url":"https:\/\/optimuminsurancegroup.be\/fr\/qui-sommes-nous\/","og_site_name":"Optimum insurance group","article_modified_time":"2015-06-05T09:19:41+00:00","twitter_misc":{"Est. reading time":"3 minutes"},"schema":{"@context":"https:\/\/schema.org","@graph":[{"@type":"WebPage","@id":"https:\/\/optimuminsurancegroup.be\/fr\/qui-sommes-nous\/","url":"https:\/\/optimuminsurancegroup.be\/fr\/qui-sommes-nous\/","name":"Qui sommes-nous - Optimum insurance group","isPartOf":{"@id":"https:\/\/optimuminsurancegroup.be\/nl\/#website"},"datePublished":"2014-07-08T15:05:22+00:00","dateModified":"2015-06-05T09:19:41+00:00","description":"Optimum Insurance biedt verzekeringen en financi\u00eble producten op maat aan voor particulieren en professionelen.","breadcrumb":{"@id":"https:\/\/optimuminsurancegroup.be\/fr\/qui-sommes-nous\/#breadcrumb"},"inLanguage":"fr-FR","potentialAction":[{"@type":"ReadAction","target":["https:\/\/optimuminsurancegroup.be\/fr\/qui-sommes-nous\/"]}]},{"@type":"BreadcrumbList","@id":"https:\/\/optimuminsurancegroup.be\/fr\/qui-sommes-nous\/#breadcrumb","itemListElement":[{"@type":"ListItem","position":1,"name":"Home","item":"https:\/\/optimuminsurancegroup.be\/fr\/"},{"@type":"ListItem","position":2,"name":"Qui sommes-nous"}]},{"@type":"WebSite","@id":"https:\/\/optimuminsurancegroup.be\/nl\/#website","url":"https:\/\/optimuminsurancegroup.be\/nl\/","name":"Optimum insurance group","description":"Toutes les assurances \u00e0 un prix correct!","potentialAction":[{"@type":"SearchAction","target":{"@type":"EntryPoint","urlTemplate":"https:\/\/optimuminsurancegroup.be\/nl\/?s={search_term_string}"},"query-input":"required name=search_term_string"}],"inLanguage":"fr-FR"}]}},"_links":{"self":[{"href":"https:\/\/optimuminsurancegroup.be\/fr\/wp-json\/wp\/v2\/pages\/1576","targetHints":{"allow":["GET"]}}],"collection":[{"href":"https:\/\/optimuminsurancegroup.be\/fr\/wp-json\/wp\/v2\/pages"}],"about":[{"href":"https:\/\/optimuminsurancegroup.be\/fr\/wp-json\/wp\/v2\/types\/page"}],"author":[{"embeddable":true,"href":"https:\/\/optimuminsurancegroup.be\/fr\/wp-json\/wp\/v2\/users\/1"}],"replies":[{"embeddable":true,"href":"https:\/\/optimuminsurancegroup.be\/fr\/wp-json\/wp\/v2\/comments?post=1576"}],"version-history":[{"count":5,"href":"https:\/\/optimuminsurancegroup.be\/fr\/wp-json\/wp\/v2\/pages\/1576\/revisions"}],"predecessor-version":[{"id":1700,"href":"https:\/\/optimuminsurancegroup.be\/fr\/wp-json\/wp\/v2\/pages\/1576\/revisions\/1700"}],"wp:attachment":[{"href":"https:\/\/optimuminsurancegroup.be\/fr\/wp-json\/wp\/v2\/media?parent=1576"}],"curies":[{"name":"wp","href":"https:\/\/api.w.org\/{rel}","templated":true}]}}