{"id":1581,"date":"2014-07-16T15:30:47","date_gmt":"2014-07-15T11:03:49","guid":{"rendered":"http:\/\/optimainsurancegroup.crmtest.be\/particulieren\/autoverzekering\/"},"modified":"2015-04-28T09:12:49","modified_gmt":"2015-04-28T08:12:49","slug":"autoverzekering","status":"publish","type":"page","link":"https:\/\/optimuminsurancegroup.be\/fr\/particulieren\/autoverzekering\/","title":{"rendered":"Assurance Voiture"},"content":{"rendered":"<p>Sous r\u00e9serve de l&rsquo;assurance responsabilit\u00e9 civile obligatoire pour les v\u00e9hicules \u00e0 moteur, conform\u00e9ment \u00e0 la loi du 14\/12\/1992.<br \/>\nCette police s&rsquo;engage \u00e0 rembourser les dommages corporels et mat\u00e9riels \u00e0 d&rsquo;autres.<\/p>\n<h2>Omnium<\/h2>\n<p>L&rsquo;assurance compl\u00e8te est une assurance non obligatoire, qui couvre les dommages \u00e0 votre propre voiture (m\u00eame \u00e0 leur propre faute). Cette taxe se applique \u00e9galement \u00e0 feu, vol, bris de verre ou de forces naturelles. Il est en fait un certain nombre de garanties suppl\u00e9mentaires, en plus de la RC\u00a0classique et une assistance juridique. En r\u00e8gle g\u00e9n\u00e9rale, on peut distinguer deux types de casco compl\u00e8te:<\/p>\n<h3>Omnium petit<\/h3>\n<p>&#8211; <strong>Feu<\/strong>:<br \/>\nCette garantie vous couvre en cas de dommages d&rsquo;incendie caus\u00e9s par le feu dans les moteurs \/ tubes mais aussi dans votre garage, maison, feu, foudre, explosion, auto-allumage, court-circuit et d&rsquo;extinction des dommages.<br \/>\n&#8211; <strong>Vol<\/strong>:<br \/>\nLes d\u00e9g\u00e2ts mat\u00e9riels caus\u00e9s par le vol ou tentative de vol (des fen\u00eatres bris\u00e9es, porte forc\u00e9e, &#8230;) de votre v\u00e9hicule seront rembours\u00e9s.<br \/>\n&#8211; <strong>Bris de verre<\/strong>:<br \/>\nLe bris de verre caus\u00e9s par les \u00e9clats de pierre est beaucoup plus commun que vous pensez, mais cette garantie peut \u00e9galement \u00eatre consult\u00e9 en cas de cambriolage. Avoir raison des\u00a0criminels et \u00e9viter dans tous les cas une bonne visibilit\u00e9 de votre GPS, smartphone, ordinateur portable, tablette PC, &#8230; dans la voiture!<br \/>\n&#8211; <strong>Les forces naturelles<\/strong>:<br \/>\nLes classiques sont ici: d\u00e9g\u00e2ts de la temp\u00eate, la gr\u00eale, la chute d&rsquo;objets comme un poteau \u00e9lectrique, arbres, pierres, tuiles, &#8230; m\u00eame les inondations, la foudre et les collisions avec la faune.<\/p>\n<h3>Grande omnium\/ corps compl\u00e8te<\/h3>\n<p>La garantie \u00abdommages corporels\u00bb couvre tous les dommages au v\u00e9hicule (accident par erreur, par exemple de conduire \u00e0 votre propre garage, le vandalisme, le fuite-delit, carjacking, &#8230;). Pour un accident en droit, cette garantie est important. Apr\u00e8s tout, il ya des discussions au sujet de qui est en faute. La contrepartie peut \u00eatre un \u00e9tranger, ou tout simplement pas assur\u00e9 &#8230; Dans ces situations, la taxe peut \u00eatre longue \u00e0 venir, alors que le remboursement par une assurance compl\u00e8te effectu\u00e9e imm\u00e9diatement.\u00a0Autres garanties sont le feu, le vol, bris de verre, les forces naturelles, collisions avec des animaux comme expliqu\u00e9 dans &lsquo;petite omnium.<\/p>\n","protected":false},"excerpt":{"rendered":"<p>Sous r\u00e9serve de l&rsquo;assurance responsabilit\u00e9 civile obligatoire pour les v\u00e9hicules \u00e0 moteur, conform\u00e9ment \u00e0 la loi du 14\/12\/1992. Cette police s&rsquo;engage \u00e0 rembourser les dommages corporels et mat\u00e9riels \u00e0 d&rsquo;autres. Omnium L&rsquo;assurance compl\u00e8te est une assurance non obligatoire, qui couvre les dommages \u00e0 votre propre voiture (m\u00eame \u00e0 leur propre faute). Cette taxe se applique [&hellip;]<\/p>\n","protected":false},"author":1,"featured_media":0,"parent":1579,"menu_order":0,"comment_status":"closed","ping_status":"closed","template":"page-producten.php","meta":{"footnotes":""},"class_list":["post-1581","page","type-page","status-publish","hentry"],"yoast_head":"<!-- This site is optimized with the Yoast SEO plugin v21.8 - https:\/\/yoast.com\/wordpress\/plugins\/seo\/ -->\n<title>Assurance Voiture - Optimum insurance group<\/title>\n<meta name=\"description\" content=\"Optimum Insurance biedt verzekeringen en financi\u00eble producten op maat aan voor particulieren en professionelen.\" \/>\n<meta name=\"robots\" content=\"index, follow, max-snippet:-1, max-image-preview:large, max-video-preview:-1\" \/>\n<link rel=\"canonical\" href=\"https:\/\/optimuminsurancegroup.be\/fr\/particulieren\/autoverzekering\/\" \/>\n<meta property=\"og:locale\" content=\"fr_FR\" \/>\n<meta property=\"og:type\" content=\"article\" \/>\n<meta property=\"og:title\" content=\"Assurance Voiture - Optimum insurance group\" \/>\n<meta property=\"og:description\" content=\"Optimum Insurance biedt verzekeringen en financi\u00eble producten op maat aan voor particulieren en professionelen.\" \/>\n<meta property=\"og:url\" content=\"https:\/\/optimuminsurancegroup.be\/fr\/particulieren\/autoverzekering\/\" \/>\n<meta property=\"og:site_name\" content=\"Optimum insurance group\" \/>\n<meta property=\"article:modified_time\" content=\"2015-04-28T08:12:49+00:00\" \/>\n<meta name=\"twitter:label1\" content=\"Est. reading time\" \/>\n\t<meta name=\"twitter:data1\" content=\"2 minutes\" \/>\n<script type=\"application\/ld+json\" class=\"yoast-schema-graph\">{\"@context\":\"https:\/\/schema.org\",\"@graph\":[{\"@type\":\"WebPage\",\"@id\":\"https:\/\/optimuminsurancegroup.be\/fr\/particulieren\/autoverzekering\/\",\"url\":\"https:\/\/optimuminsurancegroup.be\/fr\/particulieren\/autoverzekering\/\",\"name\":\"Assurance Voiture - Optimum insurance group\",\"isPartOf\":{\"@id\":\"https:\/\/optimuminsurancegroup.be\/nl\/#website\"},\"datePublished\":\"2014-07-15T11:03:49+00:00\",\"dateModified\":\"2015-04-28T08:12:49+00:00\",\"description\":\"Optimum Insurance biedt verzekeringen en financi\u00eble producten op maat aan voor particulieren en professionelen.\",\"breadcrumb\":{\"@id\":\"https:\/\/optimuminsurancegroup.be\/fr\/particulieren\/autoverzekering\/#breadcrumb\"},\"inLanguage\":\"fr-FR\",\"potentialAction\":[{\"@type\":\"ReadAction\",\"target\":[\"https:\/\/optimuminsurancegroup.be\/fr\/particulieren\/autoverzekering\/\"]}]},{\"@type\":\"BreadcrumbList\",\"@id\":\"https:\/\/optimuminsurancegroup.be\/fr\/particulieren\/autoverzekering\/#breadcrumb\",\"itemListElement\":[{\"@type\":\"ListItem\",\"position\":1,\"name\":\"Home\",\"item\":\"https:\/\/optimuminsurancegroup.be\/fr\/\"},{\"@type\":\"ListItem\",\"position\":2,\"name\":\"Particuliers\",\"item\":\"https:\/\/optimuminsurancegroup.be\/fr\/particulieren\/\"},{\"@type\":\"ListItem\",\"position\":3,\"name\":\"Assurance Voiture\"}]},{\"@type\":\"WebSite\",\"@id\":\"https:\/\/optimuminsurancegroup.be\/nl\/#website\",\"url\":\"https:\/\/optimuminsurancegroup.be\/nl\/\",\"name\":\"Optimum insurance group\",\"description\":\"Toutes les assurances \u00e0 un prix correct!\",\"potentialAction\":[{\"@type\":\"SearchAction\",\"target\":{\"@type\":\"EntryPoint\",\"urlTemplate\":\"https:\/\/optimuminsurancegroup.be\/nl\/?s={search_term_string}\"},\"query-input\":\"required name=search_term_string\"}],\"inLanguage\":\"fr-FR\"}]}<\/script>\n<!-- \/ Yoast SEO plugin. -->","yoast_head_json":{"title":"Assurance Voiture - Optimum insurance group","description":"Optimum Insurance biedt verzekeringen en financi\u00eble producten op maat aan voor particulieren en professionelen.","robots":{"index":"index","follow":"follow","max-snippet":"max-snippet:-1","max-image-preview":"max-image-preview:large","max-video-preview":"max-video-preview:-1"},"canonical":"https:\/\/optimuminsurancegroup.be\/fr\/particulieren\/autoverzekering\/","og_locale":"fr_FR","og_type":"article","og_title":"Assurance Voiture - Optimum insurance group","og_description":"Optimum Insurance biedt verzekeringen en financi\u00eble producten op maat aan voor particulieren en professionelen.","og_url":"https:\/\/optimuminsurancegroup.be\/fr\/particulieren\/autoverzekering\/","og_site_name":"Optimum insurance group","article_modified_time":"2015-04-28T08:12:49+00:00","twitter_misc":{"Est. reading time":"2 minutes"},"schema":{"@context":"https:\/\/schema.org","@graph":[{"@type":"WebPage","@id":"https:\/\/optimuminsurancegroup.be\/fr\/particulieren\/autoverzekering\/","url":"https:\/\/optimuminsurancegroup.be\/fr\/particulieren\/autoverzekering\/","name":"Assurance Voiture - Optimum insurance group","isPartOf":{"@id":"https:\/\/optimuminsurancegroup.be\/nl\/#website"},"datePublished":"2014-07-15T11:03:49+00:00","dateModified":"2015-04-28T08:12:49+00:00","description":"Optimum Insurance biedt verzekeringen en financi\u00eble producten op maat aan voor particulieren en professionelen.","breadcrumb":{"@id":"https:\/\/optimuminsurancegroup.be\/fr\/particulieren\/autoverzekering\/#breadcrumb"},"inLanguage":"fr-FR","potentialAction":[{"@type":"ReadAction","target":["https:\/\/optimuminsurancegroup.be\/fr\/particulieren\/autoverzekering\/"]}]},{"@type":"BreadcrumbList","@id":"https:\/\/optimuminsurancegroup.be\/fr\/particulieren\/autoverzekering\/#breadcrumb","itemListElement":[{"@type":"ListItem","position":1,"name":"Home","item":"https:\/\/optimuminsurancegroup.be\/fr\/"},{"@type":"ListItem","position":2,"name":"Particuliers","item":"https:\/\/optimuminsurancegroup.be\/fr\/particulieren\/"},{"@type":"ListItem","position":3,"name":"Assurance Voiture"}]},{"@type":"WebSite","@id":"https:\/\/optimuminsurancegroup.be\/nl\/#website","url":"https:\/\/optimuminsurancegroup.be\/nl\/","name":"Optimum insurance group","description":"Toutes les assurances \u00e0 un prix correct!","potentialAction":[{"@type":"SearchAction","target":{"@type":"EntryPoint","urlTemplate":"https:\/\/optimuminsurancegroup.be\/nl\/?s={search_term_string}"},"query-input":"required name=search_term_string"}],"inLanguage":"fr-FR"}]}},"_links":{"self":[{"href":"https:\/\/optimuminsurancegroup.be\/fr\/wp-json\/wp\/v2\/pages\/1581","targetHints":{"allow":["GET"]}}],"collection":[{"href":"https:\/\/optimuminsurancegroup.be\/fr\/wp-json\/wp\/v2\/pages"}],"about":[{"href":"https:\/\/optimuminsurancegroup.be\/fr\/wp-json\/wp\/v2\/types\/page"}],"author":[{"embeddable":true,"href":"https:\/\/optimuminsurancegroup.be\/fr\/wp-json\/wp\/v2\/users\/1"}],"replies":[{"embeddable":true,"href":"https:\/\/optimuminsurancegroup.be\/fr\/wp-json\/wp\/v2\/comments?post=1581"}],"version-history":[{"count":2,"href":"https:\/\/optimuminsurancegroup.be\/fr\/wp-json\/wp\/v2\/pages\/1581\/revisions"}],"predecessor-version":[{"id":1583,"href":"https:\/\/optimuminsurancegroup.be\/fr\/wp-json\/wp\/v2\/pages\/1581\/revisions\/1583"}],"up":[{"embeddable":true,"href":"https:\/\/optimuminsurancegroup.be\/fr\/wp-json\/wp\/v2\/pages\/1579"}],"wp:attachment":[{"href":"https:\/\/optimuminsurancegroup.be\/fr\/wp-json\/wp\/v2\/media?parent=1581"}],"curies":[{"name":"wp","href":"https:\/\/api.w.org\/{rel}","templated":true}]}}