{"id":1590,"date":"2014-07-16T15:30:47","date_gmt":"2014-07-15T11:07:33","guid":{"rendered":"http:\/\/optimainsurancegroup.crmtest.be\/particulieren\/burgerlijke-aansprakelijkheid-2\/"},"modified":"2015-04-28T09:18:26","modified_gmt":"2015-04-28T08:18:26","slug":"burgerlijke-aansprakelijkheid-2","status":"publish","type":"page","link":"https:\/\/optimuminsurancegroup.be\/fr\/particulieren\/burgerlijke-aansprakelijkheid-2\/","title":{"rendered":"Responsabilit\u00e9 civile"},"content":{"rendered":"<p>L&rsquo;assurance responsabilit\u00e9 civile intervient quand, suite \u00e0 un accident, il est clair que l&rsquo;un de la personne assur\u00e9e est responsable. Il couvre, en d&rsquo;autres termes, la responsabilit\u00e9 de l&rsquo;assur\u00e9 pour les dommages \u00e0 des tiers. L&rsquo;erreur est une mauvaise pratique qui ne auraient pas \u00e9t\u00e9 commis par une personne normalement prudente et diligente.<\/p>\n<p>En g\u00e9n\u00e9ral, une victime a droit \u00e0 la pleine restauration du pr\u00e9judice caus\u00e9 \u00e0 lui se il ya une erreur. Il doit prouver que la personne a d\u00e9j\u00e0 fait de mal, il a souffert efficacement les dommages, et qu&rsquo;il ya un lien entre la faute et le dommage subi.\u00a0Cette restauration compl\u00e8te comprend la restauration de son \u00e9tat d&rsquo;origine ou de remplacer les biens endommag\u00e9s, les soins m\u00e9dicaux et autres d\u00e9penses pour le traitement des bless\u00e9s, par la victime et \/ ou de son pr\u00e9judice mat\u00e9riel imm\u00e9diat, la r\u00e9cup\u00e9ration des effets de la mort, ainsi que les int\u00e9r\u00eats de la date \u00e0 laquelle le dommage a eu lieu jusqu&rsquo;\u00e0 la date de leur r\u00e9cup\u00e9ration.<\/p>\n","protected":false},"excerpt":{"rendered":"<p>L&rsquo;assurance responsabilit\u00e9 civile intervient quand, suite \u00e0 un accident, il est clair que l&rsquo;un de la personne assur\u00e9e est responsable. Il couvre, en d&rsquo;autres termes, la responsabilit\u00e9 de l&rsquo;assur\u00e9 pour les dommages \u00e0 des tiers. L&rsquo;erreur est une mauvaise pratique qui ne auraient pas \u00e9t\u00e9 commis par une personne normalement prudente et diligente. En g\u00e9n\u00e9ral, [&hellip;]<\/p>\n","protected":false},"author":1,"featured_media":0,"parent":1579,"menu_order":0,"comment_status":"closed","ping_status":"closed","template":"page-producten.php","meta":{"footnotes":""},"class_list":["post-1590","page","type-page","status-publish","hentry"],"yoast_head":"<!-- This site is optimized with the Yoast SEO plugin v21.8 - https:\/\/yoast.com\/wordpress\/plugins\/seo\/ -->\n<title>Responsabilit\u00e9 civile - Optimum insurance group<\/title>\n<meta name=\"description\" content=\"Optimum Insurance biedt verzekeringen en financi\u00eble producten op maat aan voor particulieren en professionelen.\" \/>\n<meta name=\"robots\" content=\"index, follow, max-snippet:-1, max-image-preview:large, max-video-preview:-1\" \/>\n<link rel=\"canonical\" href=\"https:\/\/optimuminsurancegroup.be\/fr\/particulieren\/burgerlijke-aansprakelijkheid-2\/\" \/>\n<meta property=\"og:locale\" content=\"fr_FR\" \/>\n<meta property=\"og:type\" content=\"article\" \/>\n<meta property=\"og:title\" content=\"Responsabilit\u00e9 civile - Optimum insurance group\" \/>\n<meta property=\"og:description\" content=\"Optimum Insurance biedt verzekeringen en financi\u00eble producten op maat aan voor particulieren en professionelen.\" \/>\n<meta property=\"og:url\" content=\"https:\/\/optimuminsurancegroup.be\/fr\/particulieren\/burgerlijke-aansprakelijkheid-2\/\" \/>\n<meta property=\"og:site_name\" content=\"Optimum insurance group\" \/>\n<meta property=\"article:modified_time\" content=\"2015-04-28T08:18:26+00:00\" \/>\n<meta name=\"twitter:label1\" content=\"Est. reading time\" \/>\n\t<meta name=\"twitter:data1\" content=\"1 minute\" \/>\n<script type=\"application\/ld+json\" class=\"yoast-schema-graph\">{\"@context\":\"https:\/\/schema.org\",\"@graph\":[{\"@type\":\"WebPage\",\"@id\":\"https:\/\/optimuminsurancegroup.be\/fr\/particulieren\/burgerlijke-aansprakelijkheid-2\/\",\"url\":\"https:\/\/optimuminsurancegroup.be\/fr\/particulieren\/burgerlijke-aansprakelijkheid-2\/\",\"name\":\"Responsabilit\u00e9 civile - Optimum insurance group\",\"isPartOf\":{\"@id\":\"https:\/\/optimuminsurancegroup.be\/nl\/#website\"},\"datePublished\":\"2014-07-15T11:07:33+00:00\",\"dateModified\":\"2015-04-28T08:18:26+00:00\",\"description\":\"Optimum Insurance biedt verzekeringen en financi\u00eble producten op maat aan voor particulieren en professionelen.\",\"breadcrumb\":{\"@id\":\"https:\/\/optimuminsurancegroup.be\/fr\/particulieren\/burgerlijke-aansprakelijkheid-2\/#breadcrumb\"},\"inLanguage\":\"fr-FR\",\"potentialAction\":[{\"@type\":\"ReadAction\",\"target\":[\"https:\/\/optimuminsurancegroup.be\/fr\/particulieren\/burgerlijke-aansprakelijkheid-2\/\"]}]},{\"@type\":\"BreadcrumbList\",\"@id\":\"https:\/\/optimuminsurancegroup.be\/fr\/particulieren\/burgerlijke-aansprakelijkheid-2\/#breadcrumb\",\"itemListElement\":[{\"@type\":\"ListItem\",\"position\":1,\"name\":\"Home\",\"item\":\"https:\/\/optimuminsurancegroup.be\/fr\/\"},{\"@type\":\"ListItem\",\"position\":2,\"name\":\"Particuliers\",\"item\":\"https:\/\/optimuminsurancegroup.be\/fr\/particulieren\/\"},{\"@type\":\"ListItem\",\"position\":3,\"name\":\"Responsabilit\u00e9 civile\"}]},{\"@type\":\"WebSite\",\"@id\":\"https:\/\/optimuminsurancegroup.be\/nl\/#website\",\"url\":\"https:\/\/optimuminsurancegroup.be\/nl\/\",\"name\":\"Optimum insurance group\",\"description\":\"Toutes les assurances \u00e0 un prix correct!\",\"potentialAction\":[{\"@type\":\"SearchAction\",\"target\":{\"@type\":\"EntryPoint\",\"urlTemplate\":\"https:\/\/optimuminsurancegroup.be\/nl\/?s={search_term_string}\"},\"query-input\":\"required name=search_term_string\"}],\"inLanguage\":\"fr-FR\"}]}<\/script>\n<!-- \/ Yoast SEO plugin. -->","yoast_head_json":{"title":"Responsabilit\u00e9 civile - Optimum insurance group","description":"Optimum Insurance biedt verzekeringen en financi\u00eble producten op maat aan voor particulieren en professionelen.","robots":{"index":"index","follow":"follow","max-snippet":"max-snippet:-1","max-image-preview":"max-image-preview:large","max-video-preview":"max-video-preview:-1"},"canonical":"https:\/\/optimuminsurancegroup.be\/fr\/particulieren\/burgerlijke-aansprakelijkheid-2\/","og_locale":"fr_FR","og_type":"article","og_title":"Responsabilit\u00e9 civile - Optimum insurance group","og_description":"Optimum Insurance biedt verzekeringen en financi\u00eble producten op maat aan voor particulieren en professionelen.","og_url":"https:\/\/optimuminsurancegroup.be\/fr\/particulieren\/burgerlijke-aansprakelijkheid-2\/","og_site_name":"Optimum insurance group","article_modified_time":"2015-04-28T08:18:26+00:00","twitter_misc":{"Est. reading time":"1 minute"},"schema":{"@context":"https:\/\/schema.org","@graph":[{"@type":"WebPage","@id":"https:\/\/optimuminsurancegroup.be\/fr\/particulieren\/burgerlijke-aansprakelijkheid-2\/","url":"https:\/\/optimuminsurancegroup.be\/fr\/particulieren\/burgerlijke-aansprakelijkheid-2\/","name":"Responsabilit\u00e9 civile - Optimum insurance group","isPartOf":{"@id":"https:\/\/optimuminsurancegroup.be\/nl\/#website"},"datePublished":"2014-07-15T11:07:33+00:00","dateModified":"2015-04-28T08:18:26+00:00","description":"Optimum Insurance biedt verzekeringen en financi\u00eble producten op maat aan voor particulieren en professionelen.","breadcrumb":{"@id":"https:\/\/optimuminsurancegroup.be\/fr\/particulieren\/burgerlijke-aansprakelijkheid-2\/#breadcrumb"},"inLanguage":"fr-FR","potentialAction":[{"@type":"ReadAction","target":["https:\/\/optimuminsurancegroup.be\/fr\/particulieren\/burgerlijke-aansprakelijkheid-2\/"]}]},{"@type":"BreadcrumbList","@id":"https:\/\/optimuminsurancegroup.be\/fr\/particulieren\/burgerlijke-aansprakelijkheid-2\/#breadcrumb","itemListElement":[{"@type":"ListItem","position":1,"name":"Home","item":"https:\/\/optimuminsurancegroup.be\/fr\/"},{"@type":"ListItem","position":2,"name":"Particuliers","item":"https:\/\/optimuminsurancegroup.be\/fr\/particulieren\/"},{"@type":"ListItem","position":3,"name":"Responsabilit\u00e9 civile"}]},{"@type":"WebSite","@id":"https:\/\/optimuminsurancegroup.be\/nl\/#website","url":"https:\/\/optimuminsurancegroup.be\/nl\/","name":"Optimum insurance group","description":"Toutes les assurances \u00e0 un prix correct!","potentialAction":[{"@type":"SearchAction","target":{"@type":"EntryPoint","urlTemplate":"https:\/\/optimuminsurancegroup.be\/nl\/?s={search_term_string}"},"query-input":"required name=search_term_string"}],"inLanguage":"fr-FR"}]}},"_links":{"self":[{"href":"https:\/\/optimuminsurancegroup.be\/fr\/wp-json\/wp\/v2\/pages\/1590","targetHints":{"allow":["GET"]}}],"collection":[{"href":"https:\/\/optimuminsurancegroup.be\/fr\/wp-json\/wp\/v2\/pages"}],"about":[{"href":"https:\/\/optimuminsurancegroup.be\/fr\/wp-json\/wp\/v2\/types\/page"}],"author":[{"embeddable":true,"href":"https:\/\/optimuminsurancegroup.be\/fr\/wp-json\/wp\/v2\/users\/1"}],"replies":[{"embeddable":true,"href":"https:\/\/optimuminsurancegroup.be\/fr\/wp-json\/wp\/v2\/comments?post=1590"}],"version-history":[{"count":2,"href":"https:\/\/optimuminsurancegroup.be\/fr\/wp-json\/wp\/v2\/pages\/1590\/revisions"}],"predecessor-version":[{"id":1592,"href":"https:\/\/optimuminsurancegroup.be\/fr\/wp-json\/wp\/v2\/pages\/1590\/revisions\/1592"}],"up":[{"embeddable":true,"href":"https:\/\/optimuminsurancegroup.be\/fr\/wp-json\/wp\/v2\/pages\/1579"}],"wp:attachment":[{"href":"https:\/\/optimuminsurancegroup.be\/fr\/wp-json\/wp\/v2\/media?parent=1590"}],"curies":[{"name":"wp","href":"https:\/\/api.w.org\/{rel}","templated":true}]}}