{"id":1593,"date":"2014-07-16T15:30:47","date_gmt":"2014-07-15T11:06:23","guid":{"rendered":"http:\/\/optimainsurancegroup.crmtest.be\/particulieren\/familiale-verzekering\/"},"modified":"2015-04-28T09:17:05","modified_gmt":"2015-04-28T08:17:05","slug":"familiale-verzekering","status":"publish","type":"page","link":"https:\/\/optimuminsurancegroup.be\/fr\/particulieren\/familiale-verzekering\/","title":{"rendered":"Assurance familiale"},"content":{"rendered":"<p>La police \u00abfamille\u00bb ne est pas l\u00e9galement obligatoire, mais fortement la police\u00a0recommand\u00e9,\u00a0qui intervient\u00a0en cas de dommages accidentels \u00e0 des tiers, vous ou quelqu&rsquo;un dans votre famille (femmes de m\u00e9nage \/ animaux, garde d&rsquo;enfants, &#8230;) provoque. Les exemples classiques sont:<\/p>\n<ul>\n<li>Vous repoussez une tasse de caf\u00e9 sur le clavier de l&rsquo;ordinateur de votre ami<\/li>\n<li>Votre chien tire, lors d&rsquo;une promenade, l\u00e2che et a provoqu\u00e9 un accident de la circulation, votre cheval provoque un accident sur la route, &#8230;<\/li>\n<li>Un membre de la famille entre en collision avec le v\u00e9lo contre une voiture gar\u00e9e.<\/li>\n<li>Apr\u00e8s le shopping vos caddy courses de le parking vers le bas, contre un v\u00e9hicule.<\/li>\n<li>Votre fils \/ fille blesse un ami) qui est venu jouer avec vous.<\/li>\n<li>\u2026<\/li>\n<\/ul>\n<p>ASTUCE: C\u00e9libataire et \u00e2g\u00e9 de 60 ans b\u00e9n\u00e9ficient d&rsquo;un tarif r\u00e9duit!<\/p>\n","protected":false},"excerpt":{"rendered":"<p>La police \u00abfamille\u00bb ne est pas l\u00e9galement obligatoire, mais fortement la police\u00a0recommand\u00e9,\u00a0qui intervient\u00a0en cas de dommages accidentels \u00e0 des tiers, vous ou quelqu&rsquo;un dans votre famille (femmes de m\u00e9nage \/ animaux, garde d&rsquo;enfants, &#8230;) provoque. Les exemples classiques sont: Vous repoussez une tasse de caf\u00e9 sur le clavier de l&rsquo;ordinateur de votre ami Votre chien [&hellip;]<\/p>\n","protected":false},"author":1,"featured_media":0,"parent":1579,"menu_order":0,"comment_status":"closed","ping_status":"closed","template":"page-producten.php","meta":{"footnotes":""},"class_list":["post-1593","page","type-page","status-publish","hentry"],"yoast_head":"<!-- This site is optimized with the Yoast SEO plugin v21.8 - https:\/\/yoast.com\/wordpress\/plugins\/seo\/ -->\n<title>Assurance familiale - Optimum insurance group<\/title>\n<meta name=\"description\" content=\"Optimum Insurance biedt verzekeringen en financi\u00eble producten op maat aan voor particulieren en professionelen.\" \/>\n<meta name=\"robots\" content=\"index, follow, max-snippet:-1, max-image-preview:large, max-video-preview:-1\" \/>\n<link rel=\"canonical\" href=\"https:\/\/optimuminsurancegroup.be\/fr\/particulieren\/familiale-verzekering\/\" \/>\n<meta property=\"og:locale\" content=\"fr_FR\" \/>\n<meta property=\"og:type\" content=\"article\" \/>\n<meta property=\"og:title\" content=\"Assurance familiale - Optimum insurance group\" \/>\n<meta property=\"og:description\" content=\"Optimum Insurance biedt verzekeringen en financi\u00eble producten op maat aan voor particulieren en professionelen.\" \/>\n<meta property=\"og:url\" content=\"https:\/\/optimuminsurancegroup.be\/fr\/particulieren\/familiale-verzekering\/\" \/>\n<meta property=\"og:site_name\" content=\"Optimum insurance group\" \/>\n<meta property=\"article:modified_time\" content=\"2015-04-28T08:17:05+00:00\" \/>\n<meta name=\"twitter:label1\" content=\"Est. reading time\" \/>\n\t<meta name=\"twitter:data1\" content=\"1 minute\" \/>\n<script type=\"application\/ld+json\" class=\"yoast-schema-graph\">{\"@context\":\"https:\/\/schema.org\",\"@graph\":[{\"@type\":\"WebPage\",\"@id\":\"https:\/\/optimuminsurancegroup.be\/fr\/particulieren\/familiale-verzekering\/\",\"url\":\"https:\/\/optimuminsurancegroup.be\/fr\/particulieren\/familiale-verzekering\/\",\"name\":\"Assurance familiale - Optimum insurance group\",\"isPartOf\":{\"@id\":\"https:\/\/optimuminsurancegroup.be\/nl\/#website\"},\"datePublished\":\"2014-07-15T11:06:23+00:00\",\"dateModified\":\"2015-04-28T08:17:05+00:00\",\"description\":\"Optimum Insurance biedt verzekeringen en financi\u00eble producten op maat aan voor particulieren en professionelen.\",\"breadcrumb\":{\"@id\":\"https:\/\/optimuminsurancegroup.be\/fr\/particulieren\/familiale-verzekering\/#breadcrumb\"},\"inLanguage\":\"fr-FR\",\"potentialAction\":[{\"@type\":\"ReadAction\",\"target\":[\"https:\/\/optimuminsurancegroup.be\/fr\/particulieren\/familiale-verzekering\/\"]}]},{\"@type\":\"BreadcrumbList\",\"@id\":\"https:\/\/optimuminsurancegroup.be\/fr\/particulieren\/familiale-verzekering\/#breadcrumb\",\"itemListElement\":[{\"@type\":\"ListItem\",\"position\":1,\"name\":\"Home\",\"item\":\"https:\/\/optimuminsurancegroup.be\/fr\/\"},{\"@type\":\"ListItem\",\"position\":2,\"name\":\"Particuliers\",\"item\":\"https:\/\/optimuminsurancegroup.be\/fr\/particulieren\/\"},{\"@type\":\"ListItem\",\"position\":3,\"name\":\"Assurance familiale\"}]},{\"@type\":\"WebSite\",\"@id\":\"https:\/\/optimuminsurancegroup.be\/nl\/#website\",\"url\":\"https:\/\/optimuminsurancegroup.be\/nl\/\",\"name\":\"Optimum insurance group\",\"description\":\"Toutes les assurances \u00e0 un prix correct!\",\"potentialAction\":[{\"@type\":\"SearchAction\",\"target\":{\"@type\":\"EntryPoint\",\"urlTemplate\":\"https:\/\/optimuminsurancegroup.be\/nl\/?s={search_term_string}\"},\"query-input\":\"required name=search_term_string\"}],\"inLanguage\":\"fr-FR\"}]}<\/script>\n<!-- \/ Yoast SEO plugin. -->","yoast_head_json":{"title":"Assurance familiale - Optimum insurance group","description":"Optimum Insurance biedt verzekeringen en financi\u00eble producten op maat aan voor particulieren en professionelen.","robots":{"index":"index","follow":"follow","max-snippet":"max-snippet:-1","max-image-preview":"max-image-preview:large","max-video-preview":"max-video-preview:-1"},"canonical":"https:\/\/optimuminsurancegroup.be\/fr\/particulieren\/familiale-verzekering\/","og_locale":"fr_FR","og_type":"article","og_title":"Assurance familiale - Optimum insurance group","og_description":"Optimum Insurance biedt verzekeringen en financi\u00eble producten op maat aan voor particulieren en professionelen.","og_url":"https:\/\/optimuminsurancegroup.be\/fr\/particulieren\/familiale-verzekering\/","og_site_name":"Optimum insurance group","article_modified_time":"2015-04-28T08:17:05+00:00","twitter_misc":{"Est. reading time":"1 minute"},"schema":{"@context":"https:\/\/schema.org","@graph":[{"@type":"WebPage","@id":"https:\/\/optimuminsurancegroup.be\/fr\/particulieren\/familiale-verzekering\/","url":"https:\/\/optimuminsurancegroup.be\/fr\/particulieren\/familiale-verzekering\/","name":"Assurance familiale - Optimum insurance group","isPartOf":{"@id":"https:\/\/optimuminsurancegroup.be\/nl\/#website"},"datePublished":"2014-07-15T11:06:23+00:00","dateModified":"2015-04-28T08:17:05+00:00","description":"Optimum Insurance biedt verzekeringen en financi\u00eble producten op maat aan voor particulieren en professionelen.","breadcrumb":{"@id":"https:\/\/optimuminsurancegroup.be\/fr\/particulieren\/familiale-verzekering\/#breadcrumb"},"inLanguage":"fr-FR","potentialAction":[{"@type":"ReadAction","target":["https:\/\/optimuminsurancegroup.be\/fr\/particulieren\/familiale-verzekering\/"]}]},{"@type":"BreadcrumbList","@id":"https:\/\/optimuminsurancegroup.be\/fr\/particulieren\/familiale-verzekering\/#breadcrumb","itemListElement":[{"@type":"ListItem","position":1,"name":"Home","item":"https:\/\/optimuminsurancegroup.be\/fr\/"},{"@type":"ListItem","position":2,"name":"Particuliers","item":"https:\/\/optimuminsurancegroup.be\/fr\/particulieren\/"},{"@type":"ListItem","position":3,"name":"Assurance familiale"}]},{"@type":"WebSite","@id":"https:\/\/optimuminsurancegroup.be\/nl\/#website","url":"https:\/\/optimuminsurancegroup.be\/nl\/","name":"Optimum insurance group","description":"Toutes les assurances \u00e0 un prix correct!","potentialAction":[{"@type":"SearchAction","target":{"@type":"EntryPoint","urlTemplate":"https:\/\/optimuminsurancegroup.be\/nl\/?s={search_term_string}"},"query-input":"required name=search_term_string"}],"inLanguage":"fr-FR"}]}},"_links":{"self":[{"href":"https:\/\/optimuminsurancegroup.be\/fr\/wp-json\/wp\/v2\/pages\/1593","targetHints":{"allow":["GET"]}}],"collection":[{"href":"https:\/\/optimuminsurancegroup.be\/fr\/wp-json\/wp\/v2\/pages"}],"about":[{"href":"https:\/\/optimuminsurancegroup.be\/fr\/wp-json\/wp\/v2\/types\/page"}],"author":[{"embeddable":true,"href":"https:\/\/optimuminsurancegroup.be\/fr\/wp-json\/wp\/v2\/users\/1"}],"replies":[{"embeddable":true,"href":"https:\/\/optimuminsurancegroup.be\/fr\/wp-json\/wp\/v2\/comments?post=1593"}],"version-history":[{"count":2,"href":"https:\/\/optimuminsurancegroup.be\/fr\/wp-json\/wp\/v2\/pages\/1593\/revisions"}],"predecessor-version":[{"id":1595,"href":"https:\/\/optimuminsurancegroup.be\/fr\/wp-json\/wp\/v2\/pages\/1593\/revisions\/1595"}],"up":[{"embeddable":true,"href":"https:\/\/optimuminsurancegroup.be\/fr\/wp-json\/wp\/v2\/pages\/1579"}],"wp:attachment":[{"href":"https:\/\/optimuminsurancegroup.be\/fr\/wp-json\/wp\/v2\/media?parent=1593"}],"curies":[{"name":"wp","href":"https:\/\/api.w.org\/{rel}","templated":true}]}}