{"id":1602,"date":"2014-07-16T15:30:47","date_gmt":"2014-07-15T11:08:11","guid":{"rendered":"http:\/\/optimainsurancegroup.crmtest.be\/particulieren\/pensioen\/"},"modified":"2015-04-28T09:20:06","modified_gmt":"2015-04-28T08:20:06","slug":"pensioen","status":"publish","type":"page","link":"https:\/\/optimuminsurancegroup.be\/fr\/particulieren\/pensioen\/","title":{"rendered":"Pension"},"content":{"rendered":"<p>L&rsquo;assurance \u00ab\u00a0Pension \u00e9pargne\u00a0\u00bb est un investissement avec un certain nombre de particularit\u00e9s. Ainsi, le montant que vous pouvez investir dans cette formule est limit\u00e9e \u00e0 un maximum de \u20ac 950 par an.\u00a0La chose int\u00e9ressante \u00e0 propos de cette formule est que, en principe, et en fonction de votre situation personnelle, elle fournit un all\u00e9gement fiscal d&rsquo;au moins 30%. En outre, l&rsquo;assurance de retraite pr\u00e9voit un rendement minimum garanti, associ\u00e9 \u00e0 un partage des b\u00e9n\u00e9fices sur la base des r\u00e9sultats de la compagnie d&rsquo;assurance.<\/p>\n<p>Il ya plusieurs formules possibles que nous, en tant que courtier, s\u00e9lectionnons pour vous la strat\u00e9gie la plus appropri\u00e9e.\u00a0Pour une efficacit\u00e9 maximale, nous recommandons une consultation personnelle.<\/p>\n","protected":false},"excerpt":{"rendered":"<p>L&rsquo;assurance \u00ab\u00a0Pension \u00e9pargne\u00a0\u00bb est un investissement avec un certain nombre de particularit\u00e9s. Ainsi, le montant que vous pouvez investir dans cette formule est limit\u00e9e \u00e0 un maximum de \u20ac 950 par an.\u00a0La chose int\u00e9ressante \u00e0 propos de cette formule est que, en principe, et en fonction de votre situation personnelle, elle fournit un all\u00e9gement fiscal [&hellip;]<\/p>\n","protected":false},"author":1,"featured_media":0,"parent":1579,"menu_order":0,"comment_status":"closed","ping_status":"closed","template":"page-producten.php","meta":{"footnotes":""},"class_list":["post-1602","page","type-page","status-publish","hentry"],"yoast_head":"<!-- This site is optimized with the Yoast SEO plugin v21.8 - https:\/\/yoast.com\/wordpress\/plugins\/seo\/ -->\n<title>Pension - Optimum insurance group<\/title>\n<meta name=\"description\" content=\"Optimum Insurance biedt verzekeringen en financi\u00eble producten op maat aan voor particulieren en professionelen.\" \/>\n<meta name=\"robots\" content=\"index, follow, max-snippet:-1, max-image-preview:large, max-video-preview:-1\" \/>\n<link rel=\"canonical\" href=\"https:\/\/optimuminsurancegroup.be\/fr\/particulieren\/pensioen\/\" \/>\n<meta property=\"og:locale\" content=\"fr_FR\" \/>\n<meta property=\"og:type\" content=\"article\" \/>\n<meta property=\"og:title\" content=\"Pension - Optimum insurance group\" \/>\n<meta property=\"og:description\" content=\"Optimum Insurance biedt verzekeringen en financi\u00eble producten op maat aan voor particulieren en professionelen.\" \/>\n<meta property=\"og:url\" content=\"https:\/\/optimuminsurancegroup.be\/fr\/particulieren\/pensioen\/\" \/>\n<meta property=\"og:site_name\" content=\"Optimum insurance group\" \/>\n<meta property=\"article:modified_time\" content=\"2015-04-28T08:20:06+00:00\" \/>\n<meta name=\"twitter:label1\" content=\"Est. reading time\" \/>\n\t<meta name=\"twitter:data1\" content=\"1 minute\" \/>\n<script type=\"application\/ld+json\" class=\"yoast-schema-graph\">{\"@context\":\"https:\/\/schema.org\",\"@graph\":[{\"@type\":\"WebPage\",\"@id\":\"https:\/\/optimuminsurancegroup.be\/fr\/particulieren\/pensioen\/\",\"url\":\"https:\/\/optimuminsurancegroup.be\/fr\/particulieren\/pensioen\/\",\"name\":\"Pension - Optimum insurance group\",\"isPartOf\":{\"@id\":\"https:\/\/optimuminsurancegroup.be\/nl\/#website\"},\"datePublished\":\"2014-07-15T11:08:11+00:00\",\"dateModified\":\"2015-04-28T08:20:06+00:00\",\"description\":\"Optimum Insurance biedt verzekeringen en financi\u00eble producten op maat aan voor particulieren en professionelen.\",\"breadcrumb\":{\"@id\":\"https:\/\/optimuminsurancegroup.be\/fr\/particulieren\/pensioen\/#breadcrumb\"},\"inLanguage\":\"fr-FR\",\"potentialAction\":[{\"@type\":\"ReadAction\",\"target\":[\"https:\/\/optimuminsurancegroup.be\/fr\/particulieren\/pensioen\/\"]}]},{\"@type\":\"BreadcrumbList\",\"@id\":\"https:\/\/optimuminsurancegroup.be\/fr\/particulieren\/pensioen\/#breadcrumb\",\"itemListElement\":[{\"@type\":\"ListItem\",\"position\":1,\"name\":\"Home\",\"item\":\"https:\/\/optimuminsurancegroup.be\/fr\/\"},{\"@type\":\"ListItem\",\"position\":2,\"name\":\"Particuliers\",\"item\":\"https:\/\/optimuminsurancegroup.be\/fr\/particulieren\/\"},{\"@type\":\"ListItem\",\"position\":3,\"name\":\"Pension\"}]},{\"@type\":\"WebSite\",\"@id\":\"https:\/\/optimuminsurancegroup.be\/nl\/#website\",\"url\":\"https:\/\/optimuminsurancegroup.be\/nl\/\",\"name\":\"Optimum insurance group\",\"description\":\"Toutes les assurances \u00e0 un prix correct!\",\"potentialAction\":[{\"@type\":\"SearchAction\",\"target\":{\"@type\":\"EntryPoint\",\"urlTemplate\":\"https:\/\/optimuminsurancegroup.be\/nl\/?s={search_term_string}\"},\"query-input\":\"required name=search_term_string\"}],\"inLanguage\":\"fr-FR\"}]}<\/script>\n<!-- \/ Yoast SEO plugin. -->","yoast_head_json":{"title":"Pension - Optimum insurance group","description":"Optimum Insurance biedt verzekeringen en financi\u00eble producten op maat aan voor particulieren en professionelen.","robots":{"index":"index","follow":"follow","max-snippet":"max-snippet:-1","max-image-preview":"max-image-preview:large","max-video-preview":"max-video-preview:-1"},"canonical":"https:\/\/optimuminsurancegroup.be\/fr\/particulieren\/pensioen\/","og_locale":"fr_FR","og_type":"article","og_title":"Pension - Optimum insurance group","og_description":"Optimum Insurance biedt verzekeringen en financi\u00eble producten op maat aan voor particulieren en professionelen.","og_url":"https:\/\/optimuminsurancegroup.be\/fr\/particulieren\/pensioen\/","og_site_name":"Optimum insurance group","article_modified_time":"2015-04-28T08:20:06+00:00","twitter_misc":{"Est. reading time":"1 minute"},"schema":{"@context":"https:\/\/schema.org","@graph":[{"@type":"WebPage","@id":"https:\/\/optimuminsurancegroup.be\/fr\/particulieren\/pensioen\/","url":"https:\/\/optimuminsurancegroup.be\/fr\/particulieren\/pensioen\/","name":"Pension - Optimum insurance group","isPartOf":{"@id":"https:\/\/optimuminsurancegroup.be\/nl\/#website"},"datePublished":"2014-07-15T11:08:11+00:00","dateModified":"2015-04-28T08:20:06+00:00","description":"Optimum Insurance biedt verzekeringen en financi\u00eble producten op maat aan voor particulieren en professionelen.","breadcrumb":{"@id":"https:\/\/optimuminsurancegroup.be\/fr\/particulieren\/pensioen\/#breadcrumb"},"inLanguage":"fr-FR","potentialAction":[{"@type":"ReadAction","target":["https:\/\/optimuminsurancegroup.be\/fr\/particulieren\/pensioen\/"]}]},{"@type":"BreadcrumbList","@id":"https:\/\/optimuminsurancegroup.be\/fr\/particulieren\/pensioen\/#breadcrumb","itemListElement":[{"@type":"ListItem","position":1,"name":"Home","item":"https:\/\/optimuminsurancegroup.be\/fr\/"},{"@type":"ListItem","position":2,"name":"Particuliers","item":"https:\/\/optimuminsurancegroup.be\/fr\/particulieren\/"},{"@type":"ListItem","position":3,"name":"Pension"}]},{"@type":"WebSite","@id":"https:\/\/optimuminsurancegroup.be\/nl\/#website","url":"https:\/\/optimuminsurancegroup.be\/nl\/","name":"Optimum insurance group","description":"Toutes les assurances \u00e0 un prix correct!","potentialAction":[{"@type":"SearchAction","target":{"@type":"EntryPoint","urlTemplate":"https:\/\/optimuminsurancegroup.be\/nl\/?s={search_term_string}"},"query-input":"required name=search_term_string"}],"inLanguage":"fr-FR"}]}},"_links":{"self":[{"href":"https:\/\/optimuminsurancegroup.be\/fr\/wp-json\/wp\/v2\/pages\/1602","targetHints":{"allow":["GET"]}}],"collection":[{"href":"https:\/\/optimuminsurancegroup.be\/fr\/wp-json\/wp\/v2\/pages"}],"about":[{"href":"https:\/\/optimuminsurancegroup.be\/fr\/wp-json\/wp\/v2\/types\/page"}],"author":[{"embeddable":true,"href":"https:\/\/optimuminsurancegroup.be\/fr\/wp-json\/wp\/v2\/users\/1"}],"replies":[{"embeddable":true,"href":"https:\/\/optimuminsurancegroup.be\/fr\/wp-json\/wp\/v2\/comments?post=1602"}],"version-history":[{"count":2,"href":"https:\/\/optimuminsurancegroup.be\/fr\/wp-json\/wp\/v2\/pages\/1602\/revisions"}],"predecessor-version":[{"id":1604,"href":"https:\/\/optimuminsurancegroup.be\/fr\/wp-json\/wp\/v2\/pages\/1602\/revisions\/1604"}],"up":[{"embeddable":true,"href":"https:\/\/optimuminsurancegroup.be\/fr\/wp-json\/wp\/v2\/pages\/1579"}],"wp:attachment":[{"href":"https:\/\/optimuminsurancegroup.be\/fr\/wp-json\/wp\/v2\/media?parent=1602"}],"curies":[{"name":"wp","href":"https:\/\/api.w.org\/{rel}","templated":true}]}}