{"id":1605,"date":"2014-07-16T15:30:47","date_gmt":"2014-07-15T11:07:06","guid":{"rendered":"http:\/\/optimainsurancegroup.crmtest.be\/particulieren\/reisbijstand\/"},"modified":"2015-04-28T09:20:39","modified_gmt":"2015-04-28T08:20:39","slug":"reisbijstand","status":"publish","type":"page","link":"https:\/\/optimuminsurancegroup.be\/fr\/particulieren\/reisbijstand\/","title":{"rendered":"Assistance Voyage"},"content":{"rendered":"<p>Un voyage est toujours un moment m\u00e9morable o\u00f9 vous, bien \u00e0 l&rsquo;avance,\u00a0aspirez \u00e0.<\/p>\n<p>Cependant, il peut y avoir quelque chose de mal.<\/p>\n<p>Diverses formes d&rsquo;assurance peuvent d\u00e9pendre de votre situation personnelle et la fr\u00e9quence de vos vacances, destination et d&rsquo;autres besoins.<\/p>\n<p>Les garanties possibles sont: intervention en cas d&rsquo;annulation, perte de bagages, hospitalisation \u00e0 l&rsquo;\u00e9tranger, la couverture de l&rsquo;arriv\u00e9e d&rsquo;un membre de la famille \u00e0 l&rsquo;\u00e9tranger, la recherche et les frais de secours, rapatriement en cas d&rsquo;accident ou de d\u00e9c\u00e8s &#8230;<\/p>\n<p>Ne h\u00e9sitez pas \u00e0 nous contacter pour plus d&rsquo;informations.<\/p>\n<h2>Assurance Assistance Voyage<\/h2>\n<p>Diff\u00e9rentes formules sont possibles en fonction de votre situation personnelle et la fr\u00e9quence de vos vacances, la destination et d&rsquo;autres exigences telles que la couverture de l&rsquo;arriv\u00e9e d&rsquo;un membre de la famille \u00e0 l&rsquo;\u00e9tranger, la recherche et les frais de secours, rapatriement en cas d&rsquo;accident ou de d\u00e9c\u00e8s &#8230; Ne h\u00e9sitez pas \u00e0 nous contacter pour plus d&rsquo;info.<\/p>\n<h2>L&rsquo;assurance annulation<\/h2>\n<p>\u00ab\u00a0Il peut arriver\u00a0\u00bb, a d\u00e9clar\u00e9 Bredero. Tout sauf agr\u00e9able, mais la possibilit\u00e9 existe que vous devez annuler vos vacances durement gagn\u00e9, par la force majeure comme une mort subite d&rsquo;un de vos proches ou vous-m\u00eame qui est soudainement pris par la maladie. Une assurance annulation peut bien ne pas enregistrer votre vacances, mais vous au moins compenser financi\u00e8rement pour le pr\u00e9judice subi.<\/p>\n<h2>Assurance bagages<\/h2>\n<p>Comme la police de son nom l&rsquo;indique, vous pouvez aussi assurer en cas de vol ou de d\u00e9t\u00e9rioration de vos bagages. Vos bagages obtient dans les a\u00e9roports et pendant le transport vers et depuis l&rsquo;avion apr\u00e8s tout durement touch\u00e9s. Rest\u00e9s valises ou bagages livr\u00e9s aux milliers de destination mauvaises de miles loin de vous extr\u00eamement g\u00eanant et peut rejoindre en tant que garantie inclus dans le contrat.<\/p>\n","protected":false},"excerpt":{"rendered":"<p>Un voyage est toujours un moment m\u00e9morable o\u00f9 vous, bien \u00e0 l&rsquo;avance,\u00a0aspirez \u00e0. Cependant, il peut y avoir quelque chose de mal. Diverses formes d&rsquo;assurance peuvent d\u00e9pendre de votre situation personnelle et la fr\u00e9quence de vos vacances, destination et d&rsquo;autres besoins. Les garanties possibles sont: intervention en cas d&rsquo;annulation, perte de bagages, hospitalisation \u00e0 l&rsquo;\u00e9tranger, [&hellip;]<\/p>\n","protected":false},"author":1,"featured_media":0,"parent":1579,"menu_order":0,"comment_status":"closed","ping_status":"closed","template":"page-producten.php","meta":{"footnotes":""},"class_list":["post-1605","page","type-page","status-publish","hentry"],"yoast_head":"<!-- This site is optimized with the Yoast SEO plugin v21.8 - https:\/\/yoast.com\/wordpress\/plugins\/seo\/ -->\n<title>Assistance Voyage - Optimum insurance group<\/title>\n<meta name=\"description\" content=\"Optimum Insurance biedt verzekeringen en financi\u00eble producten op maat aan voor particulieren en professionelen.\" \/>\n<meta name=\"robots\" content=\"index, follow, max-snippet:-1, max-image-preview:large, max-video-preview:-1\" \/>\n<link rel=\"canonical\" href=\"https:\/\/optimuminsurancegroup.be\/fr\/particulieren\/reisbijstand\/\" \/>\n<meta property=\"og:locale\" content=\"fr_FR\" \/>\n<meta property=\"og:type\" content=\"article\" \/>\n<meta property=\"og:title\" content=\"Assistance Voyage - Optimum insurance group\" \/>\n<meta property=\"og:description\" content=\"Optimum Insurance biedt verzekeringen en financi\u00eble producten op maat aan voor particulieren en professionelen.\" \/>\n<meta property=\"og:url\" content=\"https:\/\/optimuminsurancegroup.be\/fr\/particulieren\/reisbijstand\/\" \/>\n<meta property=\"og:site_name\" content=\"Optimum insurance group\" \/>\n<meta property=\"article:modified_time\" content=\"2015-04-28T08:20:39+00:00\" \/>\n<meta name=\"twitter:label1\" content=\"Est. reading time\" \/>\n\t<meta name=\"twitter:data1\" content=\"2 minutes\" \/>\n<script type=\"application\/ld+json\" class=\"yoast-schema-graph\">{\"@context\":\"https:\/\/schema.org\",\"@graph\":[{\"@type\":\"WebPage\",\"@id\":\"https:\/\/optimuminsurancegroup.be\/fr\/particulieren\/reisbijstand\/\",\"url\":\"https:\/\/optimuminsurancegroup.be\/fr\/particulieren\/reisbijstand\/\",\"name\":\"Assistance Voyage - Optimum insurance group\",\"isPartOf\":{\"@id\":\"https:\/\/optimuminsurancegroup.be\/nl\/#website\"},\"datePublished\":\"2014-07-15T11:07:06+00:00\",\"dateModified\":\"2015-04-28T08:20:39+00:00\",\"description\":\"Optimum Insurance biedt verzekeringen en financi\u00eble producten op maat aan voor particulieren en professionelen.\",\"breadcrumb\":{\"@id\":\"https:\/\/optimuminsurancegroup.be\/fr\/particulieren\/reisbijstand\/#breadcrumb\"},\"inLanguage\":\"fr-FR\",\"potentialAction\":[{\"@type\":\"ReadAction\",\"target\":[\"https:\/\/optimuminsurancegroup.be\/fr\/particulieren\/reisbijstand\/\"]}]},{\"@type\":\"BreadcrumbList\",\"@id\":\"https:\/\/optimuminsurancegroup.be\/fr\/particulieren\/reisbijstand\/#breadcrumb\",\"itemListElement\":[{\"@type\":\"ListItem\",\"position\":1,\"name\":\"Home\",\"item\":\"https:\/\/optimuminsurancegroup.be\/fr\/\"},{\"@type\":\"ListItem\",\"position\":2,\"name\":\"Particuliers\",\"item\":\"https:\/\/optimuminsurancegroup.be\/fr\/particulieren\/\"},{\"@type\":\"ListItem\",\"position\":3,\"name\":\"Assistance Voyage\"}]},{\"@type\":\"WebSite\",\"@id\":\"https:\/\/optimuminsurancegroup.be\/nl\/#website\",\"url\":\"https:\/\/optimuminsurancegroup.be\/nl\/\",\"name\":\"Optimum insurance group\",\"description\":\"Toutes les assurances \u00e0 un prix correct!\",\"potentialAction\":[{\"@type\":\"SearchAction\",\"target\":{\"@type\":\"EntryPoint\",\"urlTemplate\":\"https:\/\/optimuminsurancegroup.be\/nl\/?s={search_term_string}\"},\"query-input\":\"required name=search_term_string\"}],\"inLanguage\":\"fr-FR\"}]}<\/script>\n<!-- \/ Yoast SEO plugin. -->","yoast_head_json":{"title":"Assistance Voyage - Optimum insurance group","description":"Optimum Insurance biedt verzekeringen en financi\u00eble producten op maat aan voor particulieren en professionelen.","robots":{"index":"index","follow":"follow","max-snippet":"max-snippet:-1","max-image-preview":"max-image-preview:large","max-video-preview":"max-video-preview:-1"},"canonical":"https:\/\/optimuminsurancegroup.be\/fr\/particulieren\/reisbijstand\/","og_locale":"fr_FR","og_type":"article","og_title":"Assistance Voyage - Optimum insurance group","og_description":"Optimum Insurance biedt verzekeringen en financi\u00eble producten op maat aan voor particulieren en professionelen.","og_url":"https:\/\/optimuminsurancegroup.be\/fr\/particulieren\/reisbijstand\/","og_site_name":"Optimum insurance group","article_modified_time":"2015-04-28T08:20:39+00:00","twitter_misc":{"Est. reading time":"2 minutes"},"schema":{"@context":"https:\/\/schema.org","@graph":[{"@type":"WebPage","@id":"https:\/\/optimuminsurancegroup.be\/fr\/particulieren\/reisbijstand\/","url":"https:\/\/optimuminsurancegroup.be\/fr\/particulieren\/reisbijstand\/","name":"Assistance Voyage - Optimum insurance group","isPartOf":{"@id":"https:\/\/optimuminsurancegroup.be\/nl\/#website"},"datePublished":"2014-07-15T11:07:06+00:00","dateModified":"2015-04-28T08:20:39+00:00","description":"Optimum Insurance biedt verzekeringen en financi\u00eble producten op maat aan voor particulieren en professionelen.","breadcrumb":{"@id":"https:\/\/optimuminsurancegroup.be\/fr\/particulieren\/reisbijstand\/#breadcrumb"},"inLanguage":"fr-FR","potentialAction":[{"@type":"ReadAction","target":["https:\/\/optimuminsurancegroup.be\/fr\/particulieren\/reisbijstand\/"]}]},{"@type":"BreadcrumbList","@id":"https:\/\/optimuminsurancegroup.be\/fr\/particulieren\/reisbijstand\/#breadcrumb","itemListElement":[{"@type":"ListItem","position":1,"name":"Home","item":"https:\/\/optimuminsurancegroup.be\/fr\/"},{"@type":"ListItem","position":2,"name":"Particuliers","item":"https:\/\/optimuminsurancegroup.be\/fr\/particulieren\/"},{"@type":"ListItem","position":3,"name":"Assistance Voyage"}]},{"@type":"WebSite","@id":"https:\/\/optimuminsurancegroup.be\/nl\/#website","url":"https:\/\/optimuminsurancegroup.be\/nl\/","name":"Optimum insurance group","description":"Toutes les assurances \u00e0 un prix correct!","potentialAction":[{"@type":"SearchAction","target":{"@type":"EntryPoint","urlTemplate":"https:\/\/optimuminsurancegroup.be\/nl\/?s={search_term_string}"},"query-input":"required name=search_term_string"}],"inLanguage":"fr-FR"}]}},"_links":{"self":[{"href":"https:\/\/optimuminsurancegroup.be\/fr\/wp-json\/wp\/v2\/pages\/1605","targetHints":{"allow":["GET"]}}],"collection":[{"href":"https:\/\/optimuminsurancegroup.be\/fr\/wp-json\/wp\/v2\/pages"}],"about":[{"href":"https:\/\/optimuminsurancegroup.be\/fr\/wp-json\/wp\/v2\/types\/page"}],"author":[{"embeddable":true,"href":"https:\/\/optimuminsurancegroup.be\/fr\/wp-json\/wp\/v2\/users\/1"}],"replies":[{"embeddable":true,"href":"https:\/\/optimuminsurancegroup.be\/fr\/wp-json\/wp\/v2\/comments?post=1605"}],"version-history":[{"count":2,"href":"https:\/\/optimuminsurancegroup.be\/fr\/wp-json\/wp\/v2\/pages\/1605\/revisions"}],"predecessor-version":[{"id":1607,"href":"https:\/\/optimuminsurancegroup.be\/fr\/wp-json\/wp\/v2\/pages\/1605\/revisions\/1607"}],"up":[{"embeddable":true,"href":"https:\/\/optimuminsurancegroup.be\/fr\/wp-json\/wp\/v2\/pages\/1579"}],"wp:attachment":[{"href":"https:\/\/optimuminsurancegroup.be\/fr\/wp-json\/wp\/v2\/media?parent=1605"}],"curies":[{"name":"wp","href":"https:\/\/api.w.org\/{rel}","templated":true}]}}