{"id":1611,"date":"2014-07-16T15:30:47","date_gmt":"2014-07-15T11:08:52","guid":{"rendered":"http:\/\/optimainsurancegroup.crmtest.be\/particulieren\/uitvaartverzekering\/"},"modified":"2015-04-28T09:21:15","modified_gmt":"2015-04-28T08:21:15","slug":"uitvaartverzekering","status":"publish","type":"page","link":"https:\/\/optimuminsurancegroup.be\/fr\/particulieren\/uitvaartverzekering\/","title":{"rendered":"Fun\u00e9railles"},"content":{"rendered":"<p>T\u00f4t ou tard, chacun d&rsquo;entre nous attend \u00e0 l&rsquo;in\u00e9vitable.<\/p>\n<p>Pourtant, la p\u00e9riode de deuil v\u00e9cu par les parents souvent diff\u00e9rentes en fonction de la fa\u00e7on dont ils peuvent prendre leur adieu.<\/p>\n<p>La derni\u00e8re chose que les gens ne veulent \u00eatre confront\u00e9s, ses soucis financiers pour le financement des fun\u00e9railles et l&rsquo;organisation de vos fun\u00e9railles. Cependant, les co\u00fbts de courir plus vite que vous pourriez penser \u00e0 premi\u00e8re vue (\u20ac 3500 \u00e0 \u20ac 15 000 ne fait pas exception).<\/p>\n<p>La police d&rsquo;assurance fun\u00e9raire pr\u00e9voit donc le contr\u00f4le, de soins et de payer vos fun\u00e9railles et possible un soutien psychologique, afin que vous pouvez prendre adieu digne de votre bien-aim\u00e9.<\/p>\n","protected":false},"excerpt":{"rendered":"<p>T\u00f4t ou tard, chacun d&rsquo;entre nous attend \u00e0 l&rsquo;in\u00e9vitable. Pourtant, la p\u00e9riode de deuil v\u00e9cu par les parents souvent diff\u00e9rentes en fonction de la fa\u00e7on dont ils peuvent prendre leur adieu. La derni\u00e8re chose que les gens ne veulent \u00eatre confront\u00e9s, ses soucis financiers pour le financement des fun\u00e9railles et l&rsquo;organisation de vos fun\u00e9railles. Cependant, [&hellip;]<\/p>\n","protected":false},"author":1,"featured_media":0,"parent":1579,"menu_order":0,"comment_status":"closed","ping_status":"closed","template":"page-producten.php","meta":{"footnotes":""},"class_list":["post-1611","page","type-page","status-publish","hentry"],"yoast_head":"<!-- This site is optimized with the Yoast SEO plugin v21.8 - https:\/\/yoast.com\/wordpress\/plugins\/seo\/ -->\n<title>Fun\u00e9railles - Optimum insurance group<\/title>\n<meta name=\"description\" content=\"Optimum Insurance biedt verzekeringen en financi\u00eble producten op maat aan voor particulieren en professionelen.\" \/>\n<meta name=\"robots\" content=\"index, follow, max-snippet:-1, max-image-preview:large, max-video-preview:-1\" \/>\n<link rel=\"canonical\" href=\"https:\/\/optimuminsurancegroup.be\/fr\/particulieren\/uitvaartverzekering\/\" \/>\n<meta property=\"og:locale\" content=\"fr_FR\" \/>\n<meta property=\"og:type\" content=\"article\" \/>\n<meta property=\"og:title\" content=\"Fun\u00e9railles - Optimum insurance group\" \/>\n<meta property=\"og:description\" content=\"Optimum Insurance biedt verzekeringen en financi\u00eble producten op maat aan voor particulieren en professionelen.\" \/>\n<meta property=\"og:url\" content=\"https:\/\/optimuminsurancegroup.be\/fr\/particulieren\/uitvaartverzekering\/\" \/>\n<meta property=\"og:site_name\" content=\"Optimum insurance group\" \/>\n<meta property=\"article:modified_time\" content=\"2015-04-28T08:21:15+00:00\" \/>\n<meta name=\"twitter:label1\" content=\"Est. reading time\" \/>\n\t<meta name=\"twitter:data1\" content=\"1 minute\" \/>\n<script type=\"application\/ld+json\" class=\"yoast-schema-graph\">{\"@context\":\"https:\/\/schema.org\",\"@graph\":[{\"@type\":\"WebPage\",\"@id\":\"https:\/\/optimuminsurancegroup.be\/fr\/particulieren\/uitvaartverzekering\/\",\"url\":\"https:\/\/optimuminsurancegroup.be\/fr\/particulieren\/uitvaartverzekering\/\",\"name\":\"Fun\u00e9railles - Optimum insurance group\",\"isPartOf\":{\"@id\":\"https:\/\/optimuminsurancegroup.be\/nl\/#website\"},\"datePublished\":\"2014-07-15T11:08:52+00:00\",\"dateModified\":\"2015-04-28T08:21:15+00:00\",\"description\":\"Optimum Insurance biedt verzekeringen en financi\u00eble producten op maat aan voor particulieren en professionelen.\",\"breadcrumb\":{\"@id\":\"https:\/\/optimuminsurancegroup.be\/fr\/particulieren\/uitvaartverzekering\/#breadcrumb\"},\"inLanguage\":\"fr-FR\",\"potentialAction\":[{\"@type\":\"ReadAction\",\"target\":[\"https:\/\/optimuminsurancegroup.be\/fr\/particulieren\/uitvaartverzekering\/\"]}]},{\"@type\":\"BreadcrumbList\",\"@id\":\"https:\/\/optimuminsurancegroup.be\/fr\/particulieren\/uitvaartverzekering\/#breadcrumb\",\"itemListElement\":[{\"@type\":\"ListItem\",\"position\":1,\"name\":\"Home\",\"item\":\"https:\/\/optimuminsurancegroup.be\/fr\/\"},{\"@type\":\"ListItem\",\"position\":2,\"name\":\"Particuliers\",\"item\":\"https:\/\/optimuminsurancegroup.be\/fr\/particulieren\/\"},{\"@type\":\"ListItem\",\"position\":3,\"name\":\"Fun\u00e9railles\"}]},{\"@type\":\"WebSite\",\"@id\":\"https:\/\/optimuminsurancegroup.be\/nl\/#website\",\"url\":\"https:\/\/optimuminsurancegroup.be\/nl\/\",\"name\":\"Optimum insurance group\",\"description\":\"Toutes les assurances \u00e0 un prix correct!\",\"potentialAction\":[{\"@type\":\"SearchAction\",\"target\":{\"@type\":\"EntryPoint\",\"urlTemplate\":\"https:\/\/optimuminsurancegroup.be\/nl\/?s={search_term_string}\"},\"query-input\":\"required name=search_term_string\"}],\"inLanguage\":\"fr-FR\"}]}<\/script>\n<!-- \/ Yoast SEO plugin. -->","yoast_head_json":{"title":"Fun\u00e9railles - Optimum insurance group","description":"Optimum Insurance biedt verzekeringen en financi\u00eble producten op maat aan voor particulieren en professionelen.","robots":{"index":"index","follow":"follow","max-snippet":"max-snippet:-1","max-image-preview":"max-image-preview:large","max-video-preview":"max-video-preview:-1"},"canonical":"https:\/\/optimuminsurancegroup.be\/fr\/particulieren\/uitvaartverzekering\/","og_locale":"fr_FR","og_type":"article","og_title":"Fun\u00e9railles - Optimum insurance group","og_description":"Optimum Insurance biedt verzekeringen en financi\u00eble producten op maat aan voor particulieren en professionelen.","og_url":"https:\/\/optimuminsurancegroup.be\/fr\/particulieren\/uitvaartverzekering\/","og_site_name":"Optimum insurance group","article_modified_time":"2015-04-28T08:21:15+00:00","twitter_misc":{"Est. reading time":"1 minute"},"schema":{"@context":"https:\/\/schema.org","@graph":[{"@type":"WebPage","@id":"https:\/\/optimuminsurancegroup.be\/fr\/particulieren\/uitvaartverzekering\/","url":"https:\/\/optimuminsurancegroup.be\/fr\/particulieren\/uitvaartverzekering\/","name":"Fun\u00e9railles - Optimum insurance group","isPartOf":{"@id":"https:\/\/optimuminsurancegroup.be\/nl\/#website"},"datePublished":"2014-07-15T11:08:52+00:00","dateModified":"2015-04-28T08:21:15+00:00","description":"Optimum Insurance biedt verzekeringen en financi\u00eble producten op maat aan voor particulieren en professionelen.","breadcrumb":{"@id":"https:\/\/optimuminsurancegroup.be\/fr\/particulieren\/uitvaartverzekering\/#breadcrumb"},"inLanguage":"fr-FR","potentialAction":[{"@type":"ReadAction","target":["https:\/\/optimuminsurancegroup.be\/fr\/particulieren\/uitvaartverzekering\/"]}]},{"@type":"BreadcrumbList","@id":"https:\/\/optimuminsurancegroup.be\/fr\/particulieren\/uitvaartverzekering\/#breadcrumb","itemListElement":[{"@type":"ListItem","position":1,"name":"Home","item":"https:\/\/optimuminsurancegroup.be\/fr\/"},{"@type":"ListItem","position":2,"name":"Particuliers","item":"https:\/\/optimuminsurancegroup.be\/fr\/particulieren\/"},{"@type":"ListItem","position":3,"name":"Fun\u00e9railles"}]},{"@type":"WebSite","@id":"https:\/\/optimuminsurancegroup.be\/nl\/#website","url":"https:\/\/optimuminsurancegroup.be\/nl\/","name":"Optimum insurance group","description":"Toutes les assurances \u00e0 un prix correct!","potentialAction":[{"@type":"SearchAction","target":{"@type":"EntryPoint","urlTemplate":"https:\/\/optimuminsurancegroup.be\/nl\/?s={search_term_string}"},"query-input":"required name=search_term_string"}],"inLanguage":"fr-FR"}]}},"_links":{"self":[{"href":"https:\/\/optimuminsurancegroup.be\/fr\/wp-json\/wp\/v2\/pages\/1611","targetHints":{"allow":["GET"]}}],"collection":[{"href":"https:\/\/optimuminsurancegroup.be\/fr\/wp-json\/wp\/v2\/pages"}],"about":[{"href":"https:\/\/optimuminsurancegroup.be\/fr\/wp-json\/wp\/v2\/types\/page"}],"author":[{"embeddable":true,"href":"https:\/\/optimuminsurancegroup.be\/fr\/wp-json\/wp\/v2\/users\/1"}],"replies":[{"embeddable":true,"href":"https:\/\/optimuminsurancegroup.be\/fr\/wp-json\/wp\/v2\/comments?post=1611"}],"version-history":[{"count":2,"href":"https:\/\/optimuminsurancegroup.be\/fr\/wp-json\/wp\/v2\/pages\/1611\/revisions"}],"predecessor-version":[{"id":1613,"href":"https:\/\/optimuminsurancegroup.be\/fr\/wp-json\/wp\/v2\/pages\/1611\/revisions\/1613"}],"up":[{"embeddable":true,"href":"https:\/\/optimuminsurancegroup.be\/fr\/wp-json\/wp\/v2\/pages\/1579"}],"wp:attachment":[{"href":"https:\/\/optimuminsurancegroup.be\/fr\/wp-json\/wp\/v2\/media?parent=1611"}],"curies":[{"name":"wp","href":"https:\/\/api.w.org\/{rel}","templated":true}]}}