{"id":1623,"date":"2014-07-16T15:30:47","date_gmt":"2014-07-15T11:05:05","guid":{"rendered":"http:\/\/optimainsurancegroup.crmtest.be\/particulieren\/uw-woning\/"},"modified":"2015-04-28T09:15:04","modified_gmt":"2015-04-28T08:15:04","slug":"uw-woning","status":"publish","type":"page","link":"https:\/\/optimuminsurancegroup.be\/fr\/particulieren\/uw-woning\/","title":{"rendered":"Votre maison"},"content":{"rendered":"<p>Pour de nombreux Belges l&rsquo;achat d&rsquo;une maison demeure l&rsquo;investissement le plus important dans leur vie. Bien que les dommages compl\u00e8te de la maison est assez exceptionnel, il ya souvent des accidents dans lesquels votre b\u00e2timent devient partiellement endommag\u00e9es.\u00a0Un petit feu de chemin\u00e9e avec beaucoup de fum\u00e9e et des d\u00e9g\u00e2ts de feu, une temp\u00eate de dommages votre toit, inondations, etc. Et puis le co\u00fbt peut \u00eatre agr\u00e9able. Une bonne assurance incendie est donc un must, si elle ne est pas juridiquement n\u00e9cessaire.<\/p>\n<p>Mais malgr\u00e9 l&rsquo;absence de cette obligation, un certain nombre de polices ont \u00e9t\u00e9 \u00e9tablies par la loi. Donc, quiconque prend une assurance, il est, gr\u00e2ce \u00e0 la l\u00e9gislature, s\u00fbr qu&rsquo;il ou elle peut profiter des garanties de base suivantes:<\/p>\n<ul>\n<li>les dommages caus\u00e9s par un incendie, une explosion ou des explosions<\/li>\n<li>d\u00e9g\u00e2ts de la foudre<\/li>\n<li>les dommages caus\u00e9s par les attaques et les conflits de travail<\/li>\n<li>les dommages caus\u00e9s par une collision avec un animal<\/li>\n<li>les dommages caus\u00e9s par la collision avec un v\u00e9hicule<\/li>\n<li>les dommages caus\u00e9s par la chute d&rsquo;un arbre sur le b\u00e2timent<\/li>\n<li>d\u00e9g\u00e2ts de la temp\u00eate, la neige ou la glace pression sur les toits, la gr\u00eale et les catastrophes naturelles.<\/li>\n<\/ul>\n<p>Il ya beaucoup de couverture suppl\u00e9mentaire possible. Vous avez un beau jardin paysag\u00e9 par des professionnels? Puis une tornade en quelques secondes faire des ravages dans votre jardin. Encore une fois, il existe une protection correspondante.\u00a0Comme un courtier ind\u00e9pendant, nous regardons votre situation personnelle et nous posons les bonnes polices et les couvertures. Contactez-nous pour plus d&rsquo;info.<\/p>\n","protected":false},"excerpt":{"rendered":"<p>Pour de nombreux Belges l&rsquo;achat d&rsquo;une maison demeure l&rsquo;investissement le plus important dans leur vie. Bien que les dommages compl\u00e8te de la maison est assez exceptionnel, il ya souvent des accidents dans lesquels votre b\u00e2timent devient partiellement endommag\u00e9es.\u00a0Un petit feu de chemin\u00e9e avec beaucoup de fum\u00e9e et des d\u00e9g\u00e2ts de feu, une temp\u00eate de dommages [&hellip;]<\/p>\n","protected":false},"author":1,"featured_media":0,"parent":1579,"menu_order":0,"comment_status":"closed","ping_status":"closed","template":"page-producten.php","meta":{"footnotes":""},"class_list":["post-1623","page","type-page","status-publish","hentry"],"yoast_head":"<!-- This site is optimized with the Yoast SEO plugin v21.8 - https:\/\/yoast.com\/wordpress\/plugins\/seo\/ -->\n<title>Votre maison - Optimum insurance group<\/title>\n<meta name=\"description\" content=\"Optimum Insurance biedt verzekeringen en financi\u00eble producten op maat aan voor particulieren en professionelen.\" \/>\n<meta name=\"robots\" content=\"index, follow, max-snippet:-1, max-image-preview:large, max-video-preview:-1\" \/>\n<link rel=\"canonical\" href=\"https:\/\/optimuminsurancegroup.be\/fr\/particulieren\/uw-woning\/\" \/>\n<meta property=\"og:locale\" content=\"fr_FR\" \/>\n<meta property=\"og:type\" content=\"article\" \/>\n<meta property=\"og:title\" content=\"Votre maison - Optimum insurance group\" \/>\n<meta property=\"og:description\" content=\"Optimum Insurance biedt verzekeringen en financi\u00eble producten op maat aan voor particulieren en professionelen.\" \/>\n<meta property=\"og:url\" content=\"https:\/\/optimuminsurancegroup.be\/fr\/particulieren\/uw-woning\/\" \/>\n<meta property=\"og:site_name\" content=\"Optimum insurance group\" \/>\n<meta property=\"article:modified_time\" content=\"2015-04-28T08:15:04+00:00\" \/>\n<meta name=\"twitter:label1\" content=\"Est. reading time\" \/>\n\t<meta name=\"twitter:data1\" content=\"1 minute\" \/>\n<script type=\"application\/ld+json\" class=\"yoast-schema-graph\">{\"@context\":\"https:\/\/schema.org\",\"@graph\":[{\"@type\":\"WebPage\",\"@id\":\"https:\/\/optimuminsurancegroup.be\/fr\/particulieren\/uw-woning\/\",\"url\":\"https:\/\/optimuminsurancegroup.be\/fr\/particulieren\/uw-woning\/\",\"name\":\"Votre maison - Optimum insurance group\",\"isPartOf\":{\"@id\":\"https:\/\/optimuminsurancegroup.be\/nl\/#website\"},\"datePublished\":\"2014-07-15T11:05:05+00:00\",\"dateModified\":\"2015-04-28T08:15:04+00:00\",\"description\":\"Optimum Insurance biedt verzekeringen en financi\u00eble producten op maat aan voor particulieren en professionelen.\",\"breadcrumb\":{\"@id\":\"https:\/\/optimuminsurancegroup.be\/fr\/particulieren\/uw-woning\/#breadcrumb\"},\"inLanguage\":\"fr-FR\",\"potentialAction\":[{\"@type\":\"ReadAction\",\"target\":[\"https:\/\/optimuminsurancegroup.be\/fr\/particulieren\/uw-woning\/\"]}]},{\"@type\":\"BreadcrumbList\",\"@id\":\"https:\/\/optimuminsurancegroup.be\/fr\/particulieren\/uw-woning\/#breadcrumb\",\"itemListElement\":[{\"@type\":\"ListItem\",\"position\":1,\"name\":\"Home\",\"item\":\"https:\/\/optimuminsurancegroup.be\/fr\/\"},{\"@type\":\"ListItem\",\"position\":2,\"name\":\"Particuliers\",\"item\":\"https:\/\/optimuminsurancegroup.be\/fr\/particulieren\/\"},{\"@type\":\"ListItem\",\"position\":3,\"name\":\"Votre maison\"}]},{\"@type\":\"WebSite\",\"@id\":\"https:\/\/optimuminsurancegroup.be\/nl\/#website\",\"url\":\"https:\/\/optimuminsurancegroup.be\/nl\/\",\"name\":\"Optimum insurance group\",\"description\":\"Toutes les assurances \u00e0 un prix correct!\",\"potentialAction\":[{\"@type\":\"SearchAction\",\"target\":{\"@type\":\"EntryPoint\",\"urlTemplate\":\"https:\/\/optimuminsurancegroup.be\/nl\/?s={search_term_string}\"},\"query-input\":\"required name=search_term_string\"}],\"inLanguage\":\"fr-FR\"}]}<\/script>\n<!-- \/ Yoast SEO plugin. -->","yoast_head_json":{"title":"Votre maison - Optimum insurance group","description":"Optimum Insurance biedt verzekeringen en financi\u00eble producten op maat aan voor particulieren en professionelen.","robots":{"index":"index","follow":"follow","max-snippet":"max-snippet:-1","max-image-preview":"max-image-preview:large","max-video-preview":"max-video-preview:-1"},"canonical":"https:\/\/optimuminsurancegroup.be\/fr\/particulieren\/uw-woning\/","og_locale":"fr_FR","og_type":"article","og_title":"Votre maison - Optimum insurance group","og_description":"Optimum Insurance biedt verzekeringen en financi\u00eble producten op maat aan voor particulieren en professionelen.","og_url":"https:\/\/optimuminsurancegroup.be\/fr\/particulieren\/uw-woning\/","og_site_name":"Optimum insurance group","article_modified_time":"2015-04-28T08:15:04+00:00","twitter_misc":{"Est. reading time":"1 minute"},"schema":{"@context":"https:\/\/schema.org","@graph":[{"@type":"WebPage","@id":"https:\/\/optimuminsurancegroup.be\/fr\/particulieren\/uw-woning\/","url":"https:\/\/optimuminsurancegroup.be\/fr\/particulieren\/uw-woning\/","name":"Votre maison - Optimum insurance group","isPartOf":{"@id":"https:\/\/optimuminsurancegroup.be\/nl\/#website"},"datePublished":"2014-07-15T11:05:05+00:00","dateModified":"2015-04-28T08:15:04+00:00","description":"Optimum Insurance biedt verzekeringen en financi\u00eble producten op maat aan voor particulieren en professionelen.","breadcrumb":{"@id":"https:\/\/optimuminsurancegroup.be\/fr\/particulieren\/uw-woning\/#breadcrumb"},"inLanguage":"fr-FR","potentialAction":[{"@type":"ReadAction","target":["https:\/\/optimuminsurancegroup.be\/fr\/particulieren\/uw-woning\/"]}]},{"@type":"BreadcrumbList","@id":"https:\/\/optimuminsurancegroup.be\/fr\/particulieren\/uw-woning\/#breadcrumb","itemListElement":[{"@type":"ListItem","position":1,"name":"Home","item":"https:\/\/optimuminsurancegroup.be\/fr\/"},{"@type":"ListItem","position":2,"name":"Particuliers","item":"https:\/\/optimuminsurancegroup.be\/fr\/particulieren\/"},{"@type":"ListItem","position":3,"name":"Votre maison"}]},{"@type":"WebSite","@id":"https:\/\/optimuminsurancegroup.be\/nl\/#website","url":"https:\/\/optimuminsurancegroup.be\/nl\/","name":"Optimum insurance group","description":"Toutes les assurances \u00e0 un prix correct!","potentialAction":[{"@type":"SearchAction","target":{"@type":"EntryPoint","urlTemplate":"https:\/\/optimuminsurancegroup.be\/nl\/?s={search_term_string}"},"query-input":"required name=search_term_string"}],"inLanguage":"fr-FR"}]}},"_links":{"self":[{"href":"https:\/\/optimuminsurancegroup.be\/fr\/wp-json\/wp\/v2\/pages\/1623","targetHints":{"allow":["GET"]}}],"collection":[{"href":"https:\/\/optimuminsurancegroup.be\/fr\/wp-json\/wp\/v2\/pages"}],"about":[{"href":"https:\/\/optimuminsurancegroup.be\/fr\/wp-json\/wp\/v2\/types\/page"}],"author":[{"embeddable":true,"href":"https:\/\/optimuminsurancegroup.be\/fr\/wp-json\/wp\/v2\/users\/1"}],"replies":[{"embeddable":true,"href":"https:\/\/optimuminsurancegroup.be\/fr\/wp-json\/wp\/v2\/comments?post=1623"}],"version-history":[{"count":1,"href":"https:\/\/optimuminsurancegroup.be\/fr\/wp-json\/wp\/v2\/pages\/1623\/revisions"}],"predecessor-version":[{"id":1624,"href":"https:\/\/optimuminsurancegroup.be\/fr\/wp-json\/wp\/v2\/pages\/1623\/revisions\/1624"}],"up":[{"embeddable":true,"href":"https:\/\/optimuminsurancegroup.be\/fr\/wp-json\/wp\/v2\/pages\/1579"}],"wp:attachment":[{"href":"https:\/\/optimuminsurancegroup.be\/fr\/wp-json\/wp\/v2\/media?parent=1623"}],"curies":[{"name":"wp","href":"https:\/\/api.w.org\/{rel}","templated":true}]}}