{"id":1630,"date":"2014-07-16T15:30:48","date_gmt":"2014-07-11T09:43:24","guid":{"rendered":"http:\/\/optimainsurancegroup.crmtest.be\/schade\/hoe-aanrijdingsformulier-invullen\/"},"modified":"2015-06-04T16:55:55","modified_gmt":"2015-06-04T15:55:55","slug":"comment-remplir-constat-accident-europeen","status":"publish","type":"page","link":"https:\/\/optimuminsurancegroup.be\/fr\/sinistres\/comment-remplir-constat-accident-europeen\/","title":{"rendered":"Comment remplir le constat d\u2019accident europ\u00e9en?"},"content":{"rendered":"<h2>Feuille de route<\/h2>\n<h3>1.\u00a0Entrez les d\u00e9tails du v\u00e9hicule de la contrepartie.<\/h3>\n<h3>2.\u00a0Entrez les d\u00e9tails de votre propre v\u00e9hicule.<br \/>\n<img loading=\"lazy\" decoding=\"async\" class=\"alignleft wp-image-238 size-full\" src=\"http:\/\/insuportaal.crmtest.be\/optimainsurancegroup\/wp-content\/uploads\/sites\/41\/2014\/07\/aanrijdingsformulier.png\" alt=\"aanrijdingsformulier\" width=\"529\" height=\"748\" srcset=\"https:\/\/insuportaal.crmtest.be\/optimainsurancegroup\/wp-content\/uploads\/sites\/41\/2014\/07\/aanrijdingsformulier.png 529w, https:\/\/insuportaal.crmtest.be\/optimainsurancegroup\/wp-content\/uploads\/sites\/41\/2014\/07\/aanrijdingsformulier-212x300.png 212w\" sizes=\"auto, (max-width: 529px) 100vw, 529px\" \/><\/h3>\n<h4>D\u00e9tails<\/h4>\n<ul class=\"abc-ul\">\n<li>A. Donn\u00e9es g\u00e9n\u00e9rales<\/li>\n<li>B. Vos d\u00e9tails<\/li>\n<li>C. D\u00e9tails de la contrepartie<\/li>\n<li>D.\u00a0Croix, de clarification, de votre propre v\u00e9hicule<\/li>\n<li>E.\u00a0Un aper\u00e7u clair<\/li>\n<li>F.\u00a0Dommages propre v\u00e9hicule<\/li>\n<li>G.\u00a0Les dommages au v\u00e9hicule contrepartie<\/li>\n<li>H. Commentaires<\/li>\n<li>I. Signatures<\/li>\n<\/ul>\n<h3>3.\u00a0Informations g\u00e9n\u00e9rales sur l&rsquo;accident:<\/h3>\n<ul class=\"fa-ul\">\n<li>Date<\/li>\n<li>Temps<\/li>\n<li>Lieu de l&rsquo;accident<\/li>\n<li>Les noms de rue<\/li>\n<li>Panneaux de signalisation pertinentes et lumi\u00e8res<\/li>\n<li>Condition sur la route (par exemple, de mauvaises routes)<\/li>\n<\/ul>\n<h3>4.\u00a0Situation croquis<\/h3>\n<p><img loading=\"lazy\" decoding=\"async\" class=\"alignleft wp-image-239 size-full\" src=\"http:\/\/insuportaal.crmtest.be\/optimainsurancegroup\/wp-content\/uploads\/sites\/41\/2014\/07\/tekening.png\" alt=\"tekening\" width=\"531\" height=\"318\" srcset=\"https:\/\/insuportaal.crmtest.be\/optimainsurancegroup\/wp-content\/uploads\/sites\/41\/2014\/07\/tekening.png 531w, https:\/\/insuportaal.crmtest.be\/optimainsurancegroup\/wp-content\/uploads\/sites\/41\/2014\/07\/tekening-300x179.png 300w\" sizes=\"auto, (max-width: 531px) 100vw, 531px\" \/><\/p>\n<h4>quelques conseils<\/h4>\n<ul class=\"ck-ul\">\n<li>Dessinez la rue avec une ligne en pointill\u00e9 au milieu<\/li>\n<li>V\u00e9hicules signes que des rectangles<\/li>\n<li>L&rsquo;avant du v\u00e9hicule indiquer clairement<\/li>\n<li>Utilisation A et B pour indiquer les v\u00e9hicules<\/li>\n<li>Indiquer par des fl\u00e8ches la direction de voyage<\/li>\n<\/ul>\n","protected":false},"excerpt":{"rendered":"<p>Feuille de route 1.\u00a0Entrez les d\u00e9tails du v\u00e9hicule de la contrepartie. 2.\u00a0Entrez les d\u00e9tails de votre propre v\u00e9hicule. D\u00e9tails A. Donn\u00e9es g\u00e9n\u00e9rales B. Vos d\u00e9tails C. D\u00e9tails de la contrepartie D.\u00a0Croix, de clarification, de votre propre v\u00e9hicule E.\u00a0Un aper\u00e7u clair F.\u00a0Dommages propre v\u00e9hicule G.\u00a0Les dommages au v\u00e9hicule contrepartie H. Commentaires I. Signatures 3.\u00a0Informations g\u00e9n\u00e9rales sur [&hellip;]<\/p>\n","protected":false},"author":1,"featured_media":0,"parent":1625,"menu_order":0,"comment_status":"closed","ping_status":"closed","template":"page-aanrijdingsformulier.php","meta":{"footnotes":""},"class_list":["post-1630","page","type-page","status-publish","hentry"],"yoast_head":"<!-- This site is optimized with the Yoast SEO plugin v21.8 - https:\/\/yoast.com\/wordpress\/plugins\/seo\/ -->\n<title>Comment remplir le constat d\u2019accident europ\u00e9en? - Optimum insurance group<\/title>\n<meta name=\"description\" content=\"Optimum Insurance biedt verzekeringen en financi\u00eble producten op maat aan voor particulieren en professionelen.\" \/>\n<meta name=\"robots\" content=\"index, follow, max-snippet:-1, max-image-preview:large, max-video-preview:-1\" \/>\n<link rel=\"canonical\" href=\"https:\/\/optimuminsurancegroup.be\/fr\/sinistres\/comment-remplir-constat-accident-europeen\/\" \/>\n<meta property=\"og:locale\" content=\"fr_FR\" \/>\n<meta property=\"og:type\" content=\"article\" \/>\n<meta property=\"og:title\" content=\"Comment remplir le constat d\u2019accident europ\u00e9en? - Optimum insurance group\" \/>\n<meta property=\"og:description\" content=\"Optimum Insurance biedt verzekeringen en financi\u00eble producten op maat aan voor particulieren en professionelen.\" \/>\n<meta property=\"og:url\" content=\"https:\/\/optimuminsurancegroup.be\/fr\/sinistres\/comment-remplir-constat-accident-europeen\/\" \/>\n<meta property=\"og:site_name\" content=\"Optimum insurance group\" \/>\n<meta property=\"article:modified_time\" content=\"2015-06-04T15:55:55+00:00\" \/>\n<meta property=\"og:image\" content=\"http:\/\/insuportaal.crmtest.be\/optimainsurancegroup\/wp-content\/uploads\/sites\/41\/2014\/07\/aanrijdingsformulier.png\" \/>\n<meta name=\"twitter:label1\" content=\"Est. reading time\" \/>\n\t<meta name=\"twitter:data1\" content=\"1 minute\" \/>\n<script type=\"application\/ld+json\" class=\"yoast-schema-graph\">{\"@context\":\"https:\/\/schema.org\",\"@graph\":[{\"@type\":\"WebPage\",\"@id\":\"https:\/\/optimuminsurancegroup.be\/fr\/sinistres\/comment-remplir-constat-accident-europeen\/\",\"url\":\"https:\/\/optimuminsurancegroup.be\/fr\/sinistres\/comment-remplir-constat-accident-europeen\/\",\"name\":\"Comment remplir le constat d\u2019accident europ\u00e9en? - Optimum insurance group\",\"isPartOf\":{\"@id\":\"https:\/\/optimuminsurancegroup.be\/nl\/#website\"},\"datePublished\":\"2014-07-11T09:43:24+00:00\",\"dateModified\":\"2015-06-04T15:55:55+00:00\",\"description\":\"Optimum Insurance biedt verzekeringen en financi\u00eble producten op maat aan voor particulieren en professionelen.\",\"breadcrumb\":{\"@id\":\"https:\/\/optimuminsurancegroup.be\/fr\/sinistres\/comment-remplir-constat-accident-europeen\/#breadcrumb\"},\"inLanguage\":\"fr-FR\",\"potentialAction\":[{\"@type\":\"ReadAction\",\"target\":[\"https:\/\/optimuminsurancegroup.be\/fr\/sinistres\/comment-remplir-constat-accident-europeen\/\"]}]},{\"@type\":\"BreadcrumbList\",\"@id\":\"https:\/\/optimuminsurancegroup.be\/fr\/sinistres\/comment-remplir-constat-accident-europeen\/#breadcrumb\",\"itemListElement\":[{\"@type\":\"ListItem\",\"position\":1,\"name\":\"Home\",\"item\":\"https:\/\/optimuminsurancegroup.be\/fr\/\"},{\"@type\":\"ListItem\",\"position\":2,\"name\":\"Sinistre\",\"item\":\"https:\/\/optimuminsurancegroup.be\/fr\/sinistres\/\"},{\"@type\":\"ListItem\",\"position\":3,\"name\":\"Comment remplir le constat d\u2019accident europ\u00e9en?\"}]},{\"@type\":\"WebSite\",\"@id\":\"https:\/\/optimuminsurancegroup.be\/nl\/#website\",\"url\":\"https:\/\/optimuminsurancegroup.be\/nl\/\",\"name\":\"Optimum insurance group\",\"description\":\"Toutes les assurances \u00e0 un prix correct!\",\"potentialAction\":[{\"@type\":\"SearchAction\",\"target\":{\"@type\":\"EntryPoint\",\"urlTemplate\":\"https:\/\/optimuminsurancegroup.be\/nl\/?s={search_term_string}\"},\"query-input\":\"required name=search_term_string\"}],\"inLanguage\":\"fr-FR\"}]}<\/script>\n<!-- \/ Yoast SEO plugin. -->","yoast_head_json":{"title":"Comment remplir le constat d\u2019accident europ\u00e9en? - Optimum insurance group","description":"Optimum Insurance biedt verzekeringen en financi\u00eble producten op maat aan voor particulieren en professionelen.","robots":{"index":"index","follow":"follow","max-snippet":"max-snippet:-1","max-image-preview":"max-image-preview:large","max-video-preview":"max-video-preview:-1"},"canonical":"https:\/\/optimuminsurancegroup.be\/fr\/sinistres\/comment-remplir-constat-accident-europeen\/","og_locale":"fr_FR","og_type":"article","og_title":"Comment remplir le constat d\u2019accident europ\u00e9en? - Optimum insurance group","og_description":"Optimum Insurance biedt verzekeringen en financi\u00eble producten op maat aan voor particulieren en professionelen.","og_url":"https:\/\/optimuminsurancegroup.be\/fr\/sinistres\/comment-remplir-constat-accident-europeen\/","og_site_name":"Optimum insurance group","article_modified_time":"2015-06-04T15:55:55+00:00","og_image":[{"url":"http:\/\/insuportaal.crmtest.be\/optimainsurancegroup\/wp-content\/uploads\/sites\/41\/2014\/07\/aanrijdingsformulier.png"}],"twitter_misc":{"Est. reading time":"1 minute"},"schema":{"@context":"https:\/\/schema.org","@graph":[{"@type":"WebPage","@id":"https:\/\/optimuminsurancegroup.be\/fr\/sinistres\/comment-remplir-constat-accident-europeen\/","url":"https:\/\/optimuminsurancegroup.be\/fr\/sinistres\/comment-remplir-constat-accident-europeen\/","name":"Comment remplir le constat d\u2019accident europ\u00e9en? - Optimum insurance group","isPartOf":{"@id":"https:\/\/optimuminsurancegroup.be\/nl\/#website"},"datePublished":"2014-07-11T09:43:24+00:00","dateModified":"2015-06-04T15:55:55+00:00","description":"Optimum Insurance biedt verzekeringen en financi\u00eble producten op maat aan voor particulieren en professionelen.","breadcrumb":{"@id":"https:\/\/optimuminsurancegroup.be\/fr\/sinistres\/comment-remplir-constat-accident-europeen\/#breadcrumb"},"inLanguage":"fr-FR","potentialAction":[{"@type":"ReadAction","target":["https:\/\/optimuminsurancegroup.be\/fr\/sinistres\/comment-remplir-constat-accident-europeen\/"]}]},{"@type":"BreadcrumbList","@id":"https:\/\/optimuminsurancegroup.be\/fr\/sinistres\/comment-remplir-constat-accident-europeen\/#breadcrumb","itemListElement":[{"@type":"ListItem","position":1,"name":"Home","item":"https:\/\/optimuminsurancegroup.be\/fr\/"},{"@type":"ListItem","position":2,"name":"Sinistre","item":"https:\/\/optimuminsurancegroup.be\/fr\/sinistres\/"},{"@type":"ListItem","position":3,"name":"Comment remplir le constat d\u2019accident europ\u00e9en?"}]},{"@type":"WebSite","@id":"https:\/\/optimuminsurancegroup.be\/nl\/#website","url":"https:\/\/optimuminsurancegroup.be\/nl\/","name":"Optimum insurance group","description":"Toutes les assurances \u00e0 un prix correct!","potentialAction":[{"@type":"SearchAction","target":{"@type":"EntryPoint","urlTemplate":"https:\/\/optimuminsurancegroup.be\/nl\/?s={search_term_string}"},"query-input":"required name=search_term_string"}],"inLanguage":"fr-FR"}]}},"_links":{"self":[{"href":"https:\/\/optimuminsurancegroup.be\/fr\/wp-json\/wp\/v2\/pages\/1630","targetHints":{"allow":["GET"]}}],"collection":[{"href":"https:\/\/optimuminsurancegroup.be\/fr\/wp-json\/wp\/v2\/pages"}],"about":[{"href":"https:\/\/optimuminsurancegroup.be\/fr\/wp-json\/wp\/v2\/types\/page"}],"author":[{"embeddable":true,"href":"https:\/\/optimuminsurancegroup.be\/fr\/wp-json\/wp\/v2\/users\/1"}],"replies":[{"embeddable":true,"href":"https:\/\/optimuminsurancegroup.be\/fr\/wp-json\/wp\/v2\/comments?post=1630"}],"version-history":[{"count":3,"href":"https:\/\/optimuminsurancegroup.be\/fr\/wp-json\/wp\/v2\/pages\/1630\/revisions"}],"predecessor-version":[{"id":1685,"href":"https:\/\/optimuminsurancegroup.be\/fr\/wp-json\/wp\/v2\/pages\/1630\/revisions\/1685"}],"up":[{"embeddable":true,"href":"https:\/\/optimuminsurancegroup.be\/fr\/wp-json\/wp\/v2\/pages\/1625"}],"wp:attachment":[{"href":"https:\/\/optimuminsurancegroup.be\/fr\/wp-json\/wp\/v2\/media?parent=1630"}],"curies":[{"name":"wp","href":"https:\/\/api.w.org\/{rel}","templated":true}]}}