{"id":1636,"date":"2014-07-16T15:30:48","date_gmt":"2014-07-11T09:39:25","guid":{"rendered":"http:\/\/optimainsurancegroup.crmtest.be\/schade\/schade-online-aangeven\/autoschade\/"},"modified":"2015-06-05T09:01:11","modified_gmt":"2015-06-05T08:01:11","slug":"sinistres-auto","status":"publish","type":"page","link":"https:\/\/optimuminsurancegroup.be\/fr\/sinistres\/indiquer-sinistres-en-ligne\/sinistres-auto\/","title":{"rendered":"Dommages de voitures"},"content":{"rendered":"\n<div class=\"wpcf7 no-js\" id=\"wpcf7-f1530-o1\" lang=\"nl-NL\" dir=\"ltr\">\n<div class=\"screen-reader-response\"><p role=\"status\" aria-live=\"polite\" aria-atomic=\"true\"><\/p> <ul><\/ul><\/div>\n<form action=\"\/fr\/wp-json\/wp\/v2\/pages\/1636#wpcf7-f1530-o1\" method=\"post\" class=\"wpcf7-form init\" aria-label=\"Contact form\" enctype=\"multipart\/form-data\" novalidate=\"novalidate\" data-status=\"init\">\n<div style=\"display: none;\">\n<input type=\"hidden\" name=\"_wpcf7\" value=\"1530\" \/>\n<input type=\"hidden\" name=\"_wpcf7_version\" value=\"5.7.7\" \/>\n<input type=\"hidden\" name=\"_wpcf7_locale\" value=\"nl_NL\" \/>\n<input type=\"hidden\" name=\"_wpcf7_unit_tag\" value=\"wpcf7-f1530-o1\" \/>\n<input type=\"hidden\" name=\"_wpcf7_container_post\" value=\"0\" \/>\n<input type=\"hidden\" name=\"_wpcf7_posted_data_hash\" value=\"\" \/>\n<input type=\"hidden\" name=\"_wpcf7_recaptcha_response\" value=\"\" \/>\n<\/div>\n<h3>Conducteur\n<\/h3>\n<p><label for=\"firstname\">Pr\u00e9nom *<\/label><span class=\"wpcf7-form-control-wrap\" data-name=\"firstname\"><input size=\"40\" class=\"wpcf7-form-control wpcf7-text wpcf7-validates-as-required input\" id=\"firstname\" aria-required=\"true\" aria-invalid=\"false\" value=\"\" type=\"text\" name=\"firstname\" \/><\/span>\n<\/p>\n<p><label for=\"lastname\">Nom *<\/label><span class=\"wpcf7-form-control-wrap\" data-name=\"lastname\"><input size=\"40\" class=\"wpcf7-form-control wpcf7-text wpcf7-validates-as-required input\" id=\"lastname\" aria-required=\"true\" aria-invalid=\"false\" value=\"\" type=\"text\" name=\"lastname\" \/><\/span>\n<\/p>\n<p><label for=\"street\">Rue + n\u00b0 *<\/label><span class=\"wpcf7-form-control-wrap\" data-name=\"street\"><input size=\"40\" class=\"wpcf7-form-control wpcf7-text wpcf7-validates-as-required input\" id=\"street\" aria-required=\"true\" aria-invalid=\"false\" value=\"\" type=\"text\" name=\"street\" \/><\/span>\n<\/p>\n<p><label for=\"postal\">Code postal *<\/label><span class=\"wpcf7-form-control-wrap\" data-name=\"postal\"><input size=\"40\" class=\"wpcf7-form-control wpcf7-text wpcf7-validates-as-required input\" id=\"postal\" aria-required=\"true\" aria-invalid=\"false\" value=\"\" type=\"text\" name=\"postal\" \/><\/span>\n<\/p>\n<p><label for=\"city\">Commune *<\/label><span class=\"wpcf7-form-control-wrap\" data-name=\"city\"><input size=\"40\" class=\"wpcf7-form-control wpcf7-text wpcf7-validates-as-required input\" id=\"city\" aria-required=\"true\" aria-invalid=\"false\" value=\"\" type=\"text\" name=\"city\" \/><\/span>\n<\/p>\n<hr \/>\n<h3>Preneur d'assurance\n<\/h3>\n<p><label for=\"firstname-ass\">Pr\u00e9nom *<\/label><span class=\"wpcf7-form-control-wrap\" data-name=\"firstname-ass\"><input size=\"40\" class=\"wpcf7-form-control wpcf7-text input\" id=\"firstname-ass\" aria-invalid=\"false\" value=\"\" type=\"text\" name=\"firstname-ass\" \/><\/span>\n<\/p>\n<p><label for=\"lastname-ass\">Nom *<\/label><span class=\"wpcf7-form-control-wrap\" data-name=\"lastname-ass\"><input size=\"40\" class=\"wpcf7-form-control wpcf7-text input\" id=\"lastname-ass\" aria-invalid=\"false\" value=\"\" type=\"text\" name=\"lastname-ass\" \/><\/span>\n<\/p>\n<p><label for=\"street-ass\">Rue + n\u00b0 *<\/label><span class=\"wpcf7-form-control-wrap\" data-name=\"street-ass\"><input size=\"40\" class=\"wpcf7-form-control wpcf7-text input\" id=\"street-ass\" aria-invalid=\"false\" value=\"\" type=\"text\" name=\"street-ass\" \/><\/span>\n<\/p>\n<p><label for=\"postal-ass\">Code postal *<\/label><span class=\"wpcf7-form-control-wrap\" data-name=\"postal-ass\"><input size=\"40\" class=\"wpcf7-form-control wpcf7-text input\" id=\"postal-ass\" aria-invalid=\"false\" value=\"\" type=\"text\" name=\"postal-ass\" \/><\/span>\n<\/p>\n<p><label for=\"city-ass\">Commune *<\/label><span class=\"wpcf7-form-control-wrap\" data-name=\"city-ass\"><input size=\"40\" class=\"wpcf7-form-control wpcf7-text input\" id=\"city-ass\" aria-invalid=\"false\" value=\"\" type=\"text\" name=\"city-ass\" \/><\/span>\n<\/p>\n<p><label for=\"telnr-ass\">T\u00e9l\u00e9phone *<\/label><span class=\"wpcf7-form-control-wrap\" data-name=\"telnr-ass\"><input size=\"40\" class=\"wpcf7-form-control wpcf7-text input\" id=\"telnr-ass\" aria-invalid=\"false\" value=\"\" type=\"text\" name=\"telnr-ass\" \/><\/span>\n<\/p>\n<p><label for=\"mail-ass\">Adresse \u00e9lectronique *<\/label><span class=\"wpcf7-form-control-wrap\" data-name=\"mail-ass\"><input size=\"40\" class=\"wpcf7-form-control wpcf7-text input\" id=\"mail-ass\" aria-invalid=\"false\" value=\"\" type=\"text\" name=\"mail-ass\" \/><\/span>\n<\/p>\n<p><label for=\"polis-ass\">Num\u00e9ro de police *<\/label><span class=\"wpcf7-form-control-wrap\" data-name=\"polis-ass\"><input size=\"40\" class=\"wpcf7-form-control wpcf7-text input\" id=\"polis-ass\" aria-invalid=\"false\" value=\"\" type=\"text\" name=\"polis-ass\" \/><\/span>\n<\/p>\n<hr \/>\n<h3>Informations concernant le sinistre\n<\/h3>\n<section class=\"wrapper\">\n\t<p><strong><label for=\"aanrijdingsform\">Est-ce que vous avez rempli le constat Europ\u00e9en d'accident?<\/label><\/strong><span class=\"wpcf7-form-control-wrap\" data-name=\"aanrijdingsform\"><span class=\"wpcf7-form-control wpcf7-checkbox\" id=\"aanrijdingsform\"><span class=\"wpcf7-list-item first\"><input type=\"checkbox\" name=\"aanrijdingsform[]\" value=\"oui\" \/><span class=\"wpcf7-list-item-label\">oui<\/span><\/span><span class=\"wpcf7-list-item last\"><input type=\"checkbox\" name=\"aanrijdingsform[]\" value=\"non\" \/><span class=\"wpcf7-list-item-label\">non<\/span><\/span><\/span><\/span>\n\t<\/p>\n\t<p><strong>Si oui, veuillez le t\u00e9l\u00e9chargez:<\/strong><br \/>\n<span class=\"uploadform\"><br \/>\n<label>Recto:<\/label> <span class=\"wpcf7-form-control-wrap\" data-name=\"aanrijdingsformulier-vk\"><input size=\"40\" class=\"wpcf7-form-control wpcf7-file\" accept=\"audio\/*,video\/*,image\/*\" aria-invalid=\"false\" type=\"file\" name=\"aanrijdingsformulier-vk\" \/><\/span><br \/>\n<label>Verso:<\/label> <span class=\"wpcf7-form-control-wrap\" data-name=\"aanrijdingsformulier-ak\"><input size=\"40\" class=\"wpcf7-form-control wpcf7-file\" accept=\"audio\/*,video\/*,image\/*\" aria-invalid=\"false\" type=\"file\" name=\"aanrijdingsformulier-ak\" \/><\/span><\/span>\n\t<\/p>\n<\/section>\n<hr \/>\n<h3>Information suppl\u00e9mentaire\n<\/h3>\n<section class=\"wrapper\">\n\t<p><strong><label for=\"inrecht\">Est-ce que vous pensez que vous \u00eates en droit?<\/label><\/strong><span class=\"wpcf7-form-control-wrap\" data-name=\"inrecht\"><span class=\"wpcf7-form-control wpcf7-checkbox\" id=\"inrecht\"><span class=\"wpcf7-list-item first\"><input type=\"checkbox\" name=\"inrecht[]\" value=\"Oui\" \/><span class=\"wpcf7-list-item-label\">Oui<\/span><\/span><span class=\"wpcf7-list-item\"><input type=\"checkbox\" name=\"inrecht[]\" value=\"Non\" \/><span class=\"wpcf7-list-item-label\">Non<\/span><\/span><span class=\"wpcf7-list-item last\"><input type=\"checkbox\" name=\"inrecht[]\" value=\"Aucune id\u00e9e\" \/><span class=\"wpcf7-list-item-label\">Aucune id\u00e9e<\/span><\/span><\/span><\/span>\n\t<\/p>\n\t<p><strong><label for=\"omniumverzekering\">Avez-vous une assurance omnium?<\/label><\/strong><span class=\"wpcf7-form-control-wrap\" data-name=\"omniumverzekering\"><span class=\"wpcf7-form-control wpcf7-checkbox\" id=\"omniumverzekering\"><span class=\"wpcf7-list-item first\"><input type=\"checkbox\" name=\"omniumverzekering[]\" value=\"Oui\" \/><span class=\"wpcf7-list-item-label\">Oui<\/span><\/span><span class=\"wpcf7-list-item last\"><input type=\"checkbox\" name=\"omniumverzekering[]\" value=\"Non\" \/><span class=\"wpcf7-list-item-label\">Non<\/span><\/span><\/span><\/span>\n\t<\/p>\n\t<p><strong><label for=\"btwformulier\">Veuillez compl\u00e9ter le formulaire de la TVA enti\u00e8rement et le t\u00e9l\u00e9charger \u00e9galement.<\/label><\/strong><span class=\"wpcf7-form-control-wrap\" data-name=\"btwformulier\"><input size=\"40\" class=\"wpcf7-form-control wpcf7-file\" id=\"btwformulier\" accept=\"audio\/*,video\/*,image\/*\" aria-invalid=\"false\" type=\"file\" name=\"btwformulier\" \/><\/span>\n\t<\/p>\n<\/section>\n<hr \/>\n<h3>Remarques\n<\/h3>\n<section class=\"wrapper\">\n\t<p><span class=\"wpcf7-form-control-wrap\" data-name=\"opmerkingen\"><textarea cols=\"40\" rows=\"10\" class=\"wpcf7-form-control wpcf7-textarea input\" id=\"opmerkingen\" aria-invalid=\"false\" name=\"opmerkingen\"><\/textarea><\/span>\n\t<\/p>\n\t<p>Code anti-spam\n\t<\/p>\n\t<p><input type=\"hidden\" name=\"_wpcf7_captcha_challenge_captcha\" value=\"1679244606\" \/><img loading=\"lazy\" decoding=\"async\" class=\"wpcf7-form-control wpcf7-captchac wpcf7-captcha-captcha\" width=\"72\" height=\"24\" alt=\"captcha\" src=\"https:\/\/insuportaal.crmtest.be\/optimainsurancegroup\/wp-content\/uploads\/sites\/41\/wpcf7_captcha\/1679244606.png\" \/>\n\t<\/p>\n\t<p><span class=\"wpcf7-form-control-wrap\" data-name=\"captcha\"><input size=\"40\" class=\"wpcf7-form-control wpcf7-captchar input\" autocomplete=\"off\" aria-invalid=\"false\" value=\"\" type=\"text\" name=\"captcha\" \/><\/span>\n\t<\/p>\n\t<p><button type=\"submit\" class=\"btn btn-action\">Envoyer la d\u00e9claration de sinistre<\/button>\n\t<\/p>\n<\/section><div class=\"wpcf7-response-output\" aria-hidden=\"true\"><\/div>\n<\/form>\n<\/div>\n\n","protected":false},"excerpt":{"rendered":"","protected":false},"author":1,"featured_media":0,"parent":1633,"menu_order":0,"comment_status":"closed","ping_status":"closed","template":"page-empty.php","meta":{"footnotes":""},"class_list":["post-1636","page","type-page","status-publish","hentry"],"yoast_head":"<!-- This site is optimized with the Yoast SEO plugin v21.8 - https:\/\/yoast.com\/wordpress\/plugins\/seo\/ -->\n<title>Dommages de voitures - Optimum insurance group<\/title>\n<meta name=\"description\" content=\"Optimum Insurance biedt verzekeringen en financi\u00eble producten op maat aan voor particulieren en professionelen.\" \/>\n<meta name=\"robots\" content=\"index, follow, max-snippet:-1, max-image-preview:large, max-video-preview:-1\" \/>\n<link rel=\"canonical\" href=\"https:\/\/optimuminsurancegroup.be\/fr\/sinistres\/indiquer-sinistres-en-ligne\/sinistres-auto\/\" \/>\n<meta property=\"og:locale\" content=\"fr_FR\" \/>\n<meta property=\"og:type\" content=\"article\" \/>\n<meta property=\"og:title\" content=\"Dommages de voitures - Optimum insurance group\" \/>\n<meta property=\"og:description\" content=\"Optimum Insurance biedt verzekeringen en financi\u00eble producten op maat aan voor particulieren en professionelen.\" \/>\n<meta property=\"og:url\" content=\"https:\/\/optimuminsurancegroup.be\/fr\/sinistres\/indiquer-sinistres-en-ligne\/sinistres-auto\/\" \/>\n<meta property=\"og:site_name\" content=\"Optimum insurance group\" \/>\n<meta property=\"article:modified_time\" content=\"2015-06-05T08:01:11+00:00\" \/>\n<script type=\"application\/ld+json\" class=\"yoast-schema-graph\">{\"@context\":\"https:\/\/schema.org\",\"@graph\":[{\"@type\":\"WebPage\",\"@id\":\"https:\/\/optimuminsurancegroup.be\/fr\/sinistres\/indiquer-sinistres-en-ligne\/sinistres-auto\/\",\"url\":\"https:\/\/optimuminsurancegroup.be\/fr\/sinistres\/indiquer-sinistres-en-ligne\/sinistres-auto\/\",\"name\":\"Dommages de voitures - Optimum insurance group\",\"isPartOf\":{\"@id\":\"https:\/\/optimuminsurancegroup.be\/nl\/#website\"},\"datePublished\":\"2014-07-11T09:39:25+00:00\",\"dateModified\":\"2015-06-05T08:01:11+00:00\",\"description\":\"Optimum Insurance biedt verzekeringen en financi\u00eble producten op maat aan voor particulieren en professionelen.\",\"breadcrumb\":{\"@id\":\"https:\/\/optimuminsurancegroup.be\/fr\/sinistres\/indiquer-sinistres-en-ligne\/sinistres-auto\/#breadcrumb\"},\"inLanguage\":\"fr-FR\",\"potentialAction\":[{\"@type\":\"ReadAction\",\"target\":[\"https:\/\/optimuminsurancegroup.be\/fr\/sinistres\/indiquer-sinistres-en-ligne\/sinistres-auto\/\"]}]},{\"@type\":\"BreadcrumbList\",\"@id\":\"https:\/\/optimuminsurancegroup.be\/fr\/sinistres\/indiquer-sinistres-en-ligne\/sinistres-auto\/#breadcrumb\",\"itemListElement\":[{\"@type\":\"ListItem\",\"position\":1,\"name\":\"Home\",\"item\":\"https:\/\/optimuminsurancegroup.be\/fr\/\"},{\"@type\":\"ListItem\",\"position\":2,\"name\":\"Sinistre\",\"item\":\"https:\/\/optimuminsurancegroup.be\/fr\/sinistres\/\"},{\"@type\":\"ListItem\",\"position\":3,\"name\":\"D\u00e9clarer des dommages en ligne\",\"item\":\"https:\/\/optimuminsurancegroup.be\/fr\/sinistres\/indiquer-sinistres-en-ligne\/\"},{\"@type\":\"ListItem\",\"position\":4,\"name\":\"Dommages de voitures\"}]},{\"@type\":\"WebSite\",\"@id\":\"https:\/\/optimuminsurancegroup.be\/nl\/#website\",\"url\":\"https:\/\/optimuminsurancegroup.be\/nl\/\",\"name\":\"Optimum insurance group\",\"description\":\"Toutes les assurances \u00e0 un prix correct!\",\"potentialAction\":[{\"@type\":\"SearchAction\",\"target\":{\"@type\":\"EntryPoint\",\"urlTemplate\":\"https:\/\/optimuminsurancegroup.be\/nl\/?s={search_term_string}\"},\"query-input\":\"required name=search_term_string\"}],\"inLanguage\":\"fr-FR\"}]}<\/script>\n<!-- \/ Yoast SEO plugin. -->","yoast_head_json":{"title":"Dommages de voitures - Optimum insurance group","description":"Optimum Insurance biedt verzekeringen en financi\u00eble producten op maat aan voor particulieren en professionelen.","robots":{"index":"index","follow":"follow","max-snippet":"max-snippet:-1","max-image-preview":"max-image-preview:large","max-video-preview":"max-video-preview:-1"},"canonical":"https:\/\/optimuminsurancegroup.be\/fr\/sinistres\/indiquer-sinistres-en-ligne\/sinistres-auto\/","og_locale":"fr_FR","og_type":"article","og_title":"Dommages de voitures - Optimum insurance group","og_description":"Optimum Insurance biedt verzekeringen en financi\u00eble producten op maat aan voor particulieren en professionelen.","og_url":"https:\/\/optimuminsurancegroup.be\/fr\/sinistres\/indiquer-sinistres-en-ligne\/sinistres-auto\/","og_site_name":"Optimum insurance group","article_modified_time":"2015-06-05T08:01:11+00:00","schema":{"@context":"https:\/\/schema.org","@graph":[{"@type":"WebPage","@id":"https:\/\/optimuminsurancegroup.be\/fr\/sinistres\/indiquer-sinistres-en-ligne\/sinistres-auto\/","url":"https:\/\/optimuminsurancegroup.be\/fr\/sinistres\/indiquer-sinistres-en-ligne\/sinistres-auto\/","name":"Dommages de voitures - Optimum insurance group","isPartOf":{"@id":"https:\/\/optimuminsurancegroup.be\/nl\/#website"},"datePublished":"2014-07-11T09:39:25+00:00","dateModified":"2015-06-05T08:01:11+00:00","description":"Optimum Insurance biedt verzekeringen en financi\u00eble producten op maat aan voor particulieren en professionelen.","breadcrumb":{"@id":"https:\/\/optimuminsurancegroup.be\/fr\/sinistres\/indiquer-sinistres-en-ligne\/sinistres-auto\/#breadcrumb"},"inLanguage":"fr-FR","potentialAction":[{"@type":"ReadAction","target":["https:\/\/optimuminsurancegroup.be\/fr\/sinistres\/indiquer-sinistres-en-ligne\/sinistres-auto\/"]}]},{"@type":"BreadcrumbList","@id":"https:\/\/optimuminsurancegroup.be\/fr\/sinistres\/indiquer-sinistres-en-ligne\/sinistres-auto\/#breadcrumb","itemListElement":[{"@type":"ListItem","position":1,"name":"Home","item":"https:\/\/optimuminsurancegroup.be\/fr\/"},{"@type":"ListItem","position":2,"name":"Sinistre","item":"https:\/\/optimuminsurancegroup.be\/fr\/sinistres\/"},{"@type":"ListItem","position":3,"name":"D\u00e9clarer des dommages en ligne","item":"https:\/\/optimuminsurancegroup.be\/fr\/sinistres\/indiquer-sinistres-en-ligne\/"},{"@type":"ListItem","position":4,"name":"Dommages de voitures"}]},{"@type":"WebSite","@id":"https:\/\/optimuminsurancegroup.be\/nl\/#website","url":"https:\/\/optimuminsurancegroup.be\/nl\/","name":"Optimum insurance group","description":"Toutes les assurances \u00e0 un prix correct!","potentialAction":[{"@type":"SearchAction","target":{"@type":"EntryPoint","urlTemplate":"https:\/\/optimuminsurancegroup.be\/nl\/?s={search_term_string}"},"query-input":"required name=search_term_string"}],"inLanguage":"fr-FR"}]}},"_links":{"self":[{"href":"https:\/\/optimuminsurancegroup.be\/fr\/wp-json\/wp\/v2\/pages\/1636","targetHints":{"allow":["GET"]}}],"collection":[{"href":"https:\/\/optimuminsurancegroup.be\/fr\/wp-json\/wp\/v2\/pages"}],"about":[{"href":"https:\/\/optimuminsurancegroup.be\/fr\/wp-json\/wp\/v2\/types\/page"}],"author":[{"embeddable":true,"href":"https:\/\/optimuminsurancegroup.be\/fr\/wp-json\/wp\/v2\/users\/1"}],"replies":[{"embeddable":true,"href":"https:\/\/optimuminsurancegroup.be\/fr\/wp-json\/wp\/v2\/comments?post=1636"}],"version-history":[{"count":1,"href":"https:\/\/optimuminsurancegroup.be\/fr\/wp-json\/wp\/v2\/pages\/1636\/revisions"}],"predecessor-version":[{"id":1637,"href":"https:\/\/optimuminsurancegroup.be\/fr\/wp-json\/wp\/v2\/pages\/1636\/revisions\/1637"}],"up":[{"embeddable":true,"href":"https:\/\/optimuminsurancegroup.be\/fr\/wp-json\/wp\/v2\/pages\/1633"}],"wp:attachment":[{"href":"https:\/\/optimuminsurancegroup.be\/fr\/wp-json\/wp\/v2\/media?parent=1636"}],"curies":[{"name":"wp","href":"https:\/\/api.w.org\/{rel}","templated":true}]}}